{"id":7,"date":"2021-11-17T15:10:58","date_gmt":"2021-11-17T13:10:58","guid":{"rendered":"https:\/\/verkkokauppa.lahti.fi\/wordpress\/museokauppa\/toimitusehdot\/"},"modified":"2025-12-05T11:21:55","modified_gmt":"2025-12-05T09:21:55","slug":"toimitusehdot","status":"publish","type":"page","link":"https:\/\/verkkokauppa.lahti.fi\/museokauppa\/toimitusehdot\/","title":{"rendered":"K\u00e4ytt\u00f6- ja toimitusehdot"},"content":{"rendered":"\n<p>Verkkokaupan tuotteita myy Lahden kaupunki (y-tunnus 0149669-3).<\/p>\n\n\n\n<h2 class=\"wp-block-heading\">1. Rekister\u00f6ityminen ja henkil\u00f6tiedot<\/h2>\n\n\n\n<p>Verkkokaupasta tilaaminen ei edellyt\u00e4 rekister\u00f6itymist\u00e4. Rekister\u00f6itym\u00e4ll\u00e4 verkkokauppaan voit tehd\u00e4 ostoksesi jatkossa nopeammin ja tarkastella tekemi\u00e4si tilauksia. K\u00e4ytt\u00e4j\u00e4tunnuksena toimii rekister\u00f6innin yhteydess\u00e4 annettu s\u00e4hk\u00f6postiosoite, salasanan Asiakas m\u00e4\u00e4ritt\u00e4\u00e4 rekister\u00f6itymisen yhteydess\u00e4. K\u00e4ytt\u00e4j\u00e4tunnus ja salasana ovat henkil\u00f6kohtaisia. Asiakas vastaa k\u00e4ytt\u00e4j\u00e4tunnuksensa ja salasanansa huolellisesta s\u00e4ilytt\u00e4misest\u00e4 ja siit\u00e4, etteiv\u00e4t ne p\u00e4\u00e4dy ulkopuolisten tietoon tai haltuun. Asiakas vastaa kaikesta k\u00e4ytt\u00e4j\u00e4tunnuksellaan ja salasanallaan tapahtuvasta k\u00e4yt\u00f6st\u00e4 ja siit\u00e4 mahdollisesti aiheutuvista kustannuksista tai maksuista.<\/p>\n\n\n\n<p>Asiakkaan tulee antaa verkkokaupassa palvelun k\u00e4yt\u00f6n edellytt\u00e4m\u00e4t tarpeelliset tiedot. Lahden kaupungilla on oikeus k\u00e4sitell\u00e4 Asiakkaan henkil\u00f6tietoja EU:n yleisen tietosuoja-asetuksen, tietosuojalain ja muun sovellettavan lains\u00e4\u00e4d\u00e4nn\u00f6n mukaisesti. Asiakkaan tiedot tallennetaan verkkokaupan asiakasrekisteriin<em>. <\/em>Henkil\u00f6tietojen k\u00e4sittely, mm. luovutus ulkopuolisille tahoille on kuvattu Selosteessa k\u00e4sittelytoimista (Tietoturvaseloste).<\/p>\n\n\n\n<h2 class=\"wp-block-heading\">2. Tilaaminen<\/h2>\n\n\n\n<p>Tuotteet tilataan p\u00e4\u00e4s\u00e4\u00e4nt\u00f6isesti internetin v\u00e4lityksell\u00e4 osoitteesta verkkokauppa.lahti.fi tai <a href=\"https:\/\/verkkokauppa.lahti.fi\/museokauppa\/\">verkkokauppa.lahti.fi\/museokauppa\/<\/a> ostoskorin kautta. Kaikki tilaukset vahvistetaan s\u00e4hk\u00f6postilla, jossa ilmoitetaan tilauksen hinta sek\u00e4 tilatut tuotteet. Tilausvahvistuksen saaminen edellytt\u00e4\u00e4 s\u00e4hk\u00f6postiosoitteen ilmoittamista tilauksen yhteydess\u00e4. Asiakas sitoutuu jokaisen tilauksen yhteydess\u00e4 voimassa oleviin verkkokaupan k\u00e4ytt\u00f6- ja toimitusehtoihin sek\u00e4 tilattavaa tuotetta koskeviin erityisehtoihin.<\/p>\n\n\n\n<h2 class=\"wp-block-heading\">3. Maksutavat<\/h2>\n\n\n\n<p>Tuotteet maksetaan tilauksen yhteydess\u00e4. Verkkomaksaminen tapahtuu suojatulla yhteydell\u00e4 Suomi.fi-maksut\/Paytrail -palvelun kautta. Palvelu sis\u00e4lt\u00e4\u00e4 suomalaisten pankkien verkkomaksu-&nbsp;ja korttimaksupalvelun (Visa ja MasterCard).&nbsp;K\u00e4yt\u00f6ss\u00e4 olevat pankit ovat OP, Nordea, Danske Bank, Handelsbanken, S-Pankki, POP-pankki, \u00c5landsbanken, Aktia, S\u00e4\u00e4st\u00f6pankki sek\u00e4 Oma S\u00e4\u00e4st\u00f6pankki.<\/p>\n\n\n\n<h2 class=\"wp-block-heading\">4. Hinnat ja arvonlis\u00e4vero<\/h2>\n\n\n\n<p>Verkkokaupasta tehdyiss\u00e4 tilauksissa voimassa oleva hinta on se, joka on esill\u00e4 verkkokaupan hinnastossa tilaushetkell\u00e4. Verkkokaupan hinnat voivat osin poiketa muiden myyntipisteiden hinnoista. Tilauksen loppusummaan lis\u00e4t\u00e4\u00e4n mahdolliset k\u00e4sittely- ja toimituskulut. Oikeus hinnanmuutoksiin pid\u00e4tet\u00e4\u00e4n. Kaikki hinnat on merkitty euroina (EUR). Lahden kaupungin verkkokaupassa n\u00e4kyv\u00e4t tuotehinnat sis\u00e4lt\u00e4v\u00e4t kulloinkin voimassa olevan arvonlis\u00e4veron.<\/p>\n\n\n\n<h2 class=\"wp-block-heading\">5. Tapahtumiin ilmoittautumis- ja p\u00e4\u00e4sylipputuotteet&nbsp;<\/h2>\n\n\n\n<h4 class=\"wp-block-heading\">Ilmoittautuminen nuorisopalveluiden leireille, retkille, kursseille ja tapahtumiin<\/h4>\n\n\n\n<p>Paikat nuorisopalveluiden leireille, retkille, kursseille ja tapahtumiin ostetaan ennakkoon Lahden kaupungin verkkokaupasta. Verkkokaupan kautta ilmoittaudutaan my\u00f6s sellaisiin maksuttomiin toimintoihin, joiden osallistujam\u00e4\u00e4r\u00e4 on rajallinen. Paikat kaikkiin tilaisuuksiin t\u00e4ytet\u00e4\u00e4n ilmoittautumisj\u00e4rjestyksess\u00e4.<\/p>\n\n\n\n<p>Ilmoittautuminen on sitova. Ostetun osallistumisen muuttamisesta tai perumisesta on aina sovittava erikseen. Peruutustapauksissa maksu palautetaan vain sairastapauksessa. Sairastapaus todennetaan l\u00e4\u00e4k\u00e4rin tai hoitajan antamalla todistuksella. Pyyd\u00e4mme asiakasta ottamaan kaikissa muutos- ja peruutustilanteissa yhteytt\u00e4 siihen yhteyshenkil\u00f6\u00f6n tai toiminnan vastuuhenkil\u00f6\u00f6n, jonka tiedot on mainittu tapahtuman yhteydess\u00e4. Yhteyshenkil\u00f6iden tiedot l\u00f6ytyv\u00e4t my\u00f6s&nbsp;Lahden kaupungin verkkosivuilta.<\/p>\n\n\n\n<p>Lahden&nbsp;kaupunki voi peruuttaa toiminnan osallistujam\u00e4\u00e4r\u00e4n j\u00e4\u00e4dess\u00e4 alle m\u00e4\u00e4ritellyn minimiosallistujam\u00e4\u00e4r\u00e4n. Toiminnan peruuntuessa tuotteen ostaneeseen henkil\u00f6\u00f6n otetaan yhteytt\u00e4&nbsp;Lahden kaupungin toimesta. Maksettu osallistumismaksu palautetaan asiakkaan ilmoittamalle tilille.&nbsp;Lahden kaupungilla ei ole velvollisuutta tarjota vastaavaa toimintaa peruuntuneen tilalle<\/p>\n\n\n\n<h4 class=\"wp-block-heading\">Lahden Nuorisoteatterin ja Lahden Kes\u00e4n\u00e4ytt\u00e4m\u00f6n esitysten p\u00e4\u00e4syliput<\/h4>\n\n\n\n<p>Liput on maksettava kokonaan etuk\u00e4teen varauksen teon yhteydess\u00e4. Tilausvahvistus toimitetaan asiakkaan antamaan s\u00e4hk\u00f6postiosoitteeseen. Tilausvahvistus toimii p\u00e4\u00e4sylippuna ja tulee esitt\u00e4\u00e4 esitykseen saavuttaessa lipunmyyntipisteess\u00e4 joko tulostettuna tai puhelimen\/ muun mobiililaitteen n\u00e4yt\u00f6lt\u00e4.<\/p>\n\n\n\n<p>Lahden Nuorisoteatterin ja Lahden Kes\u00e4n\u00e4ytt\u00e4m\u00f6n ennakkoon ostetuilla p\u00e4\u00e4sylipuilla ei ole palautusoikeutta. Ostetun p\u00e4\u00e4sylipun vaihtamisesta on aina sovittava erikseen. Asiakkaan tulee ottaa yhteytt\u00e4 siihen yhteyshenkil\u00f6\u00f6n tai toiminnan vastuuhenkil\u00f6\u00f6n, jonka tiedot on mainittu tapahtuman yhteydess\u00e4.<\/p>\n\n\n\n<p>Toiminnan peruuntuessa Lahden kaupunki ottaa yhteyden lipun ostaneeseen henkil\u00f6\u00f6n ilmoitetuilla yhteystiedoilla. Maksettu suoritus palautetaan asiakkaan ilmoittamalle tilille. Lahden kaupungilla ei ole velvollisuutta tarjota vastaavaa toimintaa peruuntuneen tilalle.<\/p>\n\n\n\n<h4 class=\"wp-block-heading\">Lahden museoiden lipputuotteet, opastukset ja tapahtumat<\/h4>\n\n\n\n<p>Liput on maksettava kokonaan etuk\u00e4teen varauksen teon yhteydess\u00e4. Tilausvahvistus toimitetaan asiakkaan antamaan s\u00e4hk\u00f6postiosoitteeseen. Tilausvahvistus toimii p\u00e4\u00e4sylippuna ja tulee esitt\u00e4\u00e4 museolle saavuttaessa lipunmyyntipisteess\u00e4, joko tulostettuna tai puhelimen\/muun mobiililaitteen n\u00e4yt\u00f6lt\u00e4.<\/p>\n\n\n\n<p>Lahden museoiden ennakkoon ostetuilla p\u00e4\u00e4sylipuilla tai ty\u00f6pajojen osallistumismaksuilla ei ole palautus- eik\u00e4 vaihto-oikeutta. Jos Lahden museot ei pysty ylivoimaisen esteen (force majeure) takia tarjoamaan asiakkaan ostamaa palvelua, Lahden museoilla on oikeus perua ennakkoon ostetut liput. Lahden museoiden peruuttaessa tilaisuuden tai tapahtuman asiakkaasta riippumattomista syist\u00e4 maksu palautetaan asiakkaalle kokonaisuudessaan.<\/p>\n\n\n\n<p>Asiakkaalla on mahdollisuus vaihtaa p\u00e4\u00e4sylippuun merkitty\u00e4 vierailup\u00e4iv\u00e4\u00e4 ottamalla yhteytt\u00e4 kyseisen museon lipunmyyntipisteeseen viimeist\u00e4\u00e4n yht\u00e4 vuorokautta ennen varattua vierailua. Vaihto on mahdollinen vain, jos lippuja\/paikkoja on vapaana.<\/p>\n\n\n\n<p>Lahden museoiden opastusten varaus on peruttavissa ilman kuluja 3 vuorokautta ennen varattua aikaa. T\u00e4m\u00e4n j\u00e4lkeen tehdyist\u00e4 muutoksista Lahden museot veloittaa 50 % varauksen loppusummasta. Perumatta j\u00e4tetyst\u00e4 opastuksesta Lahden museot veloittaa t\u00e4yden hinnan. Muutokset ja peruutukset tulee tehd\u00e4 s\u00e4hk\u00f6postitse tai soittamalla kyseisen museon asiakaspalveluun. Yhteystiedot l\u00f6ytyv\u00e4t tilausvahvistuksesta ja Lahden museoiden verkkosivuilta.<\/p>\n\n\n\n<h2 class=\"wp-block-heading\">6. Lahden museoiden verkkokaupan tuotteiden toimitukset ja palautukset<\/h2>\n\n\n\n<p>Lahden museot postittaa tuotteita kerran viikossa. Poikkeavista toimitusajoista tiedotetaan erikseen. Asiakas saa tuotteen l\u00e4hett\u00e4misest\u00e4 ilmoituksen s\u00e4hk\u00f6postilla<\/p>\n\n\n\n<p>Tuotteet toimitetaan postitse asiakkaan tilauksen yhteydess\u00e4 valitsemaan Postin noutopisteeseen<strong>.<\/strong> Lahden museot ei vastaa, mik\u00e4li Posti toimittaa paketin johonkin toiseen pakettiautomaattiin tai toimipaikkaan.<\/p>\n\n\n\n<p>Toimituskulut m\u00e4\u00e4r\u00e4ytyv\u00e4t tilauksen sis\u00e4ll\u00f6n, painon, sek\u00e4 toimitustavan mukaan ja ne n\u00e4kyv\u00e4t toimitustavan valinnan j\u00e4lkeen ostoskorissa. Toimitus on saatavana my\u00f6s S\u00e4rkyv\u00e4 -pakettina lis\u00e4hinnalla.<\/p>\n\n\n\n<p>Asiakas voi valita toimitustavaksi my\u00f6s noudon. Tuotteen noutopaikka on Hiihtomuseo, Salpaussel\u00e4nkatu 8, 15110 Lahti. Tilaus on noudettavissa vasta, kun saat siit\u00e4 erillisen viestin.<\/p>\n\n\n\n<p>Jos toimitus ei vastaa tilausta tai toimituksessa ilmenee kuljetus- tai muu vaurio, tulee asiasta tehd\u00e4 v\u00e4litt\u00f6m\u00e4sti huomautus Lahden museoille. Huomautus on teht\u00e4v\u00e4 seitsem\u00e4n p\u00e4iv\u00e4n kuluessa tilauksen saapumisesta tai vastaanottamisesta.<\/p>\n\n\n\n<p>Asiakkaalla on Suomen kuluttajansuojalain mukainen 14 p\u00e4iv\u00e4n vaihto- ja palautusoikeus. Lahden museot ei vastaanota palautuksia yli 14 vrk kuluttua toimituksesta. Palautettavan tuotteen ja alkuper\u00e4isen tuotepakkauksen tulee olla samassa kunnossa kuin sit\u00e4 vastaanotettaessa. Kaikki palautuksesta aiheutuvat kustannukset maksaa palauttaja, ellei toimituksessa ole selke\u00e4\u00e4 toimittajasta johtuvaa virhett\u00e4. Noutamatta j\u00e4tetyn paketin uudelleen l\u00e4hett\u00e4misest\u00e4 veloitamme uudet postituskulut.<\/p>\n\n\n\n<p>Liit\u00e4 palautuksen mukaan seuraavat tiedot: asiakasnumerosi, nimesi, osoitteesi, puhelinnumerosi ja pankkitilinumerosi sek\u00e4 kopio tilausvahvistuksesta. Tuotteiden palautuksista on aina sovittava erikseen Lahden museoiden kanssa, ennen tuotteen palauttamista.<\/p>\n\n\n\n<p><strong><u>Palautusosoite ja yhteystiedot<\/u><\/strong><\/p>\n\n\n\n<p>Lahden museot:<\/p>\n\n\n\n<p>Hiihtomuseo\/Salpaussel\u00e4nkatu 8, 15110 Lahti<\/p>\n\n\n\n<p><a href=\"mailto:etunimi.sukunimi@lahti.fi\">etunimi.sukunimi@lahti.fi<\/a><\/p>\n\n\n\n<p><a href=\"mailto:museokauppa@lahti.fi\">museokauppa@lahti.fi<\/a><\/p>\n\n\n\n<h2 class=\"wp-block-heading\">7. Uimahallin asiakaskortin lataaminen<\/h2>\n\n\n\n<p>Lataamiseen tarvitaan uimahallin asiakaskortin numero ja pin-koodi.<\/p>\n\n\n\n<p>Lipputuotteet latautuvat asiakaskorteille heti maksamisen j\u00e4lkeen. Ladattuja tuotteita ei palauteta. Asiakaskortit toimivat kaikissa Lahden uimahalleissa ja kes\u00e4ll\u00e4 Maauimalassa.<\/p>\n\n\n\n<h2 class=\"wp-block-heading\">8. Palvelun yll\u00e4pito, k\u00e4ytett\u00e4vyys ja virhetilanteet<\/h2>\n\n\n\n<p>Lahden kaupunki tekee parhaansa, ett\u00e4 verkkokaupan toiminta olisi virheet\u00f6nt\u00e4 ja keskeytym\u00e4t\u00f6nt\u00e4. Lahden kaupungilla on oikeus keskeytt\u00e4\u00e4 verkkokauppa sen muutoksen, uudistuksen tai verkkokauppaan liittyv\u00e4n teknisen syyn vuoksi tai tietoliikenneverkon kunnostus-, asennus- tai huoltoty\u00f6n tai muun sen kaltaisen syyn vuoksi tai mik\u00e4li lains\u00e4\u00e4d\u00e4nt\u00f6 tai muu viranomaism\u00e4\u00e4r\u00e4ys sit\u00e4 edellytt\u00e4\u00e4. Katkokset pyrit\u00e4\u00e4n ajoittamaan niin, ettei niist\u00e4 aiheudu Asiakkaalle kohtuutonta haittaa.<\/p>\n\n\n\n<p>Lahden kaupunki ei vastaa virheist\u00e4, jotka johtuvat kolmannen osapuolen tarjoamien tietoliikenneyhteyksien tai muiden tietoliikenteeseen liittyvien palveluiden keskeytyksest\u00e4 tai n\u00e4iss\u00e4 palveluissa olevista virheist\u00e4. Lahden kaupunki ei my\u00f6sk\u00e4\u00e4n vastaa virheist\u00e4, jotka johtuvat siit\u00e4, ett\u00e4 Asiakas k\u00e4ytt\u00e4\u00e4 verkkokauppaa ohjeiden tai m\u00e4\u00e4r\u00e4ysten vastaisesti tai jotka ovat muuten Asiakkaan aiheuttamia.<\/p>\n\n\n\n<h2 class=\"wp-block-heading\">9. Tietoturva<\/h2>\n\n\n\n<p>Verkkokauppa on suojattu k\u00e4ytt\u00e4m\u00e4ll\u00e4 SSL-protokollaa. Asiakas vastaa omien laitteidensa ja tietoj\u00e4rjestelmiens\u00e4 tietoturvan asianmukaisesta hoitamisesta. Lahden kaupunki s\u00e4ilytt\u00e4\u00e4 kaikki Asiakasta koskevat tai&nbsp;h\u00e4nen l\u00e4hett\u00e4m\u00e4ns\u00e4 tiedot luottamuksellisina. Lahden kaupunki j\u00e4rjest\u00e4\u00e4 verkkokauppansa tietoturvan yleisesti hyv\u00e4ksytt\u00e4v\u00e4ll\u00e4 tavalla ja tehokkaasti ja pyrkii asianmukaisin teknisin ratkaisuin est\u00e4m\u00e4\u00e4n asiattomien p\u00e4\u00e4syn tietoj\u00e4rjestelmiins\u00e4.<\/p>\n\n\n\n<h2 class=\"wp-block-heading\">10. Laitteet, ohjelmisto ja yhteydet<\/h2>\n\n\n\n<p>Asiakas vastaa itse verkkokaupan k\u00e4ytt\u00e4misen edellytt\u00e4mien laitteiden, ohjelmistojen ja verkkoyhteyksien hankkimisesta, toimivuudesta ja niiden aiheuttamista kustannuksista. Ne eiv\u00e4t saa aiheuttaa h\u00e4iri\u00f6t\u00e4 tai muuta haittaa verkkokaupalle tai muille verkon k\u00e4ytt\u00e4jille.<\/p>\n\n\n\n<h2 class=\"wp-block-heading\">11. Vahingonkorvausvastuu<\/h2>\n\n\n\n<p>Lahden kaupunki vastaa Asiakkaalle ainoastaan niist\u00e4 v\u00e4litt\u00f6mist\u00e4 vahingoista, joita se on tuottamuksellisesti aiheuttanut sopimusta rikkomalla. Jos voidaan todeta, ett\u00e4 kyseess\u00e4 on Lahden kaupungin virhe, Asiakkaalle voidaan korvata Asiakkaalta verkkokaupassa aiheettomasti perityt kustannukset.<\/p>\n\n\n\n<p>Lahden kaupunki ei ole velvollinen suorittamaan vahingonkorvausta eik\u00e4 muita v\u00e4lillisi\u00e4 tai v\u00e4litt\u00f6mi\u00e4 korvauksia tai hyvityksi\u00e4, jotka johtuvat kappaleessa 8 mainituista h\u00e4iri\u00f6ist\u00e4 tai virheist\u00e4.<\/p>\n\n\n\n<h2 class=\"wp-block-heading\">12. Ylivoimainen este<\/h2>\n\n\n\n<p>Ylivoimainen este (force majeure) vapauttaa Lahden kaupungin verkkokauppaan liittyvist\u00e4 velvoitteista, mik\u00e4li se est\u00e4\u00e4 verkkokauppaan liittyv\u00e4n suorituksen tai kohtuuttomasti haittaa sit\u00e4. Ylivoimaisena esteen\u00e4 pidet\u00e4\u00e4n sotatilaa, pandemiaa, tulipaloa, maanj\u00e4ristyst\u00e4, tulvaa, r\u00e4j\u00e4hdyst\u00e4, lakkoa tai muuta ty\u00f6nseisausta, viranomaisen m\u00e4\u00e4r\u00e4yst\u00e4, energian toimituksessa esiintyvi\u00e4 h\u00e4iri\u00f6t\u00e4, raaka-aine- tai tarvikepulaa, ulkopuolisen aiheuttamaa tai ulkopuolisesta johtuvaa kaapeli- tai muu tietoliikenneh\u00e4iri\u00f6t\u00e4 tai muuta sen kaltaista syyt\u00e4, joka ei ole ollut tiedossa ja johon ei ole kohtuudella voitu varautua ennalta. Lahden kaupunki ilmoittaa ylivoimaisesta esteest\u00e4 verkkokaupan sivuilla heti sen j\u00e4lkeen, kun se on ilmennyt, mik\u00e4li ilmoittaminen on mahdollista.<\/p>\n\n\n\n<h2 class=\"wp-block-heading\">13. K\u00e4ytt\u00f6- ja toimitusehtojen muuttaminen<\/h2>\n\n\n\n<p>Lahden kaupunki on oikeutettu muuttamaan n\u00e4it\u00e4 verkkokaupan k\u00e4ytt\u00f6- ja toimitusehtoja ilmoittamalla muutoksista verkkokaupassa hyviss\u00e4 ajoin ennen muutosten voimaantuloa.<\/p>\n\n\n\n<h2 class=\"wp-block-heading\">14. Erimielisyyksien ratkaisu<\/h2>\n\n\n\n<p>T\u00e4t\u00e4 sopimusta koskevat riitaisuudet ratkaistaan P\u00e4ij\u00e4t-H\u00e4meen k\u00e4r\u00e4j\u00e4oikeudessa Suomen lain mukaan. Kuluttaja voi nostaa aina kanteen ja olla vastaajana oman asuinpaikkansa alioikeudessa.<\/p>\n","protected":false},"excerpt":{"rendered":"<p>Verkkokaupan tuotteita myy Lahden kaupunki (y-tunnus 0149669-3). 1. Rekister\u00f6ityminen ja henkil\u00f6tiedot Verkkokaupasta tilaaminen ei edellyt\u00e4 rekister\u00f6itymist\u00e4. Rekister\u00f6itym\u00e4ll\u00e4 verkkokauppaan voit tehd\u00e4 ostoksesi jatkossa nopeammin ja tarkastella tekemi\u00e4si tilauksia. K\u00e4ytt\u00e4j\u00e4tunnuksena toimii rekister\u00f6innin yhteydess\u00e4 annettu s\u00e4hk\u00f6postiosoite, salasanan Asiakas m\u00e4\u00e4ritt\u00e4\u00e4 rekister\u00f6itymisen yhteydess\u00e4. K\u00e4ytt\u00e4j\u00e4tunnus ja salasana ovat henkil\u00f6kohtaisia. Asiakas vastaa k\u00e4ytt\u00e4j\u00e4tunnuksensa ja salasanansa huolellisesta s\u00e4ilytt\u00e4misest\u00e4 ja siit\u00e4, etteiv\u00e4t ne p\u00e4\u00e4dy [&hellip;]<\/p>\n","protected":false},"author":1,"featured_media":0,"parent":0,"menu_order":0,"comment_status":"closed","ping_status":"closed","template":"","meta":{"footnotes":""},"class_list":["post-7","page","type-page","status-publish","hentry"],"_links":{"self":[{"href":"https:\/\/verkkokauppa.lahti.fi\/museokauppa\/wp-json\/wp\/v2\/pages\/7","targetHints":{"allow":["GET"]}}],"collection":[{"href":"https:\/\/verkkokauppa.lahti.fi\/museokauppa\/wp-json\/wp\/v2\/pages"}],"about":[{"href":"https:\/\/verkkokauppa.lahti.fi\/museokauppa\/wp-json\/wp\/v2\/types\/page"}],"author":[{"embeddable":true,"href":"https:\/\/verkkokauppa.lahti.fi\/museokauppa\/wp-json\/wp\/v2\/users\/1"}],"replies":[{"embeddable":true,"href":"https:\/\/verkkokauppa.lahti.fi\/museokauppa\/wp-json\/wp\/v2\/comments?post=7"}],"version-history":[{"count":9,"href":"https:\/\/verkkokauppa.lahti.fi\/museokauppa\/wp-json\/wp\/v2\/pages\/7\/revisions"}],"predecessor-version":[{"id":35572,"href":"https:\/\/verkkokauppa.lahti.fi\/museokauppa\/wp-json\/wp\/v2\/pages\/7\/revisions\/35572"}],"wp:attachment":[{"href":"https:\/\/verkkokauppa.lahti.fi\/museokauppa\/wp-json\/wp\/v2\/media?parent=7"}],"curies":[{"name":"wp","href":"https:\/\/api.w.org\/{rel}","templated":true}]}}