{"id":8,"date":"2021-11-17T15:10:58","date_gmt":"2021-11-17T13:10:58","guid":{"rendered":"https:\/\/verkkokauppa.lahti.fi\/wordpress\/museokauppa\/tietosuojaseloste\/"},"modified":"2022-04-13T15:24:01","modified_gmt":"2022-04-13T12:24:01","slug":"tietosuojaseloste","status":"publish","type":"page","link":"https:\/\/verkkokauppa.lahti.fi\/museokauppa\/tietosuojaseloste\/","title":{"rendered":"Tietosuojaseloste \/ Seloste k\u00e4sittelytoimista"},"content":{"rendered":"\n<h2 class=\"wp-block-heading\">Rekisterinpit\u00e4j\u00e4<\/h2>\n\n\n\n<p><strong>Lahden kaupunki<\/strong><\/p>\n\n\n\n<p>PL 202<br>15101 Lahti<br>Y-tunnus 0149669-3<\/p>\n\n\n\n<h2 class=\"wp-block-heading\">Rekisterin nimi ja tarkoitus<\/h2>\n\n\n\n<p>Lahden kaupungin verkkokauppa ja verkkomaksaminen&nbsp;&nbsp;&nbsp;&nbsp;&nbsp;&nbsp;&nbsp;&nbsp;&nbsp;&nbsp;&nbsp;&nbsp;&nbsp;&nbsp;&nbsp;&nbsp;&nbsp;&nbsp;&nbsp;&nbsp;&nbsp;&nbsp;&nbsp;&nbsp;&nbsp;&nbsp;&nbsp;&nbsp;&nbsp;&nbsp;&nbsp;&nbsp;&nbsp;&nbsp;&nbsp;&nbsp;&nbsp;&nbsp;&nbsp;&nbsp;&nbsp;&nbsp;&nbsp;&nbsp;&nbsp;&nbsp;&nbsp;&nbsp;&nbsp;&nbsp;&nbsp;&nbsp;&nbsp;&nbsp;&nbsp;&nbsp;&nbsp;&nbsp;&nbsp;&nbsp;&nbsp;&nbsp;&nbsp;&nbsp;<\/p>\n\n\n\n<h2 class=\"wp-block-heading\">Rekisterin yhteyshenkil\u00f6<\/h2>\n\n\n\n<p>P\u00e4\u00e4suunnittelija Pasi Halme<\/p>\n\n\n\n<p>puhelin: 050 398 5992<\/p>\n\n\n\n<p>s\u00e4hk\u00f6posti: etunimi.sukunimi@lahti.fi<\/p>\n\n\n\n<h2 class=\"wp-block-heading\">Mihin tarkoitukseen henkil\u00f6tietoja k\u00e4sitell\u00e4\u00e4n?<\/h2>\n\n\n\n<p>Lahden kaupungin verkkokaupan kautta asiakas voi ostaa tuotteita tai palveluita ja maksaa ne verkkomaksuina. Verkkomaksuliittymien kautta v\u00e4litet\u00e4\u00e4n eri j\u00e4rjestelmist\u00e4 maksuja verkkomaksupalveluun.<\/p>\n\n\n\n<p>Lahden kaupungin verkkokaupassa henkil\u00f6tietoja ker\u00e4t\u00e4\u00e4n asiakkaan ja\/tai asiakkaan ilmoittaman henkil\u00f6n tunnistamisen, tilausten k\u00e4sittelyn, tuotteiden toimittamisen, maksujen kohdistamisen sek\u00e4 raportoinnin vuoksi.<\/p>\n\n\n\n<p>Tietoja voidaan k\u00e4ytt\u00e4\u00e4 verkkokaupan toiminnan kehitt\u00e4miseen, testaukseen, tilastollisiin tarkoituksiin ja markkinointiin. Henkil\u00f6tietoja k\u00e4sitell\u00e4\u00e4n EU:n yleisen tietosuoja-asetuksen, tietosuojalain sek\u00e4 muun soveltuvan lains\u00e4\u00e4d\u00e4nn\u00f6n ja viranomaisohjeistuksen mukaisesti. Rekisterin tietoja voidaan k\u00e4ytt\u00e4\u00e4 verkkokaupan omissa rekistereiss\u00e4 mainonnan kohdistamiseen, luovuttamatta henkil\u00f6tietoja ulkopuolisille tahoille.<\/p>\n\n\n\n<h2 class=\"wp-block-heading\">Mik\u00e4 on henkil\u00f6tietojen k\u00e4sittelyperuste?<\/h2>\n\n\n\n<p>Sellaisen sopimuksen t\u00e4yt\u00e4nt\u00f6\u00f6n paneminen, jossa rekister\u00f6ity henkil\u00f6 on osapuolena tai sopimuksen tekemist\u00e4 edelt\u00e4vien toimenpiteiden toteuttaminen rekister\u00f6idyn pyynn\u00f6st\u00e4 (EU:n yleinen tietosuoja-asetus 6. artiklan 1.b) -kohta). Sopimus koskee Lahden kaupungin verkkokaupassa ostamista ja maksujen maksamista.<\/p>\n\n\n\n<h2 class=\"wp-block-heading\">Mit\u00e4 henkil\u00f6tietoja ker\u00e4t\u00e4\u00e4n ja k\u00e4sitell\u00e4\u00e4n?<\/h2>\n\n\n\n<p>Mahdollisia rekistereihin tallennettavia henkil\u00f6tietoja ovat:<\/p>\n\n\n\n<p>Yleinen asiakasrekisteri: etunimi, sukunimi, puhelinnumero, postiosoite, s\u00e4hk\u00f6postiosoite, k\u00e4ytt\u00e4j\u00e4tunnus, tilaushistoria<\/p>\n\n\n\n<p>Tilausrekisteri: yhteystiedot, tilatut tuotteet<\/p>\n\n\n\n<p>Ilmoittautumiset: osallistujan etu- ja sukunimi, puhelinnumero, postiosoite, sukupuoli, syntym\u00e4aika, lis\u00e4tiedot (esim. allergiat, l\u00e4\u00e4kitykset, sairaudet ja muut terveiset ohjaajille). Alaik\u00e4isen osallistujan huoltajan etu- ja sukunimi, puhelinnumero ja s\u00e4hk\u00f6postiosoite.<\/p>\n\n\n\n<p>Uimahallien asiakaskortit: asiakaskortin numero ja pin-koodi<\/p>\n\n\n\n<p>Varaukset: yhteyshenkil\u00f6n nimi, yritys\/yhdistys, puhelinnumero, s\u00e4hk\u00f6postiosoite.<\/p>\n\n\n\n<h2 class=\"wp-block-heading\">Mist\u00e4 tiedot saadaan?<\/h2>\n\n\n\n<p>Tiedot saadaan verkkokaupan asiakkailta ilmoittautumisen, tilauksen tekemisen tai verkkomaksamisen yhteydess\u00e4 sek\u00e4 verkkokauppaan integroituneista ulkoisista j\u00e4rjestelmist\u00e4, jotka l\u00e4hett\u00e4v\u00e4t maksutapahtumia verkkomaksuliittymien kautta.<\/p>\n\n\n\n<h2 class=\"wp-block-heading\">Miss\u00e4 tietoja s\u00e4ilytet\u00e4\u00e4n ja kuinka kauan?<\/h2>\n\n\n\n<p>Henkil\u00f6- ja tilaustiedot s\u00e4ilytet\u00e4\u00e4n j\u00e4rjestelm\u00e4ss\u00e4, kunnes ne poistetaan asiakkaan sit\u00e4 pyyt\u00e4ess\u00e4. Automaattisesti henkil\u00f6tiedot poistuvat kuuden vuoden kuluttua tilauksesta. S\u00e4hk\u00f6iset kuitit s\u00e4ilytet\u00e4\u00e4n j\u00e4rjestelm\u00e4ss\u00e4 kymmenen vuotta, poistot tehd\u00e4\u00e4n manuaalisesti.<\/p>\n\n\n\n<h2 class=\"wp-block-heading\"><em>Miten tietoja suojataan?<\/em><\/h2>\n\n\n\n<p>Ohjelmiston yll\u00e4pito on suojattu k\u00e4ytt\u00e4j\u00e4tunnuksin ja salasanoin sek\u00e4 k\u00e4ytt\u00e4j\u00e4ryhm\u00e4kohtaisin k\u00e4ytt\u00f6oikeuksin. Tietokannassa olevat tiedot on suojattu k\u00e4ytt\u00e4j\u00e4tunnuksilla ja salasanoilla, tiedon k\u00e4sittely on rajattu vain verkkokauppaj\u00e4rjestelm\u00e4n k\u00e4ytett\u00e4v\u00e4ksi. Levyasemille tallennetut tiedot on suojattu k\u00e4ytt\u00f6j\u00e4rjestelm\u00e4tason k\u00e4ytt\u00f6oikeuksin. Kaikki tietoliikenne j\u00e4rjestelm\u00e4ntoimittajan j\u00e4rjestelmien sek\u00e4 verkkokaupan ja maksupalveluntarjoajan v\u00e4lill\u00e4 tapahtuu SSL-suojattuna.<\/p>\n\n\n\n<p>Verkkokauppapalvelimen huoltoyhteys on sallittu vain palvelin- ja j\u00e4rjestelm\u00e4toimittajille. Ohjelmiston toimittajalla on p\u00e4\u00e4sy tietojen tarkasteluun ja poistamiseen. <\/p>\n\n\n\n<h2 class=\"wp-block-heading\"><em>Luovutetaanko tietoja kolmannelle osapuolelle?<\/em><\/h2>\n\n\n\n<p>Henkil\u00f6tietoja ei luovuteta ulkopuolisille. Tilauksen maksamisen yhteydess\u00e4 v\u00e4litet\u00e4\u00e4n asiakkaan yhteystieto maksupalveluntarjoajalle.<\/p>\n\n\n\n<p>T\u00e4st\u00e4 poiketen Lahden museoiden opasvaraustuotteissa varauksen yhteyshenkil\u00f6n yhteystiedot v\u00e4litet\u00e4\u00e4n kulloisenkin opastettavan ryhm\u00e4n oppaalle.<\/p>\n\n\n\n<p>Henkil\u00f6tietoja voidaan siirt\u00e4\u00e4 rekisterin pit\u00e4j\u00e4n toisiin j\u00e4rjestelmiin, kuten Ceepos kassaj\u00e4rjestelm\u00e4\u00e4n.<\/p>\n\n\n\n<h2 class=\"wp-block-heading\">Siirret\u00e4\u00e4nk\u00f6 tietoja EU\/ETA- alueen ulkopuolelle?<\/h2>\n\n\n\n<p>Ei siirret\u00e4.<\/p>\n\n\n\n<h2 class=\"wp-block-heading\"><em>Lahden kaupungin tietoj\u00e4rjestelm\u00e4<\/em><\/h2>\n\n\n\n<p>Ceepos verkkokauppa<\/p>\n\n\n\n<h2 class=\"wp-block-heading\">Rekister\u00f6idyn oikeudet<\/h2>\n\n\n\n<p>Mik\u00e4li rekister\u00f6ity haluaa tarkastaa, korjata tai rajoittaa tietojensa k\u00e4ytt\u00f6\u00e4 tai poistaa Lahden kaupungin rekistereiss\u00e4 olevia henkil\u00f6tietojaan,<\/p>\n\n\n\n<p>h\u00e4nen on otettava yhteys tietosuojavastaavaan tai k\u00e4ytett\u00e4v\u00e4 Lahden kaupungin tietosuojaan liittyvi\u00e4 <a href=\"https:\/\/www.lahti.fi\/kaupunki-ja-paatoksenteko\/tietoja-lahdesta\/tietosuoja\/\">tietopyynt\u00f6v\u00e4yli\u00e4<\/a>.<\/p>\n\n\n\n<p>Tietosuojavastaava Tiina H\u00e4yrinen, <a href=\"mailto:tietosuoja@lahti.fi\">tietosuoja@lahti.fi<\/a> , puh 040 1834 334<\/p>\n\n\n\n<h2 class=\"wp-block-heading\"><em>Oikeus tehd\u00e4 valitus valvontaviranomaiselle<\/em><\/h2>\n\n\n\n<p>Rekister\u00f6idyll\u00e4 on oikeus tehd\u00e4 valitus <a href=\"https:\/\/tietosuoja.fi\/onko-tietosuojaoikeuksiasi-loukattu\">valvontaviranomaiselle<\/a> henkil\u00f6tietojen k\u00e4sittelyst\u00e4.<\/p>\n\n\n\n<p><\/p>\n\n\n\n<p>Selosteen p\u00e4iv\u00e4nm\u00e4\u00e4r\u00e4 &nbsp; 12.4.2022<\/p>\n","protected":false},"excerpt":{"rendered":"<p>Rekisterinpit\u00e4j\u00e4 Lahden kaupunki PL 20215101 LahtiY-tunnus 0149669-3 Rekisterin nimi ja tarkoitus Lahden kaupungin verkkokauppa ja verkkomaksaminen&nbsp;&nbsp;&nbsp;&nbsp;&nbsp;&nbsp;&nbsp;&nbsp;&nbsp;&nbsp;&nbsp;&nbsp;&nbsp;&nbsp;&nbsp;&nbsp;&nbsp;&nbsp;&nbsp;&nbsp;&nbsp;&nbsp;&nbsp;&nbsp;&nbsp;&nbsp;&nbsp;&nbsp;&nbsp;&nbsp;&nbsp;&nbsp;&nbsp;&nbsp;&nbsp;&nbsp;&nbsp;&nbsp;&nbsp;&nbsp;&nbsp;&nbsp;&nbsp;&nbsp;&nbsp;&nbsp;&nbsp;&nbsp;&nbsp;&nbsp;&nbsp;&nbsp;&nbsp;&nbsp;&nbsp;&nbsp;&nbsp;&nbsp;&nbsp;&nbsp;&nbsp;&nbsp;&nbsp;&nbsp; Rekisterin yhteyshenkil\u00f6 P\u00e4\u00e4suunnittelija Pasi Halme puhelin: 050 398 5992 s\u00e4hk\u00f6posti: etunimi.sukunimi@lahti.fi Mihin tarkoitukseen henkil\u00f6tietoja k\u00e4sitell\u00e4\u00e4n? Lahden kaupungin verkkokaupan kautta asiakas voi ostaa tuotteita tai palveluita ja maksaa ne verkkomaksuina. Verkkomaksuliittymien kautta v\u00e4litet\u00e4\u00e4n eri j\u00e4rjestelmist\u00e4 maksuja verkkomaksupalveluun. Lahden kaupungin verkkokaupassa [&hellip;]<\/p>\n","protected":false},"author":1,"featured_media":0,"parent":0,"menu_order":0,"comment_status":"closed","ping_status":"closed","template":"","meta":{"footnotes":""},"class_list":["post-8","page","type-page","status-publish","hentry"],"_links":{"self":[{"href":"https:\/\/verkkokauppa.lahti.fi\/museokauppa\/wp-json\/wp\/v2\/pages\/8","targetHints":{"allow":["GET"]}}],"collection":[{"href":"https:\/\/verkkokauppa.lahti.fi\/museokauppa\/wp-json\/wp\/v2\/pages"}],"about":[{"href":"https:\/\/verkkokauppa.lahti.fi\/museokauppa\/wp-json\/wp\/v2\/types\/page"}],"author":[{"embeddable":true,"href":"https:\/\/verkkokauppa.lahti.fi\/museokauppa\/wp-json\/wp\/v2\/users\/1"}],"replies":[{"embeddable":true,"href":"https:\/\/verkkokauppa.lahti.fi\/museokauppa\/wp-json\/wp\/v2\/comments?post=8"}],"version-history":[{"count":2,"href":"https:\/\/verkkokauppa.lahti.fi\/museokauppa\/wp-json\/wp\/v2\/pages\/8\/revisions"}],"predecessor-version":[{"id":7098,"href":"https:\/\/verkkokauppa.lahti.fi\/museokauppa\/wp-json\/wp\/v2\/pages\/8\/revisions\/7098"}],"wp:attachment":[{"href":"https:\/\/verkkokauppa.lahti.fi\/museokauppa\/wp-json\/wp\/v2\/media?parent=8"}],"curies":[{"name":"wp","href":"https:\/\/api.w.org\/{rel}","templated":true}]}}