{"id":1152,"date":"2022-03-17T10:43:18","date_gmt":"2022-03-17T08:43:18","guid":{"rendered":"https:\/\/verkkokauppa.lahti.fi\/museokauppa\/tuote\/paasylippu-juuret-aarteita-kokoelmista-nayttelyyn\/"},"modified":"2025-11-17T13:17:35","modified_gmt":"2025-11-17T11:17:35","slug":"malva-paasylippu-juuret-aarteita-kokoelmista-nayttelyyn","status":"publish","type":"product","link":"https:\/\/verkkokauppa.lahti.fi\/museokauppa\/tuote\/malva-paasylippu-juuret-aarteita-kokoelmista-nayttelyyn\/","title":{"rendered":"P\u00e4\u00e4sylippu Juuret \u2013 aarteita kokoelmista -n\u00e4yttelyyn"},"content":{"rendered":"<p>T\u00e4m\u00e4 p\u00e4\u00e4sylippu oikeuttaa vierailuun valitussa n\u00e4yttelyss\u00e4.\u00a0<\/p>\n<p>N\u00e4yttelyss\u00e4 kurkistetaan museon omiin kokoelmiin \u2013 museon omat esineet, julisteet ja taideteokset ovat juuret, joista Malvan kaikki toiminta kasvaa. \u00a0<\/p>\n<p>N\u00e4yttelyss\u00e4 pist\u00e4ydyt\u00e4\u00e4n kuvitteellisilla huonekalumessuilla, joissa esitell\u00e4\u00e4n teollisen suunnittelun n\u00e4k\u00f6kulmia 1950\u20131970-luvuilla. Julisteiden avulla valotetaan Suomen ja Lahden historiaa.<\/p>\n<p>Viipurin taidemuseon kokoelmista Lahteen periytyneet yleis\u00f6n rakastamat taideaarteet avaavat n\u00e4kymi\u00e4 1800-luvun ja 1900-luvun alkupuolen suomalaiseen ja ulkomaiseen maalaus- ja veistotaiteeseen. \u00a0<\/p>\n<p>N\u00e4yttelyn arkkitehti ja suunnittelija on palkittu lahtelainen muotoilija Tapio Anttila.<\/p>\n<p>\u00a0<\/p>\n<p>Huom.! Ryhm\u00e4lippu on tarkoitettu v\u00e4hint\u00e4\u00e4n 15 henkil\u00f6n ryhmille.\u00a0<\/p>\n<p>\u00a0<\/p>\n","protected":false},"excerpt":{"rendered":"<p>T\u00e4m\u00e4 p\u00e4\u00e4sylippu oikeuttaa vierailuun valitussa n\u00e4yttelyss\u00e4.\u00a0 N\u00e4yttelyss\u00e4 kurkistetaan museon omiin kokoelmiin \u2013 museon omat esineet, julisteet ja taideteokset ovat juuret, joista Malvan kaikki toiminta kasvaa. \u00a0 N\u00e4yttelyss\u00e4 pist\u00e4ydyt\u00e4\u00e4n kuvitteellisilla huonekalumessuilla, joissa esitell\u00e4\u00e4n teollisen suunnittelun n\u00e4k\u00f6kulmia 1950\u20131970-luvuilla. Julisteiden avulla valotetaan Suomen ja Lahden historiaa. Viipurin taidemuseon kokoelmista Lahteen periytyneet yleis\u00f6n rakastamat taideaarteet avaavat n\u00e4kymi\u00e4 1800-luvun ja [&hellip;]<\/p>\n","protected":false},"featured_media":19032,"template":"","meta":[],"product_brand":[],"product_cat":[49],"product_tag":[],"class_list":{"0":"post-1152","1":"product","2":"type-product","3":"status-publish","4":"has-post-thumbnail","6":"product_cat-liput","8":"first","9":"instock","10":"featured","11":"virtual","12":"taxable","13":"purchasable","14":"product-type-phive_booking"},"_links":{"self":[{"href":"https:\/\/verkkokauppa.lahti.fi\/museokauppa\/wp-json\/wp\/v2\/product\/1152","targetHints":{"allow":["GET"]}}],"collection":[{"href":"https:\/\/verkkokauppa.lahti.fi\/museokauppa\/wp-json\/wp\/v2\/product"}],"about":[{"href":"https:\/\/verkkokauppa.lahti.fi\/museokauppa\/wp-json\/wp\/v2\/types\/product"}],"wp:featuredmedia":[{"embeddable":true,"href":"https:\/\/verkkokauppa.lahti.fi\/museokauppa\/wp-json\/wp\/v2\/media\/19032"}],"wp:attachment":[{"href":"https:\/\/verkkokauppa.lahti.fi\/museokauppa\/wp-json\/wp\/v2\/media?parent=1152"}],"wp:term":[{"taxonomy":"product_brand","embeddable":true,"href":"https:\/\/verkkokauppa.lahti.fi\/museokauppa\/wp-json\/wp\/v2\/product_brand?post=1152"},{"taxonomy":"product_cat","embeddable":true,"href":"https:\/\/verkkokauppa.lahti.fi\/museokauppa\/wp-json\/wp\/v2\/product_cat?post=1152"},{"taxonomy":"product_tag","embeddable":true,"href":"https:\/\/verkkokauppa.lahti.fi\/museokauppa\/wp-json\/wp\/v2\/product_tag?post=1152"}],"curies":[{"name":"wp","href":"https:\/\/api.w.org\/{rel}","templated":true}]}}