{"id":1247,"date":"2022-03-30T13:10:06","date_gmt":"2022-03-30T10:10:06","guid":{"rendered":"https:\/\/verkkokauppa.lahti.fi\/museokauppa\/tuote\/paasylippu-malvan-kaikkiin-nayttelyihin\/"},"modified":"2026-01-12T15:32:04","modified_gmt":"2026-01-12T13:32:04","slug":"paasylippu-malvan-kaikkiin-nayttelyihin","status":"publish","type":"product","link":"https:\/\/verkkokauppa.lahti.fi\/museokauppa\/tuote\/paasylippu-malvan-kaikkiin-nayttelyihin\/","title":{"rendered":"P\u00e4\u00e4sylippu Malvan kaikkiin n\u00e4yttelyihin"},"content":{"rendered":"<p>T\u00e4ll\u00e4 p\u00e4\u00e4sylipulla voit vierailla Malvan kaikissa avoinna olevissa n\u00e4yttelyiss\u00e4 yhden p\u00e4iv\u00e4n aikana.\u00a0<\/p>\n<p>Huom! Ryhm\u00e4lippu on tarkoitettu\u00a0v\u00e4hint\u00e4\u00e4n 15 henkil\u00f6n ryhmille.\u00a0<\/p>\n","protected":false},"excerpt":{"rendered":"<p>T\u00e4ll\u00e4 p\u00e4\u00e4sylipulla voit vierailla Malvan kaikissa avoinna olevissa n\u00e4yttelyiss\u00e4 yhden p\u00e4iv\u00e4n aikana.\u00a0 Huom! Ryhm\u00e4lippu on tarkoitettu\u00a0v\u00e4hint\u00e4\u00e4n 15 henkil\u00f6n ryhmille.\u00a0<\/p>\n","protected":false},"featured_media":31971,"template":"","meta":[],"product_brand":[],"product_cat":[49],"product_tag":[],"class_list":{"0":"post-1247","1":"product","2":"type-product","3":"status-publish","4":"has-post-thumbnail","6":"product_cat-liput","8":"first","9":"instock","10":"featured","11":"virtual","12":"taxable","13":"purchasable","14":"product-type-phive_booking"},"_links":{"self":[{"href":"https:\/\/verkkokauppa.lahti.fi\/museokauppa\/wp-json\/wp\/v2\/product\/1247","targetHints":{"allow":["GET"]}}],"collection":[{"href":"https:\/\/verkkokauppa.lahti.fi\/museokauppa\/wp-json\/wp\/v2\/product"}],"about":[{"href":"https:\/\/verkkokauppa.lahti.fi\/museokauppa\/wp-json\/wp\/v2\/types\/product"}],"wp:featuredmedia":[{"embeddable":true,"href":"https:\/\/verkkokauppa.lahti.fi\/museokauppa\/wp-json\/wp\/v2\/media\/31971"}],"wp:attachment":[{"href":"https:\/\/verkkokauppa.lahti.fi\/museokauppa\/wp-json\/wp\/v2\/media?parent=1247"}],"wp:term":[{"taxonomy":"product_brand","embeddable":true,"href":"https:\/\/verkkokauppa.lahti.fi\/museokauppa\/wp-json\/wp\/v2\/product_brand?post=1247"},{"taxonomy":"product_cat","embeddable":true,"href":"https:\/\/verkkokauppa.lahti.fi\/museokauppa\/wp-json\/wp\/v2\/product_cat?post=1247"},{"taxonomy":"product_tag","embeddable":true,"href":"https:\/\/verkkokauppa.lahti.fi\/museokauppa\/wp-json\/wp\/v2\/product_tag?post=1247"}],"curies":[{"name":"wp","href":"https:\/\/api.w.org\/{rel}","templated":true}]}}