{"id":1388,"date":"2022-04-06T14:09:07","date_gmt":"2022-04-06T11:09:07","guid":{"rendered":"https:\/\/verkkokauppa.lahti.fi\/museokauppa\/tuote\/mikrokuituliina-lahti-hyppyrit\/"},"modified":"2025-12-09T12:05:33","modified_gmt":"2025-12-09T10:05:33","slug":"mikrokuituliina-lahti-hyppyrit","status":"publish","type":"product","link":"https:\/\/verkkokauppa.lahti.fi\/museokauppa\/tuote\/mikrokuituliina-lahti-hyppyrit\/","title":{"rendered":"Mikrokuituliina hyppyrim\u00e4et"},"content":{"rendered":"<p>Lahti-aiheinen mikrokuituliina, jolla puhdistat niin silm\u00e4lasit kuin puhelimen n\u00e4yt\u00f6n.<\/p>\n<p>Koko 15 x 10 cm<\/p>\n","protected":false},"excerpt":{"rendered":"<p>Lahti-aiheinen mikrokuituliina, jolla puhdistat niin silm\u00e4lasit kuin puhelimen n\u00e4yt\u00f6n. Koko 15 x 10 cm<\/p>\n","protected":false},"featured_media":14230,"template":"","meta":[],"product_brand":[],"product_cat":[66],"product_tag":[],"class_list":{"0":"post-1388","1":"product","2":"type-product","3":"status-publish","4":"has-post-thumbnail","6":"product_cat-lahti-tuotteet","8":"first","9":"instock","10":"taxable","11":"shipping-taxable","12":"purchasable","13":"product-type-simple"},"_links":{"self":[{"href":"https:\/\/verkkokauppa.lahti.fi\/museokauppa\/wp-json\/wp\/v2\/product\/1388","targetHints":{"allow":["GET"]}}],"collection":[{"href":"https:\/\/verkkokauppa.lahti.fi\/museokauppa\/wp-json\/wp\/v2\/product"}],"about":[{"href":"https:\/\/verkkokauppa.lahti.fi\/museokauppa\/wp-json\/wp\/v2\/types\/product"}],"wp:featuredmedia":[{"embeddable":true,"href":"https:\/\/verkkokauppa.lahti.fi\/museokauppa\/wp-json\/wp\/v2\/media\/14230"}],"wp:attachment":[{"href":"https:\/\/verkkokauppa.lahti.fi\/museokauppa\/wp-json\/wp\/v2\/media?parent=1388"}],"wp:term":[{"taxonomy":"product_brand","embeddable":true,"href":"https:\/\/verkkokauppa.lahti.fi\/museokauppa\/wp-json\/wp\/v2\/product_brand?post=1388"},{"taxonomy":"product_cat","embeddable":true,"href":"https:\/\/verkkokauppa.lahti.fi\/museokauppa\/wp-json\/wp\/v2\/product_cat?post=1388"},{"taxonomy":"product_tag","embeddable":true,"href":"https:\/\/verkkokauppa.lahti.fi\/museokauppa\/wp-json\/wp\/v2\/product_tag?post=1388"}],"curies":[{"name":"wp","href":"https:\/\/api.w.org\/{rel}","templated":true}]}}