{"id":1389,"date":"2022-04-06T14:09:07","date_gmt":"2022-04-06T11:09:07","guid":{"rendered":"https:\/\/verkkokauppa.lahti.fi\/museokauppa\/tuote\/mikrokuituliina-lahti-radiomastot\/"},"modified":"2026-02-19T22:55:50","modified_gmt":"2026-02-19T20:55:50","slug":"mikrokuituliina-lahti-radiomastot","status":"publish","type":"product","link":"https:\/\/verkkokauppa.lahti.fi\/museokauppa\/tuote\/mikrokuituliina-lahti-radiomastot\/","title":{"rendered":"Mikrokuituliina radiomastot"},"content":{"rendered":"<p>Lahti-aiheinen mikrokuituliina, jolla puhdistat niin silm\u00e4lasit kuin puhelimen n\u00e4yt\u00f6n.<\/p>\n<p>Koko 15 x 10 cm<\/p>\n","protected":false},"excerpt":{"rendered":"<p>Lahti-aiheinen mikrokuituliina, jolla puhdistat niin silm\u00e4lasit kuin puhelimen n\u00e4yt\u00f6n. Koko 15 x 10 cm<\/p>\n","protected":false},"featured_media":14233,"template":"","meta":[],"product_brand":[],"product_cat":[151],"product_tag":[],"class_list":{"0":"post-1389","1":"product","2":"type-product","3":"status-publish","4":"has-post-thumbnail","6":"product_cat-lahti-tuotteet-0-0","8":"first","9":"instock","10":"taxable","11":"shipping-taxable","12":"purchasable","13":"product-type-simple"},"_links":{"self":[{"href":"https:\/\/verkkokauppa.lahti.fi\/museokauppa\/wp-json\/wp\/v2\/product\/1389","targetHints":{"allow":["GET"]}}],"collection":[{"href":"https:\/\/verkkokauppa.lahti.fi\/museokauppa\/wp-json\/wp\/v2\/product"}],"about":[{"href":"https:\/\/verkkokauppa.lahti.fi\/museokauppa\/wp-json\/wp\/v2\/types\/product"}],"wp:featuredmedia":[{"embeddable":true,"href":"https:\/\/verkkokauppa.lahti.fi\/museokauppa\/wp-json\/wp\/v2\/media\/14233"}],"wp:attachment":[{"href":"https:\/\/verkkokauppa.lahti.fi\/museokauppa\/wp-json\/wp\/v2\/media?parent=1389"}],"wp:term":[{"taxonomy":"product_brand","embeddable":true,"href":"https:\/\/verkkokauppa.lahti.fi\/museokauppa\/wp-json\/wp\/v2\/product_brand?post=1389"},{"taxonomy":"product_cat","embeddable":true,"href":"https:\/\/verkkokauppa.lahti.fi\/museokauppa\/wp-json\/wp\/v2\/product_cat?post=1389"},{"taxonomy":"product_tag","embeddable":true,"href":"https:\/\/verkkokauppa.lahti.fi\/museokauppa\/wp-json\/wp\/v2\/product_tag?post=1389"}],"curies":[{"name":"wp","href":"https:\/\/api.w.org\/{rel}","templated":true}]}}