{"id":1391,"date":"2022-04-06T14:09:08","date_gmt":"2022-04-06T11:09:08","guid":{"rendered":"https:\/\/verkkokauppa.lahti.fi\/museokauppa\/tuote\/ruukunsuojus-sailytysruukku-kankainen-venus-amor\/"},"modified":"2026-03-24T16:41:43","modified_gmt":"2026-03-24T14:41:43","slug":"ruukunsuojus-sailytysruukku-kankainen-venus-amor","status":"publish","type":"product","link":"https:\/\/verkkokauppa.lahti.fi\/museokauppa\/tuote\/ruukunsuojus-sailytysruukku-kankainen-venus-amor\/","title":{"rendered":"Ruukunsuojus\/s\u00e4ilytysruukku kankainen Venus ja Amor"},"content":{"rendered":"<p>T\u00e4m\u00e4 tuote on suunniteltu ja ommeltu Lahdessa. Kangas on painettu Suomessa ja niiden tuotantoon on k\u00e4ytetty uusituvaa vesi -ja tuulis\u00e4hk\u00f6\u00e4. Canavas-kangas on Saksasta ja painossa on k\u00e4ytetty ainoastaan vesipohjaisia painov\u00e4rej\u00e4. Vuorikankaat on museon ylij\u00e4\u00e4m\u00e4 kankaita.<\/p>\n<p>T\u00e4m\u00e4n tuotteen kuvituksessa on k\u00e4ytetty museon omissa kokoelmissa olevaa Johannes Takasen veistosta Venus ja Amor, 1875.\u00a0<\/p>\n<p>Halkaisija: 21cm<\/p>\n<p>Korkeus: 24,5cm<\/p>\n","protected":false},"excerpt":{"rendered":"<p>T\u00e4m\u00e4 tuote on suunniteltu ja ommeltu Lahdessa. Kangas on painettu Suomessa ja niiden tuotantoon on k\u00e4ytetty uusituvaa vesi -ja tuulis\u00e4hk\u00f6\u00e4. Canavas-kangas on Saksasta ja painossa on k\u00e4ytetty ainoastaan vesipohjaisia painov\u00e4rej\u00e4. Vuorikankaat on museon ylij\u00e4\u00e4m\u00e4 kankaita. T\u00e4m\u00e4n tuotteen kuvituksessa on k\u00e4ytetty museon omissa kokoelmissa olevaa Johannes Takasen veistosta Venus ja Amor, 1875.\u00a0 Halkaisija: 21cm Korkeus: 24,5cm<\/p>\n","protected":false},"featured_media":14636,"template":"","meta":[],"product_brand":[],"product_cat":[136],"product_tag":[],"class_list":{"0":"post-1391","1":"product","2":"type-product","3":"status-publish","4":"has-post-thumbnail","6":"product_cat-muut-tuotteet-0-0-0","8":"first","9":"instock","10":"sale","11":"featured","12":"taxable","13":"shipping-taxable","14":"purchasable","15":"product-type-simple"},"_links":{"self":[{"href":"https:\/\/verkkokauppa.lahti.fi\/museokauppa\/wp-json\/wp\/v2\/product\/1391","targetHints":{"allow":["GET"]}}],"collection":[{"href":"https:\/\/verkkokauppa.lahti.fi\/museokauppa\/wp-json\/wp\/v2\/product"}],"about":[{"href":"https:\/\/verkkokauppa.lahti.fi\/museokauppa\/wp-json\/wp\/v2\/types\/product"}],"wp:featuredmedia":[{"embeddable":true,"href":"https:\/\/verkkokauppa.lahti.fi\/museokauppa\/wp-json\/wp\/v2\/media\/14636"}],"wp:attachment":[{"href":"https:\/\/verkkokauppa.lahti.fi\/museokauppa\/wp-json\/wp\/v2\/media?parent=1391"}],"wp:term":[{"taxonomy":"product_brand","embeddable":true,"href":"https:\/\/verkkokauppa.lahti.fi\/museokauppa\/wp-json\/wp\/v2\/product_brand?post=1391"},{"taxonomy":"product_cat","embeddable":true,"href":"https:\/\/verkkokauppa.lahti.fi\/museokauppa\/wp-json\/wp\/v2\/product_cat?post=1391"},{"taxonomy":"product_tag","embeddable":true,"href":"https:\/\/verkkokauppa.lahti.fi\/museokauppa\/wp-json\/wp\/v2\/product_tag?post=1391"}],"curies":[{"name":"wp","href":"https:\/\/api.w.org\/{rel}","templated":true}]}}