{"id":1393,"date":"2022-04-06T14:09:08","date_gmt":"2022-04-06T11:09:08","guid":{"rendered":"https:\/\/verkkokauppa.lahti.fi\/museokauppa\/tuote\/kirjekuorimallinen-pussukka-venus-amor\/"},"modified":"2026-01-04T00:10:05","modified_gmt":"2026-01-03T22:10:05","slug":"kirjekuorimallinen-pussukka-venus-amor","status":"publish","type":"product","link":"https:\/\/verkkokauppa.lahti.fi\/museokauppa\/tuote\/kirjekuorimallinen-pussukka-venus-amor\/","title":{"rendered":"Kirjekuorimallinen pussukka Venus ja Amor"},"content":{"rendered":"<p>T\u00e4m\u00e4 kaunis pussukka on saanut kuosinsa Johannes Takasen upeasta marmorisesta veistoksesta Venus ja Amor<\/p>\n<p>Tuote on suunniteltu ja ommeltu Lahdessa. Kangas on painettu Suomessa ja niiden tuotantoon on k\u00e4ytetty uusituvaa vesi -ja tuulis\u00e4hk\u00f6\u00e4. Canavas-kangas on Saksasta ja painossa on k\u00e4ytetty ainoastaan vesipohjaisia painov\u00e4rej\u00e4. Vuorikankaat on museon ylij\u00e4\u00e4m\u00e4 kankaita.<\/p>\n<p>Koko: 21&#215;11,5cm<\/p>\n","protected":false},"excerpt":{"rendered":"<p>T\u00e4m\u00e4 kaunis pussukka on saanut kuosinsa Johannes Takasen upeasta marmorisesta veistoksesta Venus ja Amor Tuote on suunniteltu ja ommeltu Lahdessa. Kangas on painettu Suomessa ja niiden tuotantoon on k\u00e4ytetty uusituvaa vesi -ja tuulis\u00e4hk\u00f6\u00e4. Canavas-kangas on Saksasta ja painossa on k\u00e4ytetty ainoastaan vesipohjaisia painov\u00e4rej\u00e4. Vuorikankaat on museon ylij\u00e4\u00e4m\u00e4 kankaita. Koko: 21&#215;11,5cm<\/p>\n","protected":false},"featured_media":14639,"template":"","meta":[],"product_brand":[],"product_cat":[136],"product_tag":[],"class_list":{"0":"post-1393","1":"product","2":"type-product","3":"status-publish","4":"has-post-thumbnail","6":"product_cat-muut-tuotteet-0-0-0","8":"first","9":"instock","10":"sale","11":"featured","12":"taxable","13":"shipping-taxable","14":"purchasable","15":"product-type-simple"},"_links":{"self":[{"href":"https:\/\/verkkokauppa.lahti.fi\/museokauppa\/wp-json\/wp\/v2\/product\/1393","targetHints":{"allow":["GET"]}}],"collection":[{"href":"https:\/\/verkkokauppa.lahti.fi\/museokauppa\/wp-json\/wp\/v2\/product"}],"about":[{"href":"https:\/\/verkkokauppa.lahti.fi\/museokauppa\/wp-json\/wp\/v2\/types\/product"}],"wp:featuredmedia":[{"embeddable":true,"href":"https:\/\/verkkokauppa.lahti.fi\/museokauppa\/wp-json\/wp\/v2\/media\/14639"}],"wp:attachment":[{"href":"https:\/\/verkkokauppa.lahti.fi\/museokauppa\/wp-json\/wp\/v2\/media?parent=1393"}],"wp:term":[{"taxonomy":"product_brand","embeddable":true,"href":"https:\/\/verkkokauppa.lahti.fi\/museokauppa\/wp-json\/wp\/v2\/product_brand?post=1393"},{"taxonomy":"product_cat","embeddable":true,"href":"https:\/\/verkkokauppa.lahti.fi\/museokauppa\/wp-json\/wp\/v2\/product_cat?post=1393"},{"taxonomy":"product_tag","embeddable":true,"href":"https:\/\/verkkokauppa.lahti.fi\/museokauppa\/wp-json\/wp\/v2\/product_tag?post=1393"}],"curies":[{"name":"wp","href":"https:\/\/api.w.org\/{rel}","templated":true}]}}