{"id":1397,"date":"2022-04-06T14:09:09","date_gmt":"2022-04-06T11:09:09","guid":{"rendered":"https:\/\/verkkokauppa.lahti.fi\/museokauppa\/tuote\/kirjanmerkki-koivusta-nahkanarulla-tuoli\/"},"modified":"2026-01-18T19:36:34","modified_gmt":"2026-01-18T17:36:34","slug":"kirjanmerkki-koivusta-nahkanarulla-tuoli","status":"publish","type":"product","link":"https:\/\/verkkokauppa.lahti.fi\/museokauppa\/tuote\/kirjanmerkki-koivusta-nahkanarulla-tuoli\/","title":{"rendered":"Kirjanmerkki koivusta nahkanarulla &#8221;tuoli&#8221;"},"content":{"rendered":"<p>Kirjanmerkki on valmistettu ymp\u00e4rist\u00f6yst\u00e4v\u00e4llisesti kotimaisesta koivuvanerista ja poronnahasta Suomessa. Kirjanmerkki on kaunis ja perinteinen lahja tai tuliainen, joka ilahduttaa taatusti!<\/p>\n<p>Kuvassa on ASKOn pinnatuoli.<\/p>\n<p>valmistaja Miiko Design<\/p>\n<p>Koko: 4x14cm<\/p>\n","protected":false},"excerpt":{"rendered":"<p>Kirjanmerkki on valmistettu ymp\u00e4rist\u00f6yst\u00e4v\u00e4llisesti kotimaisesta koivuvanerista ja poronnahasta Suomessa. Kirjanmerkki on kaunis ja perinteinen lahja tai tuliainen, joka ilahduttaa taatusti! Kuvassa on ASKOn pinnatuoli. valmistaja Miiko Design Koko: 4x14cm<\/p>\n","protected":false},"featured_media":14651,"template":"","meta":[],"product_brand":[],"product_cat":[55],"product_tag":[],"class_list":{"0":"post-1397","1":"product","2":"type-product","3":"status-publish","4":"has-post-thumbnail","6":"product_cat-museokauppamalva","8":"first","9":"instock","10":"featured","11":"taxable","12":"shipping-taxable","13":"purchasable","14":"product-type-simple"},"_links":{"self":[{"href":"https:\/\/verkkokauppa.lahti.fi\/museokauppa\/wp-json\/wp\/v2\/product\/1397","targetHints":{"allow":["GET"]}}],"collection":[{"href":"https:\/\/verkkokauppa.lahti.fi\/museokauppa\/wp-json\/wp\/v2\/product"}],"about":[{"href":"https:\/\/verkkokauppa.lahti.fi\/museokauppa\/wp-json\/wp\/v2\/types\/product"}],"wp:featuredmedia":[{"embeddable":true,"href":"https:\/\/verkkokauppa.lahti.fi\/museokauppa\/wp-json\/wp\/v2\/media\/14651"}],"wp:attachment":[{"href":"https:\/\/verkkokauppa.lahti.fi\/museokauppa\/wp-json\/wp\/v2\/media?parent=1397"}],"wp:term":[{"taxonomy":"product_brand","embeddable":true,"href":"https:\/\/verkkokauppa.lahti.fi\/museokauppa\/wp-json\/wp\/v2\/product_brand?post=1397"},{"taxonomy":"product_cat","embeddable":true,"href":"https:\/\/verkkokauppa.lahti.fi\/museokauppa\/wp-json\/wp\/v2\/product_cat?post=1397"},{"taxonomy":"product_tag","embeddable":true,"href":"https:\/\/verkkokauppa.lahti.fi\/museokauppa\/wp-json\/wp\/v2\/product_tag?post=1397"}],"curies":[{"name":"wp","href":"https:\/\/api.w.org\/{rel}","templated":true}]}}