{"id":13982,"date":"2022-02-01T11:07:43","date_gmt":"2022-02-01T09:07:43","guid":{"rendered":"https:\/\/verkkokauppa.lahti.fi\/museokauppa\/tuote\/gate-to-the-world-vaaksy-canal-150-years\/"},"modified":"2026-01-01T01:00:03","modified_gmt":"2025-12-31T23:00:03","slug":"gate-to-the-world-vaaksy-canal-150-years","status":"publish","type":"product","link":"https:\/\/verkkokauppa.lahti.fi\/museokauppa\/tuote\/gate-to-the-world-vaaksy-canal-150-years\/?lang=en","title":{"rendered":"Gate to the world &#8211; V\u00e4\u00e4ksy canal 150 years"},"content":{"rendered":"<p class=\"MsoNormal\"><span lang=\"EN-GB\">The V\u00e4\u00e4ksy canal in Asikkala connects P\u00e4ij\u00e4nne and Lake Vesij\u00e4rvi. In 2021 was 150 years since the channel was completed. The book deals with the history of the canal, its traffic, and the design and construction of the canal environment as it is known today.<\/span><\/p>\n<p class=\"MsoNormal\"><span lang=\"EN-GB\">The publication is aimed at anyone interested in water transport, tourism, history and the built environment in general. Old photographs evoke memories, and the articles provide a wealth of information about V\u00e4\u00e4ksy&#8217;s past and present. The work tells how the canal was born and changed the life of one keeper and how that heritage is nurtured.<\/span><\/p>\n<p class=\"MsoNormal\"><span lang=\"EN-GB\">Edited by Reetta Nousiainen, Riitta Niskanen and Hannu Takala<\/span><\/p>\n<p class=\"MsoNormal\"><span lang=\"EN-GB\">ISBN: 978-952-5749-88-5<\/span><\/p>\n<p class=\"MsoNormal\"><span lang=\"EN-GB\">This book is in Finnish.<\/span><\/p>\n","protected":false},"excerpt":{"rendered":"<p>The V\u00e4\u00e4ksy canal in Asikkala connects P\u00e4ij\u00e4nne and Lake Vesij\u00e4rvi. In 2021 was 150 years since the channel was completed. The book deals with the history of the canal, its traffic, and the design and construction of the canal environment as it is known today. The publication is aimed at anyone interested in water transport, [&hellip;]<\/p>\n","protected":false},"featured_media":14371,"template":"","meta":[],"product_brand":[],"product_cat":[113],"product_tag":[],"class_list":{"0":"post-13982","1":"product","2":"type-product","3":"status-publish","4":"has-post-thumbnail","6":"product_cat-books-1","8":"first","9":"instock","10":"featured","11":"taxable","12":"shipping-taxable","13":"purchasable","14":"product-type-simple"},"_links":{"self":[{"href":"https:\/\/verkkokauppa.lahti.fi\/museokauppa\/wp-json\/wp\/v2\/product\/13982","targetHints":{"allow":["GET"]}}],"collection":[{"href":"https:\/\/verkkokauppa.lahti.fi\/museokauppa\/wp-json\/wp\/v2\/product"}],"about":[{"href":"https:\/\/verkkokauppa.lahti.fi\/museokauppa\/wp-json\/wp\/v2\/types\/product"}],"wp:featuredmedia":[{"embeddable":true,"href":"https:\/\/verkkokauppa.lahti.fi\/museokauppa\/wp-json\/wp\/v2\/media\/14371"}],"wp:attachment":[{"href":"https:\/\/verkkokauppa.lahti.fi\/museokauppa\/wp-json\/wp\/v2\/media?parent=13982"}],"wp:term":[{"taxonomy":"product_brand","embeddable":true,"href":"https:\/\/verkkokauppa.lahti.fi\/museokauppa\/wp-json\/wp\/v2\/product_brand?post=13982"},{"taxonomy":"product_cat","embeddable":true,"href":"https:\/\/verkkokauppa.lahti.fi\/museokauppa\/wp-json\/wp\/v2\/product_cat?post=13982"},{"taxonomy":"product_tag","embeddable":true,"href":"https:\/\/verkkokauppa.lahti.fi\/museokauppa\/wp-json\/wp\/v2\/product_tag?post=13982"}],"curies":[{"name":"wp","href":"https:\/\/api.w.org\/{rel}","templated":true}]}}