{"id":14286,"date":"2022-09-20T11:10:17","date_gmt":"2022-09-20T08:10:17","guid":{"rendered":"https:\/\/verkkokauppa.lahti.fi\/museokauppa\/tuote\/popsockets-puhelimeen-malvan-logolla\/"},"modified":"2026-01-23T12:24:41","modified_gmt":"2026-01-23T10:24:41","slug":"popsockets-puhelimeen-malvan-logolla","status":"publish","type":"product","link":"https:\/\/verkkokauppa.lahti.fi\/museokauppa\/tuote\/popsockets-puhelimeen-malvan-logolla\/","title":{"rendered":"PopSockets puhelimeen Malvan logolla"},"content":{"rendered":"<p>PopSocketilla saat varmaan otteen puhelimeesi ja samalla saat uutta k\u00e4ytt\u00f6mukavuutta, niin valokuvien kuin videoidenkin kuvaamiseen. Tuote toimii my\u00f6s\u00a0oivana jalustana videoiden tai videopuheluiden katseluun.<\/p>\n<p>Halkaisija: 4cm<\/p>\n","protected":false},"excerpt":{"rendered":"<p>PopSocketilla saat varmaan otteen puhelimeesi ja samalla saat uutta k\u00e4ytt\u00f6mukavuutta, niin valokuvien kuin videoidenkin kuvaamiseen. Tuote toimii my\u00f6s\u00a0oivana jalustana videoiden tai videopuheluiden katseluun. Halkaisija: 4cm<\/p>\n","protected":false},"featured_media":14288,"template":"","meta":[],"product_brand":[],"product_cat":[136],"product_tag":[],"class_list":{"0":"post-14286","1":"product","2":"type-product","3":"status-publish","4":"has-post-thumbnail","6":"product_cat-muut-tuotteet-0-0-0","8":"first","9":"instock","10":"taxable","11":"shipping-taxable","12":"purchasable","13":"product-type-simple"},"_links":{"self":[{"href":"https:\/\/verkkokauppa.lahti.fi\/museokauppa\/wp-json\/wp\/v2\/product\/14286","targetHints":{"allow":["GET"]}}],"collection":[{"href":"https:\/\/verkkokauppa.lahti.fi\/museokauppa\/wp-json\/wp\/v2\/product"}],"about":[{"href":"https:\/\/verkkokauppa.lahti.fi\/museokauppa\/wp-json\/wp\/v2\/types\/product"}],"wp:featuredmedia":[{"embeddable":true,"href":"https:\/\/verkkokauppa.lahti.fi\/museokauppa\/wp-json\/wp\/v2\/media\/14288"}],"wp:attachment":[{"href":"https:\/\/verkkokauppa.lahti.fi\/museokauppa\/wp-json\/wp\/v2\/media?parent=14286"}],"wp:term":[{"taxonomy":"product_brand","embeddable":true,"href":"https:\/\/verkkokauppa.lahti.fi\/museokauppa\/wp-json\/wp\/v2\/product_brand?post=14286"},{"taxonomy":"product_cat","embeddable":true,"href":"https:\/\/verkkokauppa.lahti.fi\/museokauppa\/wp-json\/wp\/v2\/product_cat?post=14286"},{"taxonomy":"product_tag","embeddable":true,"href":"https:\/\/verkkokauppa.lahti.fi\/museokauppa\/wp-json\/wp\/v2\/product_tag?post=14286"}],"curies":[{"name":"wp","href":"https:\/\/api.w.org\/{rel}","templated":true}]}}