{"id":14297,"date":"2022-09-21T10:52:21","date_gmt":"2022-09-21T07:52:21","guid":{"rendered":"https:\/\/verkkokauppa.lahti.fi\/museokauppa\/tuote\/avainkaulanauha-malva\/"},"modified":"2025-11-17T13:17:10","modified_gmt":"2025-11-17T11:17:10","slug":"avainkaulanauha-malva","status":"publish","type":"product","link":"https:\/\/verkkokauppa.lahti.fi\/museokauppa\/tuote\/avainkaulanauha-malva\/","title":{"rendered":"Avainnauha Malva"},"content":{"rendered":"<p>Pitk\u00e4 yliolan avainnauha sujahtaa helposti vaikkapa ty\u00f6vaatteen taskuun. Tuote on valmistettu merest\u00e4 ker\u00e4tyst\u00e4 muovij\u00e4tteest\u00e4.<\/p>\n<p>Pituus: 65cm<\/p>\n","protected":false},"excerpt":{"rendered":"<p>Pitk\u00e4 yliolan avainnauha sujahtaa helposti vaikkapa ty\u00f6vaatteen taskuun. Tuote on valmistettu merest\u00e4 ker\u00e4tyst\u00e4 muovij\u00e4tteest\u00e4. Pituus: 65cm<\/p>\n","protected":false},"featured_media":14294,"template":"","meta":[],"product_brand":[],"product_cat":[136],"product_tag":[],"class_list":{"0":"post-14297","1":"product","2":"type-product","3":"status-publish","4":"has-post-thumbnail","6":"product_cat-muut-tuotteet-0-0-0","8":"first","9":"instock","10":"taxable","11":"shipping-taxable","12":"purchasable","13":"product-type-simple"},"_links":{"self":[{"href":"https:\/\/verkkokauppa.lahti.fi\/museokauppa\/wp-json\/wp\/v2\/product\/14297","targetHints":{"allow":["GET"]}}],"collection":[{"href":"https:\/\/verkkokauppa.lahti.fi\/museokauppa\/wp-json\/wp\/v2\/product"}],"about":[{"href":"https:\/\/verkkokauppa.lahti.fi\/museokauppa\/wp-json\/wp\/v2\/types\/product"}],"wp:featuredmedia":[{"embeddable":true,"href":"https:\/\/verkkokauppa.lahti.fi\/museokauppa\/wp-json\/wp\/v2\/media\/14294"}],"wp:attachment":[{"href":"https:\/\/verkkokauppa.lahti.fi\/museokauppa\/wp-json\/wp\/v2\/media?parent=14297"}],"wp:term":[{"taxonomy":"product_brand","embeddable":true,"href":"https:\/\/verkkokauppa.lahti.fi\/museokauppa\/wp-json\/wp\/v2\/product_brand?post=14297"},{"taxonomy":"product_cat","embeddable":true,"href":"https:\/\/verkkokauppa.lahti.fi\/museokauppa\/wp-json\/wp\/v2\/product_cat?post=14297"},{"taxonomy":"product_tag","embeddable":true,"href":"https:\/\/verkkokauppa.lahti.fi\/museokauppa\/wp-json\/wp\/v2\/product_tag?post=14297"}],"curies":[{"name":"wp","href":"https:\/\/api.w.org\/{rel}","templated":true}]}}