{"id":14872,"date":"2022-10-19T00:10:26","date_gmt":"2022-10-18T21:10:26","guid":{"rendered":"https:\/\/verkkokauppa.lahti.fi\/museokauppa\/tuote\/hyva-paikka-aikakaaria-paijat-hameen-historiaan\/"},"modified":"2026-01-01T00:12:17","modified_gmt":"2025-12-31T22:12:17","slug":"hyva-paikka-aikakaaria-paijat-hameen-historiaan","status":"publish","type":"product","link":"https:\/\/verkkokauppa.lahti.fi\/museokauppa\/tuote\/hyva-paikka-aikakaaria-paijat-hameen-historiaan\/","title":{"rendered":"Hyv\u00e4 paikka &#8211; Aikakaaria P\u00e4ij\u00e4t-H\u00e4meen historiaan"},"content":{"rendered":"<p>Miksi Lahti ja P\u00e4ij\u00e4t-H\u00e4me ovat \u201dHyv\u00e4 paikka asua, el\u00e4\u00e4 ja vierailla\u201d? Millaista tavallinen arki on ollut eri aikakausina?<\/p>\n<p>Hyv\u00e4 paikka kokoaa uusimman tutkimustiedon alueen geologiasta, luonnonoloista ja historiasta j\u00e4\u00e4kaudelta nykyp\u00e4iv\u00e4\u00e4n saakka. Teos selvitt\u00e4\u00e4, mist\u00e4 suunnista ensimm\u00e4iset asuttajat tulivat, miten seutukuntaa asutettiin esihistoriallisena aikana ja kuinka asutus muokkautui historialliselle ajalle tultaessa. Samalla selvi\u00e4\u00e4, miten Lahden kyl\u00e4 syntyi, kasvoi ja muuttui kaupungiksi. Keski\u00f6ss\u00e4 on yksil\u00f6n n\u00e4k\u00f6kulma ja tavallinen arki, jota ihmiset eliv\u00e4t eri aikakausina.<\/p>\n<p>Teoksen artikkelit ovat osa Lahden historiallisen museon perusn\u00e4yttelyn taustatutkimusta.<\/p>\n<p>&#8221;Ensimm\u00e4iset merkit asutuksesta ovat ajalta noin 11 000 vuotta sitten. Vesist\u00f6t tarjosivat kulkureittej\u00e4 varhaisille asuttajille. Ensimm\u00e4iset asuinpaikat ovatkin Porvoonjoen varrella. Yksi varhaisista asuinpaikoista on P\u00e4ij\u00e4t-H\u00e4meess\u00e4 Orimattilan Myllykoskella (noin 8830 eaa.).&#8221;<\/p>\n","protected":false},"excerpt":{"rendered":"<p>Miksi Lahti ja P\u00e4ij\u00e4t-H\u00e4me ovat \u201dHyv\u00e4 paikka asua, el\u00e4\u00e4 ja vierailla\u201d? Millaista tavallinen arki on ollut eri aikakausina? Hyv\u00e4 paikka kokoaa uusimman tutkimustiedon alueen geologiasta, luonnonoloista ja historiasta j\u00e4\u00e4kaudelta nykyp\u00e4iv\u00e4\u00e4n saakka. Teos selvitt\u00e4\u00e4, mist\u00e4 suunnista ensimm\u00e4iset asuttajat tulivat, miten seutukuntaa asutettiin esihistoriallisena aikana ja kuinka asutus muokkautui historialliselle ajalle tultaessa. Samalla selvi\u00e4\u00e4, miten Lahden kyl\u00e4 [&hellip;]<\/p>\n","protected":false},"featured_media":20852,"template":"","meta":[],"product_brand":[],"product_cat":[112],"product_tag":[],"class_list":{"0":"post-14872","1":"product","2":"type-product","3":"status-publish","4":"has-post-thumbnail","6":"product_cat-kirjat-0-0","8":"first","9":"instock","10":"taxable","11":"shipping-taxable","12":"purchasable","13":"product-type-simple"},"_links":{"self":[{"href":"https:\/\/verkkokauppa.lahti.fi\/museokauppa\/wp-json\/wp\/v2\/product\/14872","targetHints":{"allow":["GET"]}}],"collection":[{"href":"https:\/\/verkkokauppa.lahti.fi\/museokauppa\/wp-json\/wp\/v2\/product"}],"about":[{"href":"https:\/\/verkkokauppa.lahti.fi\/museokauppa\/wp-json\/wp\/v2\/types\/product"}],"wp:featuredmedia":[{"embeddable":true,"href":"https:\/\/verkkokauppa.lahti.fi\/museokauppa\/wp-json\/wp\/v2\/media\/20852"}],"wp:attachment":[{"href":"https:\/\/verkkokauppa.lahti.fi\/museokauppa\/wp-json\/wp\/v2\/media?parent=14872"}],"wp:term":[{"taxonomy":"product_brand","embeddable":true,"href":"https:\/\/verkkokauppa.lahti.fi\/museokauppa\/wp-json\/wp\/v2\/product_brand?post=14872"},{"taxonomy":"product_cat","embeddable":true,"href":"https:\/\/verkkokauppa.lahti.fi\/museokauppa\/wp-json\/wp\/v2\/product_cat?post=14872"},{"taxonomy":"product_tag","embeddable":true,"href":"https:\/\/verkkokauppa.lahti.fi\/museokauppa\/wp-json\/wp\/v2\/product_tag?post=14872"}],"curies":[{"name":"wp","href":"https:\/\/api.w.org\/{rel}","templated":true}]}}