{"id":18234,"date":"2023-08-17T13:38:40","date_gmt":"2023-08-17T10:38:40","guid":{"rendered":"https:\/\/verkkokauppa.lahti.fi\/museokauppa\/tuote\/salpakangas-eilen-tanaan-ja-huomenna-kirja\/"},"modified":"2026-01-01T01:00:03","modified_gmt":"2025-12-31T23:00:03","slug":"salpakangas-eilen-tanaan-ja-huomenna-kirja","status":"publish","type":"product","link":"https:\/\/verkkokauppa.lahti.fi\/museokauppa\/tuote\/salpakangas-eilen-tanaan-ja-huomenna-kirja\/","title":{"rendered":"Salpakangas eilen, t\u00e4n\u00e4\u00e4n ja huomenna -kirja"},"content":{"rendered":"<p>&#8221;Hollolan kuntakeskuksen suunnittelu alkoi 50 vuotta sitten. Salpakankaaksi nimetty keskus rakennettiin maantieliikenteen kannalta edulliseen paikkaan. Metsien ja peltojen keskelle muodostui vilkas kuntakeskus, jossa on hienoja esimerkkej\u00e4 modernista rakennusperinn\u00f6st\u00e4.\u00a0<\/p>\n<p>Lahden museot ja Hollolan kunta j\u00e4rjestiv\u00e4t kev\u00e4\u00e4ll\u00e4 2022 keskustelutilaisuuksia, joissa pohdittiin Salpakankaan rakennusperint\u00f6\u00e4, sen muotoutumiseen vaikuttaneita ilmi\u00f6it\u00e4 sek\u00e4 keskuksen merkityksi\u00e4 alueen asukkaille. Kirja on esitysten pohjalta koottu artikkelikokoelma.&#8221;<\/p>\n","protected":false},"excerpt":{"rendered":"<p>&#8221;Hollolan kuntakeskuksen suunnittelu alkoi 50 vuotta sitten. Salpakankaaksi nimetty keskus rakennettiin maantieliikenteen kannalta edulliseen paikkaan. Metsien ja peltojen keskelle muodostui vilkas kuntakeskus, jossa on hienoja esimerkkej\u00e4 modernista rakennusperinn\u00f6st\u00e4.\u00a0 Lahden museot ja Hollolan kunta j\u00e4rjestiv\u00e4t kev\u00e4\u00e4ll\u00e4 2022 keskustelutilaisuuksia, joissa pohdittiin Salpakankaan rakennusperint\u00f6\u00e4, sen muotoutumiseen vaikuttaneita ilmi\u00f6it\u00e4 sek\u00e4 keskuksen merkityksi\u00e4 alueen asukkaille. Kirja on esitysten pohjalta koottu [&hellip;]<\/p>\n","protected":false},"featured_media":18231,"template":"","meta":[],"product_brand":[],"product_cat":[112],"product_tag":[],"class_list":{"0":"post-18234","1":"product","2":"type-product","3":"status-publish","4":"has-post-thumbnail","6":"product_cat-kirjat-0-0","8":"first","9":"instock","10":"taxable","11":"shipping-taxable","12":"purchasable","13":"product-type-simple"},"_links":{"self":[{"href":"https:\/\/verkkokauppa.lahti.fi\/museokauppa\/wp-json\/wp\/v2\/product\/18234","targetHints":{"allow":["GET"]}}],"collection":[{"href":"https:\/\/verkkokauppa.lahti.fi\/museokauppa\/wp-json\/wp\/v2\/product"}],"about":[{"href":"https:\/\/verkkokauppa.lahti.fi\/museokauppa\/wp-json\/wp\/v2\/types\/product"}],"wp:featuredmedia":[{"embeddable":true,"href":"https:\/\/verkkokauppa.lahti.fi\/museokauppa\/wp-json\/wp\/v2\/media\/18231"}],"wp:attachment":[{"href":"https:\/\/verkkokauppa.lahti.fi\/museokauppa\/wp-json\/wp\/v2\/media?parent=18234"}],"wp:term":[{"taxonomy":"product_brand","embeddable":true,"href":"https:\/\/verkkokauppa.lahti.fi\/museokauppa\/wp-json\/wp\/v2\/product_brand?post=18234"},{"taxonomy":"product_cat","embeddable":true,"href":"https:\/\/verkkokauppa.lahti.fi\/museokauppa\/wp-json\/wp\/v2\/product_cat?post=18234"},{"taxonomy":"product_tag","embeddable":true,"href":"https:\/\/verkkokauppa.lahti.fi\/museokauppa\/wp-json\/wp\/v2\/product_tag?post=18234"}],"curies":[{"name":"wp","href":"https:\/\/api.w.org\/{rel}","templated":true}]}}