{"id":20389,"date":"2024-05-08T12:36:00","date_gmt":"2024-05-08T09:36:00","guid":{"rendered":"https:\/\/verkkokauppa.lahti.fi\/museokauppa\/tuote\/opastus-60-min-maaranpaa-nayttelyyn\/"},"modified":"2026-02-19T10:19:50","modified_gmt":"2026-02-19T08:19:50","slug":"draamaopastus-type3-uuden-maailman-raunioilla-nayttelyyn","status":"publish","type":"product","link":"https:\/\/verkkokauppa.lahti.fi\/museokauppa\/tuote\/draamaopastus-type3-uuden-maailman-raunioilla-nayttelyyn\/","title":{"rendered":"Draamaopastus Type3 &#8211; Uuden maailman raunioilla -n\u00e4yttelyyn"},"content":{"rendered":"<p>Tervetuloa toiseen todellisuuteen!<\/p>\n<p>T\u00e4m\u00e4 ei ole tavallinen yleis\u00f6opastus, vaan draamaopastus, joka her\u00e4tt\u00e4\u00e4 n\u00e4yttelyn tarinat eloon!<\/p>\n<p>Kuvittele maailma, jossa teknologia ja ihmisyys sulautuvat yhteen luoden uudenlaisen, paremman todellisuuden. Type3-teko\u00e4lyj\u00e4rjestelm\u00e4 on avannut meille oven t\u00e4h\u00e4n maailmaan. L\u00e4hde mukaan kiehtovalle opastukselle, jossa ratkot uuden todellisuuden salaisuuksia!\u00a0<\/p>\n<p>Malvassa sinua odottaa S\u00e4ie Koitto, virallinen ja palkittu Type3-opas. H\u00e4nen opastuksellaan viritt\u00e4ydyt\u00e4\u00e4n uuteen todellisuuteen: p\u00e4\u00e4set osaksi maailmaa, joka on t\u00e4ynn\u00e4 mahdollisuuksia. Type3 ei kysy, kuka olet \u2013 vaan kuka voit olla.\u00a0<\/p>\n<p>Draamaopastus on enemm\u00e4n kuin opastuskierros \u2013 se on kokemus, jossa n\u00e4yttely muuttuu tarinaksi ja sin\u00e4 sen osaksi. Draamaopastus tarkoittaa opastuskierrosta, jossa k\u00e4ytet\u00e4\u00e4n draaman keinoja el\u00e4v\u00f6itt\u00e4m\u00e4\u00e4n n\u00e4yttelyn sis\u00e4lt\u00f6\u00e4. T\u00e4ss\u00e4 draamaopastuksessa opas toimii roolihahmossa lis\u00e4ten el\u00e4myksellisyytt\u00e4 ja tarinankerrontaa. Draamaopastuksella p\u00e4\u00e4set viritt\u00e4ytym\u00e4\u00e4n n\u00e4yttelyn maailmaan ja syvent\u00e4m\u00e4\u00e4n n\u00e4yttelykokemusta.<\/p>\n<p><strong>Kesto:<\/strong> 60 minuuttia<br \/><strong>Kieli:<\/strong> suomi<br \/><strong>Ryhm\u00e4koko:<\/strong> max 20 henkil\u00f6\u00e4<br \/><strong>Hinta:<\/strong> 150\u20ac ti-la, 300\u20ac su<br \/>p\u00e4\u00e4syliput eiv\u00e4t sis\u00e4lly opastuksen hintaan<\/p>\n<p>Opastusta ei suositella alakouluik\u00e4isille tai sit\u00e4 pienemmille lapsille. N\u00e4yttelyss\u00e4 on h\u00e4m\u00e4r\u00e4\u00e4 ja kovia \u00e4\u00e4ni\u00e4.<\/p>\n<p><strong>Maksutavat<\/p>\n<p><\/strong>Voit tehd\u00e4 varauksen ja maksaa opastuksen heti alla olevalla lomakkeella. Saat varausvahvistuksen s\u00e4hk\u00f6postiisi.<br \/>P\u00e4\u00e4syliput voi ostaa ennakkoon verkkokaupasta tai paikan p\u00e4\u00e4ll\u00e4 museon lipunmyynnist\u00e4.<\/p>\n<p>Jos haluat opastuksen laskulle, tai maksaa sen paikan p\u00e4\u00e4ll\u00e4 lipunmyynniss\u00e4, varaa opastus erillisell\u00e4 varauslomakkeella <a href=\"https:\/\/www.malvamuseo.fi\/varaa-opastus\/draamaopastus-type3-uuden-maailman-raunioilla\/\">t\u00e4\u00e4lt\u00e4<\/a>.<\/p>\n<p><\/p>\n","protected":false},"excerpt":{"rendered":"<p>Tervetuloa toiseen todellisuuteen! T\u00e4m\u00e4 ei ole tavallinen yleis\u00f6opastus, vaan draamaopastus, joka her\u00e4tt\u00e4\u00e4 n\u00e4yttelyn tarinat eloon! Kuvittele maailma, jossa teknologia ja ihmisyys sulautuvat yhteen luoden uudenlaisen, paremman todellisuuden. Type3-teko\u00e4lyj\u00e4rjestelm\u00e4 on avannut meille oven t\u00e4h\u00e4n maailmaan. L\u00e4hde mukaan kiehtovalle opastukselle, jossa ratkot uuden todellisuuden salaisuuksia!\u00a0 Malvassa sinua odottaa S\u00e4ie Koitto, virallinen ja palkittu Type3-opas. H\u00e4nen opastuksellaan viritt\u00e4ydyt\u00e4\u00e4n [&hellip;]<\/p>\n","protected":false},"featured_media":35593,"template":"","meta":[],"product_brand":[],"product_cat":[170],"product_tag":[],"class_list":{"0":"post-20389","1":"product","2":"type-product","3":"status-publish","4":"has-post-thumbnail","6":"product_cat-suomenkieliset-opastukset","8":"first","9":"instock","10":"virtual","11":"sold-individually","12":"taxable","13":"purchasable","14":"product-type-phive_booking"},"_links":{"self":[{"href":"https:\/\/verkkokauppa.lahti.fi\/museokauppa\/wp-json\/wp\/v2\/product\/20389","targetHints":{"allow":["GET"]}}],"collection":[{"href":"https:\/\/verkkokauppa.lahti.fi\/museokauppa\/wp-json\/wp\/v2\/product"}],"about":[{"href":"https:\/\/verkkokauppa.lahti.fi\/museokauppa\/wp-json\/wp\/v2\/types\/product"}],"wp:featuredmedia":[{"embeddable":true,"href":"https:\/\/verkkokauppa.lahti.fi\/museokauppa\/wp-json\/wp\/v2\/media\/35593"}],"wp:attachment":[{"href":"https:\/\/verkkokauppa.lahti.fi\/museokauppa\/wp-json\/wp\/v2\/media?parent=20389"}],"wp:term":[{"taxonomy":"product_brand","embeddable":true,"href":"https:\/\/verkkokauppa.lahti.fi\/museokauppa\/wp-json\/wp\/v2\/product_brand?post=20389"},{"taxonomy":"product_cat","embeddable":true,"href":"https:\/\/verkkokauppa.lahti.fi\/museokauppa\/wp-json\/wp\/v2\/product_cat?post=20389"},{"taxonomy":"product_tag","embeddable":true,"href":"https:\/\/verkkokauppa.lahti.fi\/museokauppa\/wp-json\/wp\/v2\/product_tag?post=20389"}],"curies":[{"name":"wp","href":"https:\/\/api.w.org\/{rel}","templated":true}]}}