{"id":21271,"date":"2024-09-01T00:11:15","date_gmt":"2024-08-31T21:11:15","guid":{"rendered":"https:\/\/verkkokauppa.lahti.fi\/museokauppa\/tuote\/vauvojen-varikylpy\/"},"modified":"2026-03-12T09:45:26","modified_gmt":"2026-03-12T07:45:26","slug":"vauvojen-varikylpy-23-4-2026","status":"publish","type":"product","link":"https:\/\/verkkokauppa.lahti.fi\/museokauppa\/tuote\/vauvojen-varikylpy-23-4-2026\/","title":{"rendered":"Vauvojen v\u00e4rikylpy 23.4.2026"},"content":{"rendered":"<p class=\"MsoNormal\"><strong>23.4. klo 10.15-11.00 Pajatila Kumma, Malva<\/strong><\/p>\n<p class=\"MsoNormal\">Vauvojen v\u00e4rikylpy: Valo ja varjo<\/p>\n<p class=\"MsoNormal\">Vauvojen v\u00e4rikylvyiss\u00e4 l\u00e4ht\u00f6kohtina toimii visuaalinen ilottelu, l\u00e4sn\u00e4olo, moniaistillisuus sek\u00e4 el\u00e4myksellisyys. Ty\u00f6pajoissa tutkitaan muoto- ja v\u00e4ril\u00e4ht\u00f6kohdista erilaisia materiaaleja moniaistillisesti yhdess\u00e4 lapsen kanssa, jonka j\u00e4lkeen maalataan elintarvikkeista tehdyill\u00e4 v\u00e4rikylpymaaleilla. V\u00e4rikylvyn teemana on VALO ja VARJO. Mukana on my\u00f6s \u00e4\u00e4nimaisemaa ja valaistuksen muuttamista.<\/p>\n<p class=\"MsoNormal\">Ty\u00f6pajaan mahtuu 10 vauva-aikuinen paria. Osallistua voi my\u00f6s kahden lapsen kanssa, jolloin ostetaan kaksi v\u00e4rikylpypaikkaa. V\u00e4rikylvyn hinta on 25\u20ac\/lapsi.<\/p>\n<p class=\"MsoNormal\">Ty\u00f6pajan kesto on 45 minuuttia, mutta tulethan paikalle v\u00e4hint\u00e4\u00e4n 10 min ennen aloitusta. Ty\u00f6pajan j\u00e4lkeen kannattaa varata aikaa lapsen vaatteiden vaihtoon ja siistimiseen. Ota siis varavaatteet ja mahdollisesti pyyhe mukaan (ehk\u00e4 my\u00f6s itsellesi). V\u00e4rikylvyn teoksen voi j\u00e4tt\u00e4\u00e4 kuivumaan Malvan ty\u00f6pajatilaan ja ne voidaan hakea my\u00f6hemmin sovitusti.<\/p>\n<p class=\"MsoNormal\">Ty\u00f6paja on tarkoitettu 3kk &#8211; 1 v vauvoille. Ty\u00f6pajassa ei k\u00e4ytet\u00e4 maito-\/viljatuotteita. Ty\u00f6pajan ohjaa Linda Sj\u00f6holm.<\/p>\n","protected":false},"excerpt":{"rendered":"<p>23.4. klo 10.15-11.00 Pajatila Kumma, Malva Vauvojen v\u00e4rikylpy: Valo ja varjo Vauvojen v\u00e4rikylvyiss\u00e4 l\u00e4ht\u00f6kohtina toimii visuaalinen ilottelu, l\u00e4sn\u00e4olo, moniaistillisuus sek\u00e4 el\u00e4myksellisyys. Ty\u00f6pajoissa tutkitaan muoto- ja v\u00e4ril\u00e4ht\u00f6kohdista erilaisia materiaaleja moniaistillisesti yhdess\u00e4 lapsen kanssa, jonka j\u00e4lkeen maalataan elintarvikkeista tehdyill\u00e4 v\u00e4rikylpymaaleilla. V\u00e4rikylvyn teemana on VALO ja VARJO. Mukana on my\u00f6s \u00e4\u00e4nimaisemaa ja valaistuksen muuttamista. Ty\u00f6pajaan mahtuu 10 vauva-aikuinen [&hellip;]<\/p>\n","protected":false},"featured_media":33987,"template":"","meta":[],"product_brand":[],"product_cat":[84],"product_tag":[],"class_list":{"0":"post-21271","1":"product","2":"type-product","3":"status-publish","4":"has-post-thumbnail","6":"product_cat-tapahtumat-0","8":"first","9":"outofstock","10":"virtual","11":"taxable","12":"purchasable","13":"product-type-simple"},"_links":{"self":[{"href":"https:\/\/verkkokauppa.lahti.fi\/museokauppa\/wp-json\/wp\/v2\/product\/21271","targetHints":{"allow":["GET"]}}],"collection":[{"href":"https:\/\/verkkokauppa.lahti.fi\/museokauppa\/wp-json\/wp\/v2\/product"}],"about":[{"href":"https:\/\/verkkokauppa.lahti.fi\/museokauppa\/wp-json\/wp\/v2\/types\/product"}],"wp:featuredmedia":[{"embeddable":true,"href":"https:\/\/verkkokauppa.lahti.fi\/museokauppa\/wp-json\/wp\/v2\/media\/33987"}],"wp:attachment":[{"href":"https:\/\/verkkokauppa.lahti.fi\/museokauppa\/wp-json\/wp\/v2\/media?parent=21271"}],"wp:term":[{"taxonomy":"product_brand","embeddable":true,"href":"https:\/\/verkkokauppa.lahti.fi\/museokauppa\/wp-json\/wp\/v2\/product_brand?post=21271"},{"taxonomy":"product_cat","embeddable":true,"href":"https:\/\/verkkokauppa.lahti.fi\/museokauppa\/wp-json\/wp\/v2\/product_cat?post=21271"},{"taxonomy":"product_tag","embeddable":true,"href":"https:\/\/verkkokauppa.lahti.fi\/museokauppa\/wp-json\/wp\/v2\/product_tag?post=21271"}],"curies":[{"name":"wp","href":"https:\/\/api.w.org\/{rel}","templated":true}]}}