{"id":21704,"date":"2024-09-27T14:35:45","date_gmt":"2024-09-27T11:35:45","guid":{"rendered":"https:\/\/verkkokauppa.lahti.fi\/museokauppa\/tuote\/kotiin-kirja\/"},"modified":"2026-01-01T00:12:00","modified_gmt":"2025-12-31T22:12:00","slug":"kotiin-kirja","status":"publish","type":"product","link":"https:\/\/verkkokauppa.lahti.fi\/museokauppa\/tuote\/kotiin-kirja\/","title":{"rendered":"Kotiin-kirja"},"content":{"rendered":"<p>Kirja sis\u00e4lt\u00e4\u00e4 valittuja sivuja n\u00e4k\u00f6ispainoksena vanhoista sota-ajan vihkoista. Musiikin tohtori Anne-Mari Kivim\u00e4ki sai mummoltaan vanhoja muistovihkoja, jotka sis\u00e4lsiv\u00e4t Valamon saaren ja Suomen Joutsenen, 1944\u20131945 vuosilta sotilaiden kirjoittamia muistoja ja iskus\u00e4veli\u00e4. Vihkojen innoittamana Kivim\u00e4ki toimitti Kotiin \u2013 muistoja- ja lauluja -kirjan, joka antaa mahdollisuuden kurkistaa jatkosodan ja sen j\u00e4lkeiseen nuorten el\u00e4m\u00e4\u00e4n.<\/p>\n","protected":false},"excerpt":{"rendered":"<p>Kirja sis\u00e4lt\u00e4\u00e4 valittuja sivuja n\u00e4k\u00f6ispainoksena vanhoista sota-ajan vihkoista. Musiikin tohtori Anne-Mari Kivim\u00e4ki sai mummoltaan vanhoja muistovihkoja, jotka sis\u00e4lsiv\u00e4t Valamon saaren ja Suomen Joutsenen, 1944\u20131945 vuosilta sotilaiden kirjoittamia muistoja ja iskus\u00e4veli\u00e4. Vihkojen innoittamana Kivim\u00e4ki toimitti Kotiin \u2013 muistoja- ja lauluja -kirjan, joka antaa mahdollisuuden kurkistaa jatkosodan ja sen j\u00e4lkeiseen nuorten el\u00e4m\u00e4\u00e4n.<\/p>\n","protected":false},"featured_media":21701,"template":"","meta":[],"product_brand":[],"product_cat":[112],"product_tag":[],"class_list":{"0":"post-21704","1":"product","2":"type-product","3":"status-publish","4":"has-post-thumbnail","6":"product_cat-kirjat-0-0","8":"first","9":"instock","10":"featured","11":"taxable","12":"shipping-taxable","13":"purchasable","14":"product-type-simple"},"_links":{"self":[{"href":"https:\/\/verkkokauppa.lahti.fi\/museokauppa\/wp-json\/wp\/v2\/product\/21704","targetHints":{"allow":["GET"]}}],"collection":[{"href":"https:\/\/verkkokauppa.lahti.fi\/museokauppa\/wp-json\/wp\/v2\/product"}],"about":[{"href":"https:\/\/verkkokauppa.lahti.fi\/museokauppa\/wp-json\/wp\/v2\/types\/product"}],"wp:featuredmedia":[{"embeddable":true,"href":"https:\/\/verkkokauppa.lahti.fi\/museokauppa\/wp-json\/wp\/v2\/media\/21701"}],"wp:attachment":[{"href":"https:\/\/verkkokauppa.lahti.fi\/museokauppa\/wp-json\/wp\/v2\/media?parent=21704"}],"wp:term":[{"taxonomy":"product_brand","embeddable":true,"href":"https:\/\/verkkokauppa.lahti.fi\/museokauppa\/wp-json\/wp\/v2\/product_brand?post=21704"},{"taxonomy":"product_cat","embeddable":true,"href":"https:\/\/verkkokauppa.lahti.fi\/museokauppa\/wp-json\/wp\/v2\/product_cat?post=21704"},{"taxonomy":"product_tag","embeddable":true,"href":"https:\/\/verkkokauppa.lahti.fi\/museokauppa\/wp-json\/wp\/v2\/product_tag?post=21704"}],"curies":[{"name":"wp","href":"https:\/\/api.w.org\/{rel}","templated":true}]}}