{"id":21721,"date":"2024-09-27T15:07:33","date_gmt":"2024-09-27T12:07:33","guid":{"rendered":"https:\/\/verkkokauppa.lahti.fi\/museokauppa\/tuote\/lahti-varityskirja-historiallinen-museo\/"},"modified":"2026-01-19T14:05:15","modified_gmt":"2026-01-19T12:05:15","slug":"lahti-varityskirja-historiallinen-museo","status":"publish","type":"product","link":"https:\/\/verkkokauppa.lahti.fi\/museokauppa\/tuote\/lahti-varityskirja-historiallinen-museo\/","title":{"rendered":"Lahti -v\u00e4rityskirja"},"content":{"rendered":"<p>Lahden museoiden tuottama kaunis v\u00e4rityskirja.<\/p>\n<p>V\u00e4rityskirja on kuin pienoishistoriikki, sek\u00e4 kunnianosoitus tunnettuja lahtelaisia rakennuksia kohtaan.<\/p>\n<p>Riitta Niskasen oivaltavat tekstit sek\u00e4 rakennusvalvonnan ja tilakeskuksen rakennuspiirustukset antavat oman mausteensa kirjaan.\u00a0<\/p>\n<p>T\u00e4m\u00e4 kirja on painamista my\u00f6ten tehty Lahdessa yhteisty\u00f6ss\u00e4 rakennusvalvonnan ja tilakeskuksen kanssa.<\/p>\n<p>Kirjaa kuvittavat Lahden museoiden omat valokuvat ja jokaisen v\u00e4ritett\u00e4v\u00e4n osion p\u00e4\u00e4ll\u00e4 on alkuper\u00e4iset rakennuspiirustukset kuultopaperilla, jonka l\u00e4pi n\u00e4kyy v\u00e4ritett\u00e4v\u00e4 osio.<\/p>\n<p>Piirrokset ja taitto ovat nuoren lahtelaisen graafikon Hilja Kaitilan k\u00e4sialaa. Projektissa on mukana my\u00f6s paikallinen Painajainen oy.<\/p>\n","protected":false},"excerpt":{"rendered":"<p>Lahden museoiden tuottama kaunis v\u00e4rityskirja. V\u00e4rityskirja on kuin pienoishistoriikki, sek\u00e4 kunnianosoitus tunnettuja lahtelaisia rakennuksia kohtaan. Riitta Niskasen oivaltavat tekstit sek\u00e4 rakennusvalvonnan ja tilakeskuksen rakennuspiirustukset antavat oman mausteensa kirjaan.\u00a0 T\u00e4m\u00e4 kirja on painamista my\u00f6ten tehty Lahdessa yhteisty\u00f6ss\u00e4 rakennusvalvonnan ja tilakeskuksen kanssa. Kirjaa kuvittavat Lahden museoiden omat valokuvat ja jokaisen v\u00e4ritett\u00e4v\u00e4n osion p\u00e4\u00e4ll\u00e4 on alkuper\u00e4iset rakennuspiirustukset kuultopaperilla, [&hellip;]<\/p>\n","protected":false},"featured_media":21711,"template":"","meta":[],"product_brand":[],"product_cat":[112],"product_tag":[],"class_list":{"0":"post-21721","1":"product","2":"type-product","3":"status-publish","4":"has-post-thumbnail","6":"product_cat-kirjat-0-0","8":"first","9":"instock","10":"featured","11":"taxable","12":"shipping-taxable","13":"purchasable","14":"product-type-simple"},"_links":{"self":[{"href":"https:\/\/verkkokauppa.lahti.fi\/museokauppa\/wp-json\/wp\/v2\/product\/21721","targetHints":{"allow":["GET"]}}],"collection":[{"href":"https:\/\/verkkokauppa.lahti.fi\/museokauppa\/wp-json\/wp\/v2\/product"}],"about":[{"href":"https:\/\/verkkokauppa.lahti.fi\/museokauppa\/wp-json\/wp\/v2\/types\/product"}],"wp:featuredmedia":[{"embeddable":true,"href":"https:\/\/verkkokauppa.lahti.fi\/museokauppa\/wp-json\/wp\/v2\/media\/21711"}],"wp:attachment":[{"href":"https:\/\/verkkokauppa.lahti.fi\/museokauppa\/wp-json\/wp\/v2\/media?parent=21721"}],"wp:term":[{"taxonomy":"product_brand","embeddable":true,"href":"https:\/\/verkkokauppa.lahti.fi\/museokauppa\/wp-json\/wp\/v2\/product_brand?post=21721"},{"taxonomy":"product_cat","embeddable":true,"href":"https:\/\/verkkokauppa.lahti.fi\/museokauppa\/wp-json\/wp\/v2\/product_cat?post=21721"},{"taxonomy":"product_tag","embeddable":true,"href":"https:\/\/verkkokauppa.lahti.fi\/museokauppa\/wp-json\/wp\/v2\/product_tag?post=21721"}],"curies":[{"name":"wp","href":"https:\/\/api.w.org\/{rel}","templated":true}]}}