{"id":21844,"date":"2024-10-02T11:14:10","date_gmt":"2024-10-02T08:14:10","guid":{"rendered":"https:\/\/verkkokauppa.lahti.fi\/museokauppa\/tuote\/lakkautettu-kyla-konsertti\/"},"modified":"2026-01-01T00:11:38","modified_gmt":"2025-12-31T22:11:38","slug":"kotiin-albumin-julkaisukonsertti-8-3-2025-klo-13","status":"publish","type":"product","link":"https:\/\/verkkokauppa.lahti.fi\/museokauppa\/tuote\/kotiin-albumin-julkaisukonsertti-8-3-2025-klo-13\/","title":{"rendered":"Kotiin -albumin julkaisukonsertti 8.3.2025 klo 13"},"content":{"rendered":"<p><strong>Kotiin -albumin julkaisukonsertti<\/strong><\/p>\n<p class=\"MsoNormal\">Hypnoottinen haitaritrance soi Kotiin-albumin julkaisukonsertissa la 8.3. klo 13 Lahden Historiallisessa museossa. Kotiin-n\u00e4yttelyyn liittyv\u00e4 yhteisty\u00f6 tutkivan muusikon Anne-Mari Kivim\u00e4en kanssa huipentuu, kun h\u00e4nen uusimman albuminsa julkaisukiertue rantautuu my\u00f6s Lahteen.<\/p>\n<p class=\"MsoNormal\">Konsertissa kuullaan karjalaisiin tarinoihin ja ikiaikaisiin s\u00e4veliin pohjautuvaa haitarimusiikkia, jonka rytmiss\u00e4 on lupa hytky\u00e4. Anne-Mari Kivim\u00e4en instrumentteina ovat Notka-haitari, 5-rivinen haitari, stomp box ja laulu. H\u00e4nen mukanaan ensembless\u00e4 ovat Silja Palom\u00e4ki (kantele, klarinetti, laulu) sek\u00e4 Timo V\u00e4\u00e4n\u00e4nen (kantele, nars juh, laulu)<\/p>\n<p class=\"MsoNormal\"><strong>Milloin<\/strong>: 8.3.2025 klo 13<\/p>\n<p class=\"MsoNormal\"><strong>Miss\u00e4<\/strong>: August Fellman -Sali, Lahden Historiallinen museo, Kartanonkatu 1, Lahti.<\/p>\n<p class=\"MsoNormal\"><strong>Hinta<\/strong>: Konserttilippu maksaa 20 \u20ac sis\u00e4lt\u00e4en p\u00e4\u00e4syn Kotiin -n\u00e4yttelyyn, mutta ei Hyv\u00e4 paikka -n\u00e4yttelyyn. Museokortilla konserttilippu 10 \u20ac<\/p>\n<p class=\"MsoNormal\"><strong>HUOM!<\/strong>\u00a0<strong>Alennetun\u00a0lipun voi ostaa ainoastaan Historialliselta museolta, ei verkkokaupasta.<\/strong><\/p>\n<p class=\"MsoNormal\">Esiintyj\u00e4t:<\/p>\n<p class=\"MsoNormal\">Anne-Mari Kivim\u00e4ki Notka-haitari, 5-rivinen haitari, stomp box, laulu<\/p>\n<p class=\"MsoNormal\">Silja Palom\u00e4ki kantele, klarinetti, laulu<\/p>\n<p class=\"MsoNormal\">Timo V\u00e4\u00e4n\u00e4nen kantele, nars juh, laulu<\/p>\n<p class=\"MsoNormal\">Tapahtuma toteutetaan yhteisty\u00f6ss\u00e4 Folk Extremen ja Lahden Historiallisen museon kanssa<\/p>\n","protected":false},"excerpt":{"rendered":"<p>Kotiin -albumin julkaisukonsertti Hypnoottinen haitaritrance soi Kotiin-albumin julkaisukonsertissa la 8.3. klo 13 Lahden Historiallisessa museossa. Kotiin-n\u00e4yttelyyn liittyv\u00e4 yhteisty\u00f6 tutkivan muusikon Anne-Mari Kivim\u00e4en kanssa huipentuu, kun h\u00e4nen uusimman albuminsa julkaisukiertue rantautuu my\u00f6s Lahteen. Konsertissa kuullaan karjalaisiin tarinoihin ja ikiaikaisiin s\u00e4veliin pohjautuvaa haitarimusiikkia, jonka rytmiss\u00e4 on lupa hytky\u00e4. Anne-Mari Kivim\u00e4en instrumentteina ovat Notka-haitari, 5-rivinen haitari, stomp box [&hellip;]<\/p>\n","protected":false},"featured_media":34081,"template":"","meta":[],"product_brand":[],"product_cat":[121],"product_tag":[],"class_list":{"0":"post-21844","1":"product","2":"type-product","3":"status-publish","4":"has-post-thumbnail","6":"product_cat-tapahtumat-0-0","8":"first","9":"instock","10":"virtual","11":"taxable","12":"purchasable","13":"product-type-simple"},"_links":{"self":[{"href":"https:\/\/verkkokauppa.lahti.fi\/museokauppa\/wp-json\/wp\/v2\/product\/21844","targetHints":{"allow":["GET"]}}],"collection":[{"href":"https:\/\/verkkokauppa.lahti.fi\/museokauppa\/wp-json\/wp\/v2\/product"}],"about":[{"href":"https:\/\/verkkokauppa.lahti.fi\/museokauppa\/wp-json\/wp\/v2\/types\/product"}],"wp:featuredmedia":[{"embeddable":true,"href":"https:\/\/verkkokauppa.lahti.fi\/museokauppa\/wp-json\/wp\/v2\/media\/34081"}],"wp:attachment":[{"href":"https:\/\/verkkokauppa.lahti.fi\/museokauppa\/wp-json\/wp\/v2\/media?parent=21844"}],"wp:term":[{"taxonomy":"product_brand","embeddable":true,"href":"https:\/\/verkkokauppa.lahti.fi\/museokauppa\/wp-json\/wp\/v2\/product_brand?post=21844"},{"taxonomy":"product_cat","embeddable":true,"href":"https:\/\/verkkokauppa.lahti.fi\/museokauppa\/wp-json\/wp\/v2\/product_cat?post=21844"},{"taxonomy":"product_tag","embeddable":true,"href":"https:\/\/verkkokauppa.lahti.fi\/museokauppa\/wp-json\/wp\/v2\/product_tag?post=21844"}],"curies":[{"name":"wp","href":"https:\/\/api.w.org\/{rel}","templated":true}]}}