{"id":21890,"date":"2024-10-03T15:22:07","date_gmt":"2024-10-03T12:22:07","guid":{"rendered":"https:\/\/verkkokauppa.lahti.fi\/museokauppa\/tuote\/paasylippu-sari-soininen-katseen-takana-nayttelyyn\/"},"modified":"2025-11-17T13:17:38","modified_gmt":"2025-11-17T11:17:38","slug":"paasylippu-pauliina-makela-pneuma-nayttelyyn","status":"publish","type":"product","link":"https:\/\/verkkokauppa.lahti.fi\/museokauppa\/tuote\/paasylippu-pauliina-makela-pneuma-nayttelyyn\/","title":{"rendered":"P\u00e4\u00e4sylippu Type 3 &#8211; Uuden maailman raunioilla -n\u00e4yttelyyn"},"content":{"rendered":"<p>T\u00e4m\u00e4 p\u00e4\u00e4sylippu oikeuttaa vierailuun valitussa n\u00e4yttelyss\u00e4.<\/p>\n<p>\u00a0<\/p>\n<p>Type3 \u2013 Uuden maailman raunioilla on taiteilija Pasi Rauhalan luoma uudenlainen n\u00e4yttely. Audiovisuaalinen ja vuorovaikutteinen teoskokonaisuus ottaa vaikutteita videopelien maailmoista ja vie k\u00e4vij\u00e4t mielikuvitusmatkalle tulevaisuuteen.\u00a0<\/p>\n<p>N\u00e4yttelyn kuvaamassa tulevaisuuden yhteiskunnassa teko\u00e4ly on ottanut vallan ja valvoo ihmisten jokaista liikett\u00e4. Kukaan tai mik\u00e4\u00e4n t\u00e4ss\u00e4 maailmassa ei ole sit\u00e4, milt\u00e4 n\u00e4ytt\u00e4\u00e4. Type3 havainnollistaa, millaiseksi maailma voi muuttua, jos teko\u00e4lylle, algoritmeille ja suurille teknologiayrityksille annetaan rajaton valta.\u00a0<\/p>\n<p>Seitsem\u00e4\u00e4n n\u00e4yttelysaliin rakentuva tarinallinen n\u00e4yttelykokemus alkaa p\u00e4\u00e4henkil\u00f6 Isaacin asunnosta. N\u00e4yttely kutsuu k\u00e4vij\u00e4n seikkailuun, joka paljastuu v\u00e4hitellen huone huoneelta Isaacin j\u00e4tt\u00e4mien j\u00e4lkien kautta. Jokainen huone avaa uuden n\u00e4k\u00f6kulman tarinan maailmaan. Useissa tiloissa on vuorovaikutteisia elementtej\u00e4, joiden kautta my\u00f6s k\u00e4vij\u00e4 tulee osaksi Type3 -j\u00e4rjestelm\u00e4n hallitsemaa maailmaa.\u00a0\u00a0<\/p>\n<p>N\u00e4yttelyn toteuttamisessa on k\u00e4ytetty teko\u00e4ly\u00e4, 3D-animaatiota, pelimoottoreita ja teatterimaisia lavasteita. \u00c4\u00e4nimaailmasta vastaa s\u00e4velt\u00e4j\u00e4 Laura Naukkarinen (Lau Nau) ja tarinaa on kehitetty yhteisty\u00f6ss\u00e4 tieteiskirjailija Emmi It\u00e4rannan kanssa.\u00a0<\/p>\n<p>Lahtelaissyntyinen Pasi Rauhala\u202f(s.1978) on mediataiteilija, jonka ty\u00f6skentelyss\u00e4 korostuvat\u202finteraktiivisuus, tilallisuus ja julkinen tila.\u202f\u202fRauhalan teokset kutsuvat yleis\u00f6n mukaan vuorovaikutukseen ja tutkimaan ymp\u00e4r\u00f6iv\u00e4\u00e4 maailmaa uusista n\u00e4k\u00f6kulmista.<\/p>\n<p>N\u00e4yttely on avoinna 28.11.2025 \u2010 12.4.2026.\u00a0<\/p>\n<p>Huom.! Ryhm\u00e4lippu on tarkoitettu v\u00e4hint\u00e4\u00e4n 15 henkil\u00f6n ryhmille.\u00a0<\/p>\n","protected":false},"excerpt":{"rendered":"<p>T\u00e4m\u00e4 p\u00e4\u00e4sylippu oikeuttaa vierailuun valitussa n\u00e4yttelyss\u00e4. \u00a0 Type3 \u2013 Uuden maailman raunioilla on taiteilija Pasi Rauhalan luoma uudenlainen n\u00e4yttely. Audiovisuaalinen ja vuorovaikutteinen teoskokonaisuus ottaa vaikutteita videopelien maailmoista ja vie k\u00e4vij\u00e4t mielikuvitusmatkalle tulevaisuuteen.\u00a0 N\u00e4yttelyn kuvaamassa tulevaisuuden yhteiskunnassa teko\u00e4ly on ottanut vallan ja valvoo ihmisten jokaista liikett\u00e4. Kukaan tai mik\u00e4\u00e4n t\u00e4ss\u00e4 maailmassa ei ole sit\u00e4, milt\u00e4 n\u00e4ytt\u00e4\u00e4. [&hellip;]<\/p>\n","protected":false},"featured_media":35253,"template":"","meta":[],"product_brand":[],"product_cat":[49],"product_tag":[],"class_list":{"0":"post-21890","1":"product","2":"type-product","3":"status-publish","4":"has-post-thumbnail","6":"product_cat-liput","8":"first","9":"instock","10":"featured","11":"virtual","12":"taxable","13":"purchasable","14":"product-type-phive_booking"},"_links":{"self":[{"href":"https:\/\/verkkokauppa.lahti.fi\/museokauppa\/wp-json\/wp\/v2\/product\/21890","targetHints":{"allow":["GET"]}}],"collection":[{"href":"https:\/\/verkkokauppa.lahti.fi\/museokauppa\/wp-json\/wp\/v2\/product"}],"about":[{"href":"https:\/\/verkkokauppa.lahti.fi\/museokauppa\/wp-json\/wp\/v2\/types\/product"}],"wp:featuredmedia":[{"embeddable":true,"href":"https:\/\/verkkokauppa.lahti.fi\/museokauppa\/wp-json\/wp\/v2\/media\/35253"}],"wp:attachment":[{"href":"https:\/\/verkkokauppa.lahti.fi\/museokauppa\/wp-json\/wp\/v2\/media?parent=21890"}],"wp:term":[{"taxonomy":"product_brand","embeddable":true,"href":"https:\/\/verkkokauppa.lahti.fi\/museokauppa\/wp-json\/wp\/v2\/product_brand?post=21890"},{"taxonomy":"product_cat","embeddable":true,"href":"https:\/\/verkkokauppa.lahti.fi\/museokauppa\/wp-json\/wp\/v2\/product_cat?post=21890"},{"taxonomy":"product_tag","embeddable":true,"href":"https:\/\/verkkokauppa.lahti.fi\/museokauppa\/wp-json\/wp\/v2\/product_tag?post=21890"}],"curies":[{"name":"wp","href":"https:\/\/api.w.org\/{rel}","templated":true}]}}