{"id":21892,"date":"2024-10-03T15:22:10","date_gmt":"2024-10-03T12:22:10","guid":{"rendered":"https:\/\/verkkokauppa.lahti.fi\/museokauppa\/tuote\/paasylippu-helle-piilola-siren-tulevaisuuden-puutarha-nayttelyyn\/"},"modified":"2025-11-17T13:17:30","modified_gmt":"2025-11-17T11:17:30","slug":"paasylippu-kaarlo-stauffer-fantasmagoria-nayttelyyn","status":"publish","type":"product","link":"https:\/\/verkkokauppa.lahti.fi\/museokauppa\/tuote\/paasylippu-kaarlo-stauffer-fantasmagoria-nayttelyyn\/","title":{"rendered":"P\u00e4\u00e4sylippu Outo vetovoima -n\u00e4yttelyyn"},"content":{"rendered":"<p>T\u00e4m\u00e4 p\u00e4\u00e4sylippu oikeuttaa vierailuun valitussa n\u00e4yttelyss\u00e4.<\/p>\n<p>Voiko teknologia koskettaa? Outo vetovoima -n\u00e4yttelyss\u00e4 pohditaan tapoja, joilla teknologia on osa arkeamme k\u00e4den ja mielen jatkeena. Kansainv\u00e4lisesti merkitt\u00e4v\u00e4t nykytaiteilijat l\u00e4hestyv\u00e4t n\u00e4yttelyss\u00e4 teemaa muun muassa \u00f6ljyv\u00e4rimaalausten, valokuvien ja installaatioiden kautta.\u00a0<\/p>\n<p>Elohopeamainen, jatkuvasti kehittyv\u00e4 ja muuttuva teknologia vaikuttaa yh\u00e4 eneneviss\u00e4 m\u00e4\u00e4rin tapoihin, joilla osallistumme, ajattelemme ja tunnemme. Vaikka hy\u00f6dynn\u00e4mme teknologiaa koko ajan aiempaa enemm\u00e4n, ei oman kehomme merkitys kuitenkaan katoa. Outo vetovoima -n\u00e4yttelyss\u00e4 keskustellaan n\u00e4ist\u00e4 kehon ja mielen v\u00e4lisist\u00e4 yhteyksist\u00e4 ja tavoista, joilla n\u00e4it\u00e4 yhteyksi\u00e4 muokataan ja hakkeroidaan.\u00a0<\/p>\n<p>Ryhm\u00e4n\u00e4yttely esittelee tekij\u00f6it\u00e4 taiteen eri aloilta ymp\u00e4ri maailmaa. Monen n\u00e4yttelyyn osallistuvan kansainv\u00e4lisen taiteilijan teoksia tullaan n\u00e4kem\u00e4\u00e4n Suomessa ensi kertaa.<\/p>\n<p>\u00a0<\/p>\n<p>N\u00e4yttely on avoinna 3.10.2025 \u2010 8.3.2026.<\/p>\n<p>Huom.! Ryhm\u00e4lippu on tarkoitettu v\u00e4hint\u00e4\u00e4n 15 henkil\u00f6n ryhmille.\u00a0<\/p>\n","protected":false},"excerpt":{"rendered":"<p>T\u00e4m\u00e4 p\u00e4\u00e4sylippu oikeuttaa vierailuun valitussa n\u00e4yttelyss\u00e4. Voiko teknologia koskettaa? Outo vetovoima -n\u00e4yttelyss\u00e4 pohditaan tapoja, joilla teknologia on osa arkeamme k\u00e4den ja mielen jatkeena. Kansainv\u00e4lisesti merkitt\u00e4v\u00e4t nykytaiteilijat l\u00e4hestyv\u00e4t n\u00e4yttelyss\u00e4 teemaa muun muassa \u00f6ljyv\u00e4rimaalausten, valokuvien ja installaatioiden kautta.\u00a0 Elohopeamainen, jatkuvasti kehittyv\u00e4 ja muuttuva teknologia vaikuttaa yh\u00e4 eneneviss\u00e4 m\u00e4\u00e4rin tapoihin, joilla osallistumme, ajattelemme ja tunnemme. Vaikka hy\u00f6dynn\u00e4mme teknologiaa [&hellip;]<\/p>\n","protected":false},"featured_media":35126,"template":"","meta":[],"product_brand":[],"product_cat":[49],"product_tag":[],"class_list":{"0":"post-21892","1":"product","2":"type-product","3":"status-publish","4":"has-post-thumbnail","6":"product_cat-liput","8":"first","9":"instock","10":"virtual","11":"taxable","12":"purchasable","13":"product-type-phive_booking"},"_links":{"self":[{"href":"https:\/\/verkkokauppa.lahti.fi\/museokauppa\/wp-json\/wp\/v2\/product\/21892","targetHints":{"allow":["GET"]}}],"collection":[{"href":"https:\/\/verkkokauppa.lahti.fi\/museokauppa\/wp-json\/wp\/v2\/product"}],"about":[{"href":"https:\/\/verkkokauppa.lahti.fi\/museokauppa\/wp-json\/wp\/v2\/types\/product"}],"wp:featuredmedia":[{"embeddable":true,"href":"https:\/\/verkkokauppa.lahti.fi\/museokauppa\/wp-json\/wp\/v2\/media\/35126"}],"wp:attachment":[{"href":"https:\/\/verkkokauppa.lahti.fi\/museokauppa\/wp-json\/wp\/v2\/media?parent=21892"}],"wp:term":[{"taxonomy":"product_brand","embeddable":true,"href":"https:\/\/verkkokauppa.lahti.fi\/museokauppa\/wp-json\/wp\/v2\/product_brand?post=21892"},{"taxonomy":"product_cat","embeddable":true,"href":"https:\/\/verkkokauppa.lahti.fi\/museokauppa\/wp-json\/wp\/v2\/product_cat?post=21892"},{"taxonomy":"product_tag","embeddable":true,"href":"https:\/\/verkkokauppa.lahti.fi\/museokauppa\/wp-json\/wp\/v2\/product_tag?post=21892"}],"curies":[{"name":"wp","href":"https:\/\/api.w.org\/{rel}","templated":true}]}}