{"id":21894,"date":"2024-10-03T15:22:12","date_gmt":"2024-10-03T12:22:12","guid":{"rendered":"https:\/\/verkkokauppa.lahti.fi\/museokauppa\/tuote\/paasylippu-klaus-haapaniemi-vaeltajat-nayttelyyn\/"},"modified":"2025-11-17T13:17:32","modified_gmt":"2025-11-17T11:17:32","slug":"paasylippu-ilkka-halso-maiseman-tasot-nayttelyyn","status":"publish","type":"product","link":"https:\/\/verkkokauppa.lahti.fi\/museokauppa\/tuote\/paasylippu-ilkka-halso-maiseman-tasot-nayttelyyn\/","title":{"rendered":"P\u00e4\u00e4sylippu Ilkka Halso: Maiseman tasot -n\u00e4yttelyyn"},"content":{"rendered":"<p>T\u00e4m\u00e4 p\u00e4\u00e4sylippu oikeuttaa vierailuun valitussa n\u00e4yttelyss\u00e4.<\/p>\n<p>Ilkka Halson (s. 1965, Orimattila) n\u00e4yttelyss\u00e4 tarkastellaan maiseman anatomiaa. Valokuvia ja liikkuvaa kuvaa yhdist\u00e4v\u00e4 kokonaisuus pohjautuu Halson pitk\u00e4kestoiseen taiteelliseen projektiin. Dronesta rakentamansa salamavaloalustan avulla h\u00e4n valaisee pimeit\u00e4 maisemia ylh\u00e4\u00e4lt\u00e4. Halso k\u00e4ytt\u00e4\u00e4 kauko-ohjattua valoa pensselin tavoin maalaten esiin yksityiskohtia maisemista.<\/p>\n<p>Halso kiinnitt\u00e4\u00e4 huomion maiseman tasoihin, purkaa ne osiin ja kokoaa uudelleen lukuisista pistem\u00e4isist\u00e4 otoksista. L\u00e4hestymistapa muistuttaa dissektiota: asioiden analysoimista jakamalla ne osiinsa. L\u00e4\u00e4ketieteellist\u00e4 termi\u00e4 lainaamalla taiteilija sanoittaa maiseman katsomisen, rajaamisen ja valokuvaamisen ongelmallisuutta. Halson teokset paljastavat, miten maisemat muovautuvat sen mukaan, millaisen luontosuhteen ja kulttuuristen linssien l\u00e4pi niit\u00e4 hahmotetaan.<\/p>\n<p>Ilkka Halso on kansainv\u00e4lisesti tunnettu maisema-, ymp\u00e4rist\u00f6- ja manipuloituun valokuvaukseen perustuvista teoksistaan.<\/p>\n<p>N\u00e4yttelyyn on saatu valtionavustusta Museovirastolta.<\/p>\n<p>N\u00e4yttely on avoinna 7.12.2024 \u2010 6.4.2025.<\/p>\n<p>Huom. Ryhm\u00e4lippu on tarkoitettu v\u00e4hint\u00e4\u00e4n 15 hengen ryhmille.<\/p>\n<p>\u00a0<\/p>\n","protected":false},"excerpt":{"rendered":"<p>T\u00e4m\u00e4 p\u00e4\u00e4sylippu oikeuttaa vierailuun valitussa n\u00e4yttelyss\u00e4. Ilkka Halson (s. 1965, Orimattila) n\u00e4yttelyss\u00e4 tarkastellaan maiseman anatomiaa. Valokuvia ja liikkuvaa kuvaa yhdist\u00e4v\u00e4 kokonaisuus pohjautuu Halson pitk\u00e4kestoiseen taiteelliseen projektiin. Dronesta rakentamansa salamavaloalustan avulla h\u00e4n valaisee pimeit\u00e4 maisemia ylh\u00e4\u00e4lt\u00e4. Halso k\u00e4ytt\u00e4\u00e4 kauko-ohjattua valoa pensselin tavoin maalaten esiin yksityiskohtia maisemista. Halso kiinnitt\u00e4\u00e4 huomion maiseman tasoihin, purkaa ne osiin ja kokoaa [&hellip;]<\/p>\n","protected":false},"featured_media":21910,"template":"","meta":[],"product_brand":[],"product_cat":[49],"product_tag":[],"class_list":{"0":"post-21894","1":"product","2":"type-product","3":"status-publish","4":"has-post-thumbnail","6":"product_cat-liput","8":"first","9":"instock","10":"virtual","11":"taxable","12":"purchasable","13":"product-type-phive_booking"},"_links":{"self":[{"href":"https:\/\/verkkokauppa.lahti.fi\/museokauppa\/wp-json\/wp\/v2\/product\/21894","targetHints":{"allow":["GET"]}}],"collection":[{"href":"https:\/\/verkkokauppa.lahti.fi\/museokauppa\/wp-json\/wp\/v2\/product"}],"about":[{"href":"https:\/\/verkkokauppa.lahti.fi\/museokauppa\/wp-json\/wp\/v2\/types\/product"}],"wp:featuredmedia":[{"embeddable":true,"href":"https:\/\/verkkokauppa.lahti.fi\/museokauppa\/wp-json\/wp\/v2\/media\/21910"}],"wp:attachment":[{"href":"https:\/\/verkkokauppa.lahti.fi\/museokauppa\/wp-json\/wp\/v2\/media?parent=21894"}],"wp:term":[{"taxonomy":"product_brand","embeddable":true,"href":"https:\/\/verkkokauppa.lahti.fi\/museokauppa\/wp-json\/wp\/v2\/product_brand?post=21894"},{"taxonomy":"product_cat","embeddable":true,"href":"https:\/\/verkkokauppa.lahti.fi\/museokauppa\/wp-json\/wp\/v2\/product_cat?post=21894"},{"taxonomy":"product_tag","embeddable":true,"href":"https:\/\/verkkokauppa.lahti.fi\/museokauppa\/wp-json\/wp\/v2\/product_tag?post=21894"}],"curies":[{"name":"wp","href":"https:\/\/api.w.org\/{rel}","templated":true}]}}