{"id":22367,"date":"2024-10-15T09:23:15","date_gmt":"2024-10-15T06:23:15","guid":{"rendered":"https:\/\/verkkokauppa.lahti.fi\/museokauppa\/tuote\/ala-tyydy-vahaan\/"},"modified":"2026-01-01T00:12:31","modified_gmt":"2025-12-31T22:12:31","slug":"ala-tyydy-vahaan","status":"publish","type":"product","link":"https:\/\/verkkokauppa.lahti.fi\/museokauppa\/tuote\/ala-tyydy-vahaan\/","title":{"rendered":"\u00c4l\u00e4 tyydy v\u00e4h\u00e4\u00e4n"},"content":{"rendered":"<p>Muistelmateos Tipalan kymmenest\u00e4 vuosikymmenest\u00e4<\/p>\n<p>Sata vuotta Tipalan hengess\u00e4 (2009) kokoaa Lahden Suomalaiseen Tytt\u00f6kouluun ja sen perinnett\u00e4 jatkaneeseen Tiirismaan kouluun liittyv\u00e4\u00e4 muistelukerrontaa 1900-luvun alkuvuosikymmenilt\u00e4 2000-luvulle saakka. Kirjan nimi viittaa koulun eetokseen, jonka innostamana koulu on halunnut tukea oppilaitaan pysym\u00e4\u00e4n uskollisina omille unelmilleen ja vahvuuksilleen.<\/p>\n","protected":false},"excerpt":{"rendered":"<p>Muistelmateos Tipalan kymmenest\u00e4 vuosikymmenest\u00e4 Sata vuotta Tipalan hengess\u00e4 (2009) kokoaa Lahden Suomalaiseen Tytt\u00f6kouluun ja sen perinnett\u00e4 jatkaneeseen Tiirismaan kouluun liittyv\u00e4\u00e4 muistelukerrontaa 1900-luvun alkuvuosikymmenilt\u00e4 2000-luvulle saakka. Kirjan nimi viittaa koulun eetokseen, jonka innostamana koulu on halunnut tukea oppilaitaan pysym\u00e4\u00e4n uskollisina omille unelmilleen ja vahvuuksilleen.<\/p>\n","protected":false},"featured_media":22364,"template":"","meta":[],"product_brand":[],"product_cat":[112],"product_tag":[],"class_list":{"0":"post-22367","1":"product","2":"type-product","3":"status-publish","4":"has-post-thumbnail","6":"product_cat-kirjat-0-0","8":"first","9":"instock","10":"featured","11":"taxable","12":"shipping-taxable","13":"purchasable","14":"product-type-simple"},"_links":{"self":[{"href":"https:\/\/verkkokauppa.lahti.fi\/museokauppa\/wp-json\/wp\/v2\/product\/22367","targetHints":{"allow":["GET"]}}],"collection":[{"href":"https:\/\/verkkokauppa.lahti.fi\/museokauppa\/wp-json\/wp\/v2\/product"}],"about":[{"href":"https:\/\/verkkokauppa.lahti.fi\/museokauppa\/wp-json\/wp\/v2\/types\/product"}],"wp:featuredmedia":[{"embeddable":true,"href":"https:\/\/verkkokauppa.lahti.fi\/museokauppa\/wp-json\/wp\/v2\/media\/22364"}],"wp:attachment":[{"href":"https:\/\/verkkokauppa.lahti.fi\/museokauppa\/wp-json\/wp\/v2\/media?parent=22367"}],"wp:term":[{"taxonomy":"product_brand","embeddable":true,"href":"https:\/\/verkkokauppa.lahti.fi\/museokauppa\/wp-json\/wp\/v2\/product_brand?post=22367"},{"taxonomy":"product_cat","embeddable":true,"href":"https:\/\/verkkokauppa.lahti.fi\/museokauppa\/wp-json\/wp\/v2\/product_cat?post=22367"},{"taxonomy":"product_tag","embeddable":true,"href":"https:\/\/verkkokauppa.lahti.fi\/museokauppa\/wp-json\/wp\/v2\/product_tag?post=22367"}],"curies":[{"name":"wp","href":"https:\/\/api.w.org\/{rel}","templated":true}]}}