{"id":22372,"date":"2024-10-15T09:23:35","date_gmt":"2024-10-15T06:23:35","guid":{"rendered":"https:\/\/verkkokauppa.lahti.fi\/museokauppa\/tuote\/tosserot\/"},"modified":"2026-01-01T00:12:30","modified_gmt":"2025-12-31T22:12:30","slug":"tosserot","status":"publish","type":"product","link":"https:\/\/verkkokauppa.lahti.fi\/museokauppa\/tuote\/tosserot\/","title":{"rendered":"T\u00f6sser\u00f6t"},"content":{"rendered":"<p>Tipalan tyyliin 50-luvun Lahdessa<\/p>\n<p>Kirja kertoo Lahden Yksityisen Tytt\u00f6lyseon eli Tipalan vaiheista ja sen oppilaista 1950- luvulla. Kirjoittajina on 51 entist\u00e4 oppilasta sek\u00e4 kaksi opettajaa \u2013 ja n\u00e4k\u00f6kulmia sen mukaan. Kirja sis\u00e4lt\u00e4\u00e4 muun muassa tytt\u00f6jen p\u00e4iv\u00e4kirjaotteita, jotka kuvastavat nuorten naisten ajatuksia ja mielenliikkeit\u00e4 syd\u00e4nsuruineen ja opettajanpelkoineen. T\u00f6sser\u00f6t oli Tipalan rehtorin Elsa Meriluodon lempinimi tyt\u00f6illeen<\/p>\n","protected":false},"excerpt":{"rendered":"<p>Tipalan tyyliin 50-luvun Lahdessa Kirja kertoo Lahden Yksityisen Tytt\u00f6lyseon eli Tipalan vaiheista ja sen oppilaista 1950- luvulla. Kirjoittajina on 51 entist\u00e4 oppilasta sek\u00e4 kaksi opettajaa \u2013 ja n\u00e4k\u00f6kulmia sen mukaan. Kirja sis\u00e4lt\u00e4\u00e4 muun muassa tytt\u00f6jen p\u00e4iv\u00e4kirjaotteita, jotka kuvastavat nuorten naisten ajatuksia ja mielenliikkeit\u00e4 syd\u00e4nsuruineen ja opettajanpelkoineen. T\u00f6sser\u00f6t oli Tipalan rehtorin Elsa Meriluodon lempinimi tyt\u00f6illeen<\/p>\n","protected":false},"featured_media":22369,"template":"","meta":[],"product_brand":[],"product_cat":[112],"product_tag":[],"class_list":{"0":"post-22372","1":"product","2":"type-product","3":"status-publish","4":"has-post-thumbnail","6":"product_cat-kirjat-0-0","8":"first","9":"instock","10":"featured","11":"taxable","12":"shipping-taxable","13":"purchasable","14":"product-type-simple"},"_links":{"self":[{"href":"https:\/\/verkkokauppa.lahti.fi\/museokauppa\/wp-json\/wp\/v2\/product\/22372","targetHints":{"allow":["GET"]}}],"collection":[{"href":"https:\/\/verkkokauppa.lahti.fi\/museokauppa\/wp-json\/wp\/v2\/product"}],"about":[{"href":"https:\/\/verkkokauppa.lahti.fi\/museokauppa\/wp-json\/wp\/v2\/types\/product"}],"wp:featuredmedia":[{"embeddable":true,"href":"https:\/\/verkkokauppa.lahti.fi\/museokauppa\/wp-json\/wp\/v2\/media\/22369"}],"wp:attachment":[{"href":"https:\/\/verkkokauppa.lahti.fi\/museokauppa\/wp-json\/wp\/v2\/media?parent=22372"}],"wp:term":[{"taxonomy":"product_brand","embeddable":true,"href":"https:\/\/verkkokauppa.lahti.fi\/museokauppa\/wp-json\/wp\/v2\/product_brand?post=22372"},{"taxonomy":"product_cat","embeddable":true,"href":"https:\/\/verkkokauppa.lahti.fi\/museokauppa\/wp-json\/wp\/v2\/product_cat?post=22372"},{"taxonomy":"product_tag","embeddable":true,"href":"https:\/\/verkkokauppa.lahti.fi\/museokauppa\/wp-json\/wp\/v2\/product_tag?post=22372"}],"curies":[{"name":"wp","href":"https:\/\/api.w.org\/{rel}","templated":true}]}}