{"id":33613,"date":"2024-12-23T09:32:57","date_gmt":"2024-12-23T07:32:57","guid":{"rendered":"https:\/\/verkkokauppa.lahti.fi\/museokauppa\/tuote\/kultapalmut-25-1-2025-klo-15\/"},"modified":"2026-01-01T00:13:10","modified_gmt":"2025-12-31T22:13:10","slug":"kultapalmut-25-1-2025-klo-15","status":"publish","type":"product","link":"https:\/\/verkkokauppa.lahti.fi\/museokauppa\/tuote\/kultapalmut-25-1-2025-klo-15\/","title":{"rendered":"Kultapalmut 25.1.2025 klo 15"},"content":{"rendered":"<p>Pauliina M\u00e4kel\u00e4n ja Topias Tihe\u00e4salon Kultapalmuissa kuvalliset ja \u00e4\u00e4nelliset ulottuvuudet yhdistyv\u00e4t maagiseksi, nykyp\u00e4iv\u00e4n taikalamppuesitykseksi \u2013 kuin kokeelliseksi laterna magicaksi. El\u00e4v\u00e4 kuva ja el\u00e4v\u00e4 \u00e4\u00e4ni ovat l\u00e4sn\u00e4 samanaikaisesti. Duo tekee er\u00e4\u00e4nlaista reaaliaikaista elokuvaa, expanded cinemaa. Mukana on kokeilevuutta ja sattumaa, ohikiit\u00e4vyyden tanssia.<\/p>\n<p>M\u00e4kel\u00e4 ja Tihe\u00e4salo k\u00e4ytt\u00e4v\u00e4t vanhaa analogista teknologiaa. Piirtoheittimin heijastetut kuvat ja konkreettiset heijastumat saavat seurakseen s\u00e4hk\u00f6kitaran, transistoriradion ja kameran salaman \u00e4\u00e4ni\u00e4. Analogisuudessaan Kultapalmujen esitykset ovat suoria, konkreettisesti ymm\u00e4rrett\u00e4viss\u00e4 olevia el\u00e4myksi\u00e4.<\/p>\n<p>M\u00e4kel\u00e4 ja Tihe\u00e4salo asuvat yhdess\u00e4 Turussa. He ty\u00f6skentelev\u00e4t tahoillaan kuvan ja \u00e4\u00e4nen parissa. M\u00e4kel\u00e4 toimii kuvataiteen ja kuvituksen parissa, h\u00e4nelle my\u00f6nnettiin Vuoden Kuvittaja palkinto vuonna 2021. Tihe\u00e4salo taas on improvisoituun ja kokeelliseen musiikkiin keskittyv\u00e4 kitaristi, joka tekee my\u00f6s musiikkiohjelmia Yle Radio 1:een.<\/p>\n<p>Liput 10\u20ac, liput myynniss\u00e4 museon verkkokaupassa. Lippuun ei sis\u00e4lly sis\u00e4\u00e4np\u00e4\u00e4sy\u00e4 museon n\u00e4yttelyihin. Tapahtuman kesto noin tunti.<\/p>\n<p>Pauliina M\u00e4kel\u00e4, kuvat, piirtoheitinprojisoinnit\u00a0<\/p>\n<p>Topias Tihe\u00e4salo, s\u00e4hk\u00f6kitara, elektroniikka\u00a0<\/p>\n","protected":false},"excerpt":{"rendered":"<p>Pauliina M\u00e4kel\u00e4n ja Topias Tihe\u00e4salon Kultapalmuissa kuvalliset ja \u00e4\u00e4nelliset ulottuvuudet yhdistyv\u00e4t maagiseksi, nykyp\u00e4iv\u00e4n taikalamppuesitykseksi \u2013 kuin kokeelliseksi laterna magicaksi. El\u00e4v\u00e4 kuva ja el\u00e4v\u00e4 \u00e4\u00e4ni ovat l\u00e4sn\u00e4 samanaikaisesti. Duo tekee er\u00e4\u00e4nlaista reaaliaikaista elokuvaa, expanded cinemaa. Mukana on kokeilevuutta ja sattumaa, ohikiit\u00e4vyyden tanssia. M\u00e4kel\u00e4 ja Tihe\u00e4salo k\u00e4ytt\u00e4v\u00e4t vanhaa analogista teknologiaa. Piirtoheittimin heijastetut kuvat ja konkreettiset heijastumat saavat [&hellip;]<\/p>\n","protected":false},"featured_media":33616,"template":"","meta":[],"product_brand":[],"product_cat":[84],"product_tag":[],"class_list":{"0":"post-33613","1":"product","2":"type-product","3":"status-publish","4":"has-post-thumbnail","6":"product_cat-tapahtumat-0","8":"first","9":"instock","10":"virtual","11":"taxable","12":"purchasable","13":"product-type-simple"},"_links":{"self":[{"href":"https:\/\/verkkokauppa.lahti.fi\/museokauppa\/wp-json\/wp\/v2\/product\/33613","targetHints":{"allow":["GET"]}}],"collection":[{"href":"https:\/\/verkkokauppa.lahti.fi\/museokauppa\/wp-json\/wp\/v2\/product"}],"about":[{"href":"https:\/\/verkkokauppa.lahti.fi\/museokauppa\/wp-json\/wp\/v2\/types\/product"}],"wp:featuredmedia":[{"embeddable":true,"href":"https:\/\/verkkokauppa.lahti.fi\/museokauppa\/wp-json\/wp\/v2\/media\/33616"}],"wp:attachment":[{"href":"https:\/\/verkkokauppa.lahti.fi\/museokauppa\/wp-json\/wp\/v2\/media?parent=33613"}],"wp:term":[{"taxonomy":"product_brand","embeddable":true,"href":"https:\/\/verkkokauppa.lahti.fi\/museokauppa\/wp-json\/wp\/v2\/product_brand?post=33613"},{"taxonomy":"product_cat","embeddable":true,"href":"https:\/\/verkkokauppa.lahti.fi\/museokauppa\/wp-json\/wp\/v2\/product_cat?post=33613"},{"taxonomy":"product_tag","embeddable":true,"href":"https:\/\/verkkokauppa.lahti.fi\/museokauppa\/wp-json\/wp\/v2\/product_tag?post=33613"}],"curies":[{"name":"wp","href":"https:\/\/api.w.org\/{rel}","templated":true}]}}