{"id":33758,"date":"2025-01-17T14:07:33","date_gmt":"2025-01-17T12:07:33","guid":{"rendered":"https:\/\/verkkokauppa.lahti.fi\/museokauppa\/tuote\/lapsi-aikuinen-taidepaja\/"},"modified":"2026-02-21T08:51:06","modified_gmt":"2026-02-21T06:51:06","slug":"lapsi-aikuinen-taidepaja-25-02-2026","status":"publish","type":"product","link":"https:\/\/verkkokauppa.lahti.fi\/museokauppa\/tuote\/lapsi-aikuinen-taidepaja-25-02-2026\/","title":{"rendered":"Lapsi &amp; aikuinen -taidepaja 25.2.2026"},"content":{"rendered":"<p class=\"MsoNormal\">Ke 25.2.2026 klo 12.00-14.00<\/p>\n<p class=\"MsoNormal\">Tervetuloa lapsi &amp; aikuinen -taidepajaan, jossa teemana on julisteet.\u00a0<\/p>\n<p class=\"MsoNormal\">Taidepajassa lapsi ja aikuinen ty\u00f6skentelev\u00e4t yhdess\u00e4.\u00a0 Pajaan kuuluu my\u00f6s ohjattu tutustumisk\u00e4ynti n\u00e4yttelyyn. Ohjatussa pajassa toteutetaan oma teos.\u00a0\u00a0<\/p>\n<p class=\"MsoNormal\">Ty\u00f6skentely sopii kaikille, eik\u00e4 vaadi aiempaa kokemusta. Pajaa suositellaan viisivuotiaille ja sit\u00e4 vanhemmille lapsille. Aikuinen voi osallistua pajaan useamman lapsen kanssa.\u00a0\u00a0<\/p>\n<p>Paja on lapsille ilmainen, aikuiselta veloitetaan museon sis\u00e4\u00e4np\u00e4\u00e4symaksu. Taidepaja pidet\u00e4\u00e4n Malvan pajatila Kummassa. Mukaan mahtuu 20 osallistujaa<span style=\"font-size: 12.0pt;line-height: 115%;font-family: 'Aptos',sans-serif\">.Varaathan paikan etuk\u00e4teen jokaiselle osallistujalle alla olevalla lomakkeella. Varaukset ovat sitovia. <\/span>Varaukset ovat sitovia. Huomioithan, ett\u00e4 ty\u00f6skentely voi olla sotkuista, joten pukeudu sen mukaan.\u00a0 \u00a0<\/p>\n<p class=\"MsoNormal\">Paja on osa lapsille ja nuorille suunnattua Malvan talvilomaohjelmaa.<\/p>\n","protected":false},"excerpt":{"rendered":"<p>Ke 25.2.2026 klo 12.00-14.00 Tervetuloa lapsi &amp; aikuinen -taidepajaan, jossa teemana on julisteet.\u00a0 Taidepajassa lapsi ja aikuinen ty\u00f6skentelev\u00e4t yhdess\u00e4.\u00a0 Pajaan kuuluu my\u00f6s ohjattu tutustumisk\u00e4ynti n\u00e4yttelyyn. Ohjatussa pajassa toteutetaan oma teos.\u00a0\u00a0 Ty\u00f6skentely sopii kaikille, eik\u00e4 vaadi aiempaa kokemusta. Pajaa suositellaan viisivuotiaille ja sit\u00e4 vanhemmille lapsille. Aikuinen voi osallistua pajaan useamman lapsen kanssa.\u00a0\u00a0 Paja on lapsille ilmainen, [&hellip;]<\/p>\n","protected":false},"featured_media":35099,"template":"","meta":[],"product_brand":[],"product_cat":[84],"product_tag":[],"class_list":{"0":"post-33758","1":"product","2":"type-product","3":"status-publish","4":"has-post-thumbnail","6":"product_cat-tapahtumat-0","8":"first","9":"outofstock","10":"virtual","11":"taxable","12":"purchasable","13":"product-type-simple"},"_links":{"self":[{"href":"https:\/\/verkkokauppa.lahti.fi\/museokauppa\/wp-json\/wp\/v2\/product\/33758","targetHints":{"allow":["GET"]}}],"collection":[{"href":"https:\/\/verkkokauppa.lahti.fi\/museokauppa\/wp-json\/wp\/v2\/product"}],"about":[{"href":"https:\/\/verkkokauppa.lahti.fi\/museokauppa\/wp-json\/wp\/v2\/types\/product"}],"wp:featuredmedia":[{"embeddable":true,"href":"https:\/\/verkkokauppa.lahti.fi\/museokauppa\/wp-json\/wp\/v2\/media\/35099"}],"wp:attachment":[{"href":"https:\/\/verkkokauppa.lahti.fi\/museokauppa\/wp-json\/wp\/v2\/media?parent=33758"}],"wp:term":[{"taxonomy":"product_brand","embeddable":true,"href":"https:\/\/verkkokauppa.lahti.fi\/museokauppa\/wp-json\/wp\/v2\/product_brand?post=33758"},{"taxonomy":"product_cat","embeddable":true,"href":"https:\/\/verkkokauppa.lahti.fi\/museokauppa\/wp-json\/wp\/v2\/product_cat?post=33758"},{"taxonomy":"product_tag","embeddable":true,"href":"https:\/\/verkkokauppa.lahti.fi\/museokauppa\/wp-json\/wp\/v2\/product_tag?post=33758"}],"curies":[{"name":"wp","href":"https:\/\/api.w.org\/{rel}","templated":true}]}}