{"id":33760,"date":"2025-01-17T14:07:35","date_gmt":"2025-01-17T12:07:35","guid":{"rendered":"https:\/\/verkkokauppa.lahti.fi\/museokauppa\/tuote\/hiekka-animaatioesitys-murtumaton\/"},"modified":"2026-01-01T00:12:58","modified_gmt":"2025-12-31T22:12:58","slug":"hiekka-animaatioesitys-murtumaton","status":"publish","type":"product","link":"https:\/\/verkkokauppa.lahti.fi\/museokauppa\/tuote\/hiekka-animaatioesitys-murtumaton\/","title":{"rendered":"Hiekka-animaatioesitys &#8221;Murtumaton&#8221;"},"content":{"rendered":"<p class=\"MsoNormal\"><strong>La 28.10. klo 12 Malvassa, pajatila Kummassa<\/strong><\/p>\n<p class=\"MsoNormal\">Koko perheen hiekka-animaatioesitys karhujen kotimets\u00e4st\u00e4.<\/p>\n<p class=\"MsoNormal\">Emokarhu ja pentu asuvat iloisena mets\u00e4ss\u00e4, kunnes heid\u00e4n kotimets\u00e4ns\u00e4 kaadetaan. Karhut ovat neuvottomia ja surullisia, kunnes pieni perhonen tulee karhujen avuksi.<\/p>\n<p class=\"MsoNormal\">Hiekka-animaatiossa taiteilija piirt\u00e4\u00e4 hiekalla kuvia valop\u00f6yd\u00e4n p\u00e4\u00e4ll\u00e4. Taiteilija luo kuvia siirt\u00e4m\u00e4ll\u00e4, lis\u00e4\u00e4m\u00e4ll\u00e4, poistamalla tai ripottelemalla hiekkaa. Kuvat muodostavat tarinan, yleis\u00f6 seuraa esityst\u00e4 valkokankaalta. Esityksess\u00e4 ei ole puhetta, taustamusiikin on toteuttanut Ilmari Myllynen. Taiteilija Amadeu Vives esittelee hiekka-animaatiotekniikkaa yleis\u00f6lle esityksen lopuksi.<\/p>\n<p class=\"MsoNormal\">Amadeu Vives on syntynyt 1978 Espanjassa ja valmistunut kuvataiteilijaksi Valencian ammattikorkeakoulusta vuonna 2008. H\u00e4n on asunut Suomessa vuodesta 2014 ja ty\u00f6skennellyt erilaisten taidemuotojen ja -produktioiden parissa.<\/p>\n<p class=\"MsoNormal\">Esityksen kesto on noin 20 minuuttia. Esitys j\u00e4rjestet\u00e4\u00e4n Malvan pajatila Kummassa, yleis\u00f6\u00e4 esitykseen mahtuu 40 hl\u00f6\u00e4. Esitys on ilmainen, osallistuminen tulee varata etuk\u00e4teen museon verkkokaupasta. <strong>Huomioithan, ett\u00e4 p\u00e4\u00e4sylippu museoon on ostettava erikseen, alle 18-vuotiaille sis\u00e4\u00e4np\u00e4\u00e4sy on ilmainen.<\/strong><\/p>\n<p class=\"MsoNormal\">Tarina ja hiekka-animaatio: Amadeu Vives<\/p>\n<p class=\"MsoNormal\">Musiikki: Ilmari Myllynen<\/p>\n","protected":false},"excerpt":{"rendered":"<p>La 28.10. klo 12 Malvassa, pajatila Kummassa Koko perheen hiekka-animaatioesitys karhujen kotimets\u00e4st\u00e4. Emokarhu ja pentu asuvat iloisena mets\u00e4ss\u00e4, kunnes heid\u00e4n kotimets\u00e4ns\u00e4 kaadetaan. Karhut ovat neuvottomia ja surullisia, kunnes pieni perhonen tulee karhujen avuksi. Hiekka-animaatiossa taiteilija piirt\u00e4\u00e4 hiekalla kuvia valop\u00f6yd\u00e4n p\u00e4\u00e4ll\u00e4. Taiteilija luo kuvia siirt\u00e4m\u00e4ll\u00e4, lis\u00e4\u00e4m\u00e4ll\u00e4, poistamalla tai ripottelemalla hiekkaa. Kuvat muodostavat tarinan, yleis\u00f6 seuraa esityst\u00e4 [&hellip;]<\/p>\n","protected":false},"featured_media":19594,"template":"","meta":[],"product_brand":[],"product_cat":[84],"product_tag":[],"class_list":{"0":"post-33760","1":"product","2":"type-product","3":"status-publish","4":"has-post-thumbnail","6":"product_cat-tapahtumat-0","8":"first","9":"instock","10":"virtual","11":"taxable","12":"purchasable","13":"product-type-simple"},"_links":{"self":[{"href":"https:\/\/verkkokauppa.lahti.fi\/museokauppa\/wp-json\/wp\/v2\/product\/33760","targetHints":{"allow":["GET"]}}],"collection":[{"href":"https:\/\/verkkokauppa.lahti.fi\/museokauppa\/wp-json\/wp\/v2\/product"}],"about":[{"href":"https:\/\/verkkokauppa.lahti.fi\/museokauppa\/wp-json\/wp\/v2\/types\/product"}],"wp:featuredmedia":[{"embeddable":true,"href":"https:\/\/verkkokauppa.lahti.fi\/museokauppa\/wp-json\/wp\/v2\/media\/19594"}],"wp:attachment":[{"href":"https:\/\/verkkokauppa.lahti.fi\/museokauppa\/wp-json\/wp\/v2\/media?parent=33760"}],"wp:term":[{"taxonomy":"product_brand","embeddable":true,"href":"https:\/\/verkkokauppa.lahti.fi\/museokauppa\/wp-json\/wp\/v2\/product_brand?post=33760"},{"taxonomy":"product_cat","embeddable":true,"href":"https:\/\/verkkokauppa.lahti.fi\/museokauppa\/wp-json\/wp\/v2\/product_cat?post=33760"},{"taxonomy":"product_tag","embeddable":true,"href":"https:\/\/verkkokauppa.lahti.fi\/museokauppa\/wp-json\/wp\/v2\/product_tag?post=33760"}],"curies":[{"name":"wp","href":"https:\/\/api.w.org\/{rel}","templated":true}]}}