{"id":33762,"date":"2025-01-17T14:07:39","date_gmt":"2025-01-17T12:07:39","guid":{"rendered":"https:\/\/verkkokauppa.lahti.fi\/museokauppa\/tuote\/kuvitus-paja\/"},"modified":"2026-01-01T00:12:50","modified_gmt":"2025-12-31T22:12:50","slug":"kuvitus-paja","status":"publish","type":"product","link":"https:\/\/verkkokauppa.lahti.fi\/museokauppa\/tuote\/kuvitus-paja\/","title":{"rendered":"Kuvitus-paja"},"content":{"rendered":"<p class=\"MsoNormal\"><strong><u>Ti 24.10. Kuvitus-paja 12-18 -vuotiaille, klo 15-18 pajatila Kummassa, Malvassa<\/u><\/strong><\/p>\n<p class=\"MsoNormal\">Tule tekem\u00e4\u00e4n kuvituksia Halloweenin hengess\u00e4! Taidepajassa ty\u00f6skennell\u00e4\u00e4n Copic-tusseilla, kokeillaan erilaisia piirustustekniikoita ja luodaan omia kuvituksia. Ohjaajana toimii kuvittaja, graafinen suunnittelija Petra Oravakangas.<\/p>\n<p class=\"MsoNormal\">Taidepaja on suunnattu 12-18 -vuotiaille nuorille. Paja on ilmainen. Mukaan mahtuu 20 osallistujaa, joten varaa oman paikkasi museon verkkokaupasta. Ty\u00f6skentely sopii kaikille, eik\u00e4 vaadi aiempaa kokemusta. Paja on osa Malvan lapsille ja nuorille suunnattua syyslomaohjelmaa.<\/p>\n","protected":false},"excerpt":{"rendered":"<p>Ti 24.10. Kuvitus-paja 12-18 -vuotiaille, klo 15-18 pajatila Kummassa, Malvassa Tule tekem\u00e4\u00e4n kuvituksia Halloweenin hengess\u00e4! Taidepajassa ty\u00f6skennell\u00e4\u00e4n Copic-tusseilla, kokeillaan erilaisia piirustustekniikoita ja luodaan omia kuvituksia. Ohjaajana toimii kuvittaja, graafinen suunnittelija Petra Oravakangas. Taidepaja on suunnattu 12-18 -vuotiaille nuorille. Paja on ilmainen. Mukaan mahtuu 20 osallistujaa, joten varaa oman paikkasi museon verkkokaupasta. Ty\u00f6skentely sopii kaikille, eik\u00e4 [&hellip;]<\/p>\n","protected":false},"featured_media":19579,"template":"","meta":[],"product_brand":[],"product_cat":[84],"product_tag":[],"class_list":{"0":"post-33762","1":"product","2":"type-product","3":"status-publish","4":"has-post-thumbnail","6":"product_cat-tapahtumat-0","8":"first","9":"instock","10":"virtual","11":"taxable","12":"purchasable","13":"product-type-simple"},"_links":{"self":[{"href":"https:\/\/verkkokauppa.lahti.fi\/museokauppa\/wp-json\/wp\/v2\/product\/33762","targetHints":{"allow":["GET"]}}],"collection":[{"href":"https:\/\/verkkokauppa.lahti.fi\/museokauppa\/wp-json\/wp\/v2\/product"}],"about":[{"href":"https:\/\/verkkokauppa.lahti.fi\/museokauppa\/wp-json\/wp\/v2\/types\/product"}],"wp:featuredmedia":[{"embeddable":true,"href":"https:\/\/verkkokauppa.lahti.fi\/museokauppa\/wp-json\/wp\/v2\/media\/19579"}],"wp:attachment":[{"href":"https:\/\/verkkokauppa.lahti.fi\/museokauppa\/wp-json\/wp\/v2\/media?parent=33762"}],"wp:term":[{"taxonomy":"product_brand","embeddable":true,"href":"https:\/\/verkkokauppa.lahti.fi\/museokauppa\/wp-json\/wp\/v2\/product_brand?post=33762"},{"taxonomy":"product_cat","embeddable":true,"href":"https:\/\/verkkokauppa.lahti.fi\/museokauppa\/wp-json\/wp\/v2\/product_cat?post=33762"},{"taxonomy":"product_tag","embeddable":true,"href":"https:\/\/verkkokauppa.lahti.fi\/museokauppa\/wp-json\/wp\/v2\/product_tag?post=33762"}],"curies":[{"name":"wp","href":"https:\/\/api.w.org\/{rel}","templated":true}]}}