{"id":33764,"date":"2025-01-17T14:07:41","date_gmt":"2025-01-17T12:07:41","guid":{"rendered":"https:\/\/verkkokauppa.lahti.fi\/museokauppa\/tuote\/voimaelain-muotoilupaja-nuorille\/"},"modified":"2026-01-01T00:12:59","modified_gmt":"2025-12-31T22:12:59","slug":"voimaelain-muotoilupaja-nuorille","status":"publish","type":"product","link":"https:\/\/verkkokauppa.lahti.fi\/museokauppa\/tuote\/voimaelain-muotoilupaja-nuorille\/","title":{"rendered":"Voimael\u00e4in &#8211; muotoilupaja nuorille"},"content":{"rendered":"<p><strong>Ti 27.2. klo 15-18, Malvassa, pajatila Kummassa.<\/strong><\/p>\n<p>Pajassa toteutetaan pieni oma voimael\u00e4in muotoilemalla, materiaalina k\u00e4ytet\u00e4\u00e4n savea ja kipsinauhaa. Veistos my\u00f6s maalataan ja sille rakennetaan s\u00e4ilytysrasia pahvista.<\/p>\n<p>Paja on tarkoitettu 12-18 \u2013vuotiaille nuorille. Ohjaajana toimii Miia Varis. Taidepaja pidet\u00e4\u00e4n Malvan pajatila Kummassa, mukaan mahtuu 15 osallistujaa. Taidepaja on nuorelle ilmainen, mutta osallistuminen tulee varata museon verkkokaupasta. Paja on osa Malvan lapsille ja nuorille suunnattua talvilomaohjelmaa.<\/p>\n","protected":false},"excerpt":{"rendered":"<p>Ti 27.2. klo 15-18, Malvassa, pajatila Kummassa. Pajassa toteutetaan pieni oma voimael\u00e4in muotoilemalla, materiaalina k\u00e4ytet\u00e4\u00e4n savea ja kipsinauhaa. Veistos my\u00f6s maalataan ja sille rakennetaan s\u00e4ilytysrasia pahvista. Paja on tarkoitettu 12-18 \u2013vuotiaille nuorille. Ohjaajana toimii Miia Varis. Taidepaja pidet\u00e4\u00e4n Malvan pajatila Kummassa, mukaan mahtuu 15 osallistujaa. Taidepaja on nuorelle ilmainen, mutta osallistuminen tulee varata museon verkkokaupasta. [&hellip;]<\/p>\n","protected":false},"featured_media":14588,"template":"","meta":[],"product_brand":[],"product_cat":[84],"product_tag":[],"class_list":{"0":"post-33764","1":"product","2":"type-product","3":"status-publish","4":"has-post-thumbnail","6":"product_cat-tapahtumat-0","8":"first","9":"instock","10":"virtual","11":"taxable","12":"purchasable","13":"product-type-simple"},"_links":{"self":[{"href":"https:\/\/verkkokauppa.lahti.fi\/museokauppa\/wp-json\/wp\/v2\/product\/33764","targetHints":{"allow":["GET"]}}],"collection":[{"href":"https:\/\/verkkokauppa.lahti.fi\/museokauppa\/wp-json\/wp\/v2\/product"}],"about":[{"href":"https:\/\/verkkokauppa.lahti.fi\/museokauppa\/wp-json\/wp\/v2\/types\/product"}],"wp:featuredmedia":[{"embeddable":true,"href":"https:\/\/verkkokauppa.lahti.fi\/museokauppa\/wp-json\/wp\/v2\/media\/14588"}],"wp:attachment":[{"href":"https:\/\/verkkokauppa.lahti.fi\/museokauppa\/wp-json\/wp\/v2\/media?parent=33764"}],"wp:term":[{"taxonomy":"product_brand","embeddable":true,"href":"https:\/\/verkkokauppa.lahti.fi\/museokauppa\/wp-json\/wp\/v2\/product_brand?post=33764"},{"taxonomy":"product_cat","embeddable":true,"href":"https:\/\/verkkokauppa.lahti.fi\/museokauppa\/wp-json\/wp\/v2\/product_cat?post=33764"},{"taxonomy":"product_tag","embeddable":true,"href":"https:\/\/verkkokauppa.lahti.fi\/museokauppa\/wp-json\/wp\/v2\/product_tag?post=33764"}],"curies":[{"name":"wp","href":"https:\/\/api.w.org\/{rel}","templated":true}]}}