{"id":33766,"date":"2025-01-17T14:07:43","date_gmt":"2025-01-17T12:07:43","guid":{"rendered":"https:\/\/verkkokauppa.lahti.fi\/museokauppa\/tuote\/iloittelua-maalauspaja-nuorille\/"},"modified":"2026-01-01T00:13:00","modified_gmt":"2025-12-31T22:13:00","slug":"iloittelua-maalauspaja-nuorille","status":"publish","type":"product","link":"https:\/\/verkkokauppa.lahti.fi\/museokauppa\/tuote\/iloittelua-maalauspaja-nuorille\/","title":{"rendered":"Iloittelua! &#8211; maalauspaja nuorille"},"content":{"rendered":"<p><strong>Ke 28.2. klo 15-18, Malvassa, pajatila Kummassa.<\/strong><\/p>\n<p>Tule kokemaan maalauksen iloa! Taidepajassa kokeillaan maalaamista eri tavoilla ja eri v\u00e4lineit\u00e4 k\u00e4ytt\u00e4en. Maalauspajassa toteutetaan 3-4 erilaista maalausta: tunne-, sekatekniikka-, v\u00e4line- ja toimintamaalaus.<\/p>\n<p>Paja on tarkoitettu 12-18 \u2013vuotiaille nuorille. Ohjaajana toimii Miia Varis. Taidepaja pidet\u00e4\u00e4n Malvan pajatila Kummassa, mukaan mahtuu 15 osallistujaa. Taidepaja on nuorelle ilmainen, mutta osallistuminen tulee varata museon verkkokaupasta. Huomioithan, ett\u00e4 maalaaminen voi olla sotkuista, joten pukeudu sen mukaan. Paja on osa Malvan lapsille ja nuorille suunnattua talvilomaohjelmaa.<\/p>\n","protected":false},"excerpt":{"rendered":"<p>Ke 28.2. klo 15-18, Malvassa, pajatila Kummassa. Tule kokemaan maalauksen iloa! Taidepajassa kokeillaan maalaamista eri tavoilla ja eri v\u00e4lineit\u00e4 k\u00e4ytt\u00e4en. Maalauspajassa toteutetaan 3-4 erilaista maalausta: tunne-, sekatekniikka-, v\u00e4line- ja toimintamaalaus. Paja on tarkoitettu 12-18 \u2013vuotiaille nuorille. Ohjaajana toimii Miia Varis. Taidepaja pidet\u00e4\u00e4n Malvan pajatila Kummassa, mukaan mahtuu 15 osallistujaa. Taidepaja on nuorelle ilmainen, mutta osallistuminen [&hellip;]<\/p>\n","protected":false},"featured_media":14588,"template":"","meta":[],"product_brand":[],"product_cat":[84],"product_tag":[],"class_list":{"0":"post-33766","1":"product","2":"type-product","3":"status-publish","4":"has-post-thumbnail","6":"product_cat-tapahtumat-0","8":"first","9":"instock","10":"virtual","11":"taxable","12":"purchasable","13":"product-type-simple"},"_links":{"self":[{"href":"https:\/\/verkkokauppa.lahti.fi\/museokauppa\/wp-json\/wp\/v2\/product\/33766","targetHints":{"allow":["GET"]}}],"collection":[{"href":"https:\/\/verkkokauppa.lahti.fi\/museokauppa\/wp-json\/wp\/v2\/product"}],"about":[{"href":"https:\/\/verkkokauppa.lahti.fi\/museokauppa\/wp-json\/wp\/v2\/types\/product"}],"wp:featuredmedia":[{"embeddable":true,"href":"https:\/\/verkkokauppa.lahti.fi\/museokauppa\/wp-json\/wp\/v2\/media\/14588"}],"wp:attachment":[{"href":"https:\/\/verkkokauppa.lahti.fi\/museokauppa\/wp-json\/wp\/v2\/media?parent=33766"}],"wp:term":[{"taxonomy":"product_brand","embeddable":true,"href":"https:\/\/verkkokauppa.lahti.fi\/museokauppa\/wp-json\/wp\/v2\/product_brand?post=33766"},{"taxonomy":"product_cat","embeddable":true,"href":"https:\/\/verkkokauppa.lahti.fi\/museokauppa\/wp-json\/wp\/v2\/product_cat?post=33766"},{"taxonomy":"product_tag","embeddable":true,"href":"https:\/\/verkkokauppa.lahti.fi\/museokauppa\/wp-json\/wp\/v2\/product_tag?post=33766"}],"curies":[{"name":"wp","href":"https:\/\/api.w.org\/{rel}","templated":true}]}}