{"id":33783,"date":"2025-01-23T00:10:26","date_gmt":"2025-01-22T22:10:26","guid":{"rendered":"https:\/\/verkkokauppa.lahti.fi\/museokauppa\/tuote\/valoa-ja-varjoa-taidepaja\/"},"modified":"2026-01-01T00:13:04","modified_gmt":"2025-12-31T22:13:04","slug":"valoa-ja-varjoa-taidepaja","status":"publish","type":"product","link":"https:\/\/verkkokauppa.lahti.fi\/museokauppa\/tuote\/valoa-ja-varjoa-taidepaja\/","title":{"rendered":"Valoa ja varjoa -taidepaja"},"content":{"rendered":"<h3><strong>la 14.10.2023 klo 12-16<\/strong><\/h3>\n<p>Tule tutkimaan, milt\u00e4 valo ja varjo n\u00e4ytt\u00e4ytyv\u00e4t, ja miten sit\u00e4 voi kuvata taiteen keinoin. Taidepajassa tutustutaan hiileen piirustusv\u00e4lineen\u00e4, p\u00e4iv\u00e4n aikana tehd\u00e4\u00e4n harjoituksia sek\u00e4 toteutetaan isompi teos. Ty\u00f6skentelyss\u00e4 keskityt\u00e4\u00e4n erityisesti valon ja varjon tutkimiseen: ihmetell\u00e4\u00e4n pintoja, muotoja, viivaa ja val\u00f6\u00f6ri\u00e4. Ennakko-osaamista ei tarvita, vain avoin ja innostunut mieli.\u00a0<\/p>\n<p>Taidepaja soveltuu yli 10-vuotiaille, alle 13-vuotiaat ovat tervetulleita osallistumaan aikuisen seurassa. Paja sis\u00e4lt\u00e4\u00e4 ohjauksen ty\u00f6skentelyyn sek\u00e4 tarvittavat materiaalit ja v\u00e4lineet, ohjaajana toimii kuvataiteilija Marja-Liisa Jokitalo. Taidepaja j\u00e4rjestet\u00e4\u00e4n Pajatila Kummassa Malvan kellarikerroksessa. Mukaan mahtuu 15 henkil\u00f6\u00e4. Taidepajan hinta on 20\u20ac, pajaan osallistuminen lunastetaan museon verkkokaupasta<\/p>\n<p>\u00a0<\/p>\n","protected":false},"excerpt":{"rendered":"<p>la 14.10.2023 klo 12-16 Tule tutkimaan, milt\u00e4 valo ja varjo n\u00e4ytt\u00e4ytyv\u00e4t, ja miten sit\u00e4 voi kuvata taiteen keinoin. Taidepajassa tutustutaan hiileen piirustusv\u00e4lineen\u00e4, p\u00e4iv\u00e4n aikana tehd\u00e4\u00e4n harjoituksia sek\u00e4 toteutetaan isompi teos. Ty\u00f6skentelyss\u00e4 keskityt\u00e4\u00e4n erityisesti valon ja varjon tutkimiseen: ihmetell\u00e4\u00e4n pintoja, muotoja, viivaa ja val\u00f6\u00f6ri\u00e4. Ennakko-osaamista ei tarvita, vain avoin ja innostunut mieli.\u00a0 Taidepaja soveltuu yli 10-vuotiaille, [&hellip;]<\/p>\n","protected":false},"featured_media":19066,"template":"","meta":[],"product_brand":[],"product_cat":[84],"product_tag":[],"class_list":{"0":"post-33783","1":"product","2":"type-product","3":"status-publish","4":"has-post-thumbnail","6":"product_cat-tapahtumat-0","8":"first","9":"instock","10":"virtual","11":"taxable","12":"purchasable","13":"product-type-simple"},"_links":{"self":[{"href":"https:\/\/verkkokauppa.lahti.fi\/museokauppa\/wp-json\/wp\/v2\/product\/33783","targetHints":{"allow":["GET"]}}],"collection":[{"href":"https:\/\/verkkokauppa.lahti.fi\/museokauppa\/wp-json\/wp\/v2\/product"}],"about":[{"href":"https:\/\/verkkokauppa.lahti.fi\/museokauppa\/wp-json\/wp\/v2\/types\/product"}],"wp:featuredmedia":[{"embeddable":true,"href":"https:\/\/verkkokauppa.lahti.fi\/museokauppa\/wp-json\/wp\/v2\/media\/19066"}],"wp:attachment":[{"href":"https:\/\/verkkokauppa.lahti.fi\/museokauppa\/wp-json\/wp\/v2\/media?parent=33783"}],"wp:term":[{"taxonomy":"product_brand","embeddable":true,"href":"https:\/\/verkkokauppa.lahti.fi\/museokauppa\/wp-json\/wp\/v2\/product_brand?post=33783"},{"taxonomy":"product_cat","embeddable":true,"href":"https:\/\/verkkokauppa.lahti.fi\/museokauppa\/wp-json\/wp\/v2\/product_cat?post=33783"},{"taxonomy":"product_tag","embeddable":true,"href":"https:\/\/verkkokauppa.lahti.fi\/museokauppa\/wp-json\/wp\/v2\/product_tag?post=33783"}],"curies":[{"name":"wp","href":"https:\/\/api.w.org\/{rel}","templated":true}]}}