{"id":33785,"date":"2025-01-23T00:10:27","date_gmt":"2025-01-22T22:10:27","guid":{"rendered":"https:\/\/verkkokauppa.lahti.fi\/museokauppa\/tuote\/varia-taidepaja\/"},"modified":"2026-01-01T00:13:05","modified_gmt":"2025-12-31T22:13:05","slug":"varia-taidepaja","status":"publish","type":"product","link":"https:\/\/verkkokauppa.lahti.fi\/museokauppa\/tuote\/varia-taidepaja\/","title":{"rendered":"V\u00e4ri\u00e4! -taidepaja"},"content":{"rendered":"<h3><strong>la 25.11.2023 klo 12-16\u00a0<\/strong><\/h3>\n<p>Tule ty\u00f6skentelem\u00e4\u00e4n ja ilottelemaan v\u00e4rien pariin! Taidepajassa tutkitaan v\u00e4rej\u00e4, tutustutaan v\u00e4rien ominaisuuksiin ja vuorovaikutukseen. Taidepajassa sivutaan keskeisi\u00e4 v\u00e4riteorioita, mutta p\u00e4\u00e4osassa on v\u00e4reist\u00e4 nauttiminen ja ty\u00f6skenteleminen maalaamalla. Ennakko-osaamista ei tarvita, vain avoin ja innostunut mieli. P\u00e4iv\u00e4n aikana tehd\u00e4\u00e4n erilaisia harjoituksia sek\u00e4 toteutetaan oma teos. Tervetuloa maalaamaan maailmaa v\u00e4rikk\u00e4\u00e4ksi!<\/p>\n<p>Taidepaja soveltuu yli 10-vuotiaille, alle 13-vuotiaat ovat tervetulleita osallistumaan aikuisen seurassa. Paja sis\u00e4lt\u00e4\u00e4 ohjauksen ty\u00f6skentelyyn sek\u00e4 tarvittavat materiaalit ja v\u00e4lineet, ohjaajana toimii Marja-Liisa Jokitalo. Taidepaja j\u00e4rjestet\u00e4\u00e4n Pajatila Kummassa Malvan kellarikerroksessa. Mukaan mahtuu 15 henkil\u00f6\u00e4. Taidepajan hinta on 20\u20ac, pajaan osallistuminen lunastetaan museon verkkokaupasta.<\/p>\n","protected":false},"excerpt":{"rendered":"<p>la 25.11.2023 klo 12-16\u00a0 Tule ty\u00f6skentelem\u00e4\u00e4n ja ilottelemaan v\u00e4rien pariin! Taidepajassa tutkitaan v\u00e4rej\u00e4, tutustutaan v\u00e4rien ominaisuuksiin ja vuorovaikutukseen. Taidepajassa sivutaan keskeisi\u00e4 v\u00e4riteorioita, mutta p\u00e4\u00e4osassa on v\u00e4reist\u00e4 nauttiminen ja ty\u00f6skenteleminen maalaamalla. Ennakko-osaamista ei tarvita, vain avoin ja innostunut mieli. P\u00e4iv\u00e4n aikana tehd\u00e4\u00e4n erilaisia harjoituksia sek\u00e4 toteutetaan oma teos. Tervetuloa maalaamaan maailmaa v\u00e4rikk\u00e4\u00e4ksi! Taidepaja soveltuu yli 10-vuotiaille, [&hellip;]<\/p>\n","protected":false},"featured_media":19071,"template":"","meta":[],"product_brand":[],"product_cat":[84],"product_tag":[],"class_list":{"0":"post-33785","1":"product","2":"type-product","3":"status-publish","4":"has-post-thumbnail","6":"product_cat-tapahtumat-0","8":"first","9":"instock","10":"featured","11":"virtual","12":"taxable","13":"purchasable","14":"product-type-simple"},"_links":{"self":[{"href":"https:\/\/verkkokauppa.lahti.fi\/museokauppa\/wp-json\/wp\/v2\/product\/33785","targetHints":{"allow":["GET"]}}],"collection":[{"href":"https:\/\/verkkokauppa.lahti.fi\/museokauppa\/wp-json\/wp\/v2\/product"}],"about":[{"href":"https:\/\/verkkokauppa.lahti.fi\/museokauppa\/wp-json\/wp\/v2\/types\/product"}],"wp:featuredmedia":[{"embeddable":true,"href":"https:\/\/verkkokauppa.lahti.fi\/museokauppa\/wp-json\/wp\/v2\/media\/19071"}],"wp:attachment":[{"href":"https:\/\/verkkokauppa.lahti.fi\/museokauppa\/wp-json\/wp\/v2\/media?parent=33785"}],"wp:term":[{"taxonomy":"product_brand","embeddable":true,"href":"https:\/\/verkkokauppa.lahti.fi\/museokauppa\/wp-json\/wp\/v2\/product_brand?post=33785"},{"taxonomy":"product_cat","embeddable":true,"href":"https:\/\/verkkokauppa.lahti.fi\/museokauppa\/wp-json\/wp\/v2\/product_cat?post=33785"},{"taxonomy":"product_tag","embeddable":true,"href":"https:\/\/verkkokauppa.lahti.fi\/museokauppa\/wp-json\/wp\/v2\/product_tag?post=33785"}],"curies":[{"name":"wp","href":"https:\/\/api.w.org\/{rel}","templated":true}]}}