{"id":33787,"date":"2025-01-23T00:10:28","date_gmt":"2025-01-22T22:10:28","guid":{"rendered":"https:\/\/verkkokauppa.lahti.fi\/museokauppa\/tuote\/vauvateatteriesitys-pumpuli-9-2-2024-klo-12\/"},"modified":"2026-01-28T18:21:36","modified_gmt":"2026-01-28T16:21:36","slug":"kukkuu-missa-kuu-vauvateatteriesitys-5-2-2026","status":"publish","type":"product","link":"https:\/\/verkkokauppa.lahti.fi\/museokauppa\/tuote\/kukkuu-missa-kuu-vauvateatteriesitys-5-2-2026\/","title":{"rendered":"Teatteri Tuomikko: Kukkuu! Miss\u00e4 kuu? -vauvateatteriesitys 5.2.2026 klo 10.15"},"content":{"rendered":"<h5 class=\"x_MsoNormal\">To 5.2. klo 10.15 pajatila Kumma<\/h5>\n<p class=\"x_MsoNormal\">Kukkuu! Miss\u00e4 kuu?\u00a0<\/p>\n<p class=\"x_MsoNormal\">Vauvateatteriesitys, jossa yhdistyv\u00e4t piiloleikki, avattavat luukut ja nukketeatterin ihmeet.<\/p>\n<p class=\"x_MsoNormal\">Ihan \u00e4sken se oli t\u00e4ss\u00e4, mutta nyt sit\u00e4 ei n\u00e4y miss\u00e4\u00e4n. Onkohan kuu mennyt piilosille? Lasketaan kolmeen ja etsit\u00e4\u00e4n kuu! Vaan kuu onkin l\u00f6yt\u00e4nyt tosi hyv\u00e4n piilon ja tarvitaan monta kukkuuta ja kurkistusta ennen kuin kuu tulee piilostaan.<\/p>\n<p class=\"x_MsoNormal\">Vauvoille ja taaperoille suunnattu esitys tuo piiloleikkiin mukaan kuvakirjoista tutut avattavat luukut ja nukketeatterin ihmeet. Oman aikuisen avulla osallistujat p\u00e4\u00e4sev\u00e4t osaksi leikki\u00e4, jossa kurkistus on p\u00e4\u00e4osassa.<\/p>\n<p class=\"x_MsoNormal\">Esityksess\u00e4 osallistujat istuvat v\u00e4lj\u00e4sti lattialla, lapsi ja aikuinen yhdess\u00e4. Esiintyj\u00e4 voi liikkua osallistujien sekaan, mutta aikuiset eiv\u00e4t joudu esiintyjiksi, vaan saavat nauttia esityksest\u00e4 ja vuorovaikutuksesta pienten kanssa.<\/p>\n<p class=\"x_MsoNormal\">Esityksen tavoitteena on antaa perheen pienimmille ensimm\u00e4inen teatterikokemus pehme\u00e4sti ja turvallisesti oman aikuisen kanssa yhdess\u00e4 koettuna. Esitys yhdist\u00e4\u00e4 vauvoille tuttuihin elementteihin ripauksen teatterintaikaa ja tarjoaa aikuisillekin hetken mielikuvituksen maailmassa.<\/p>\n<p class=\"x_MsoNormal\">Esityksen kesto noin 25 minuuttia. <br \/>Suositusik\u00e4: 0-2-vuotiaat yhdess\u00e4 aikuisen kanssa <br \/>Yhteen esitykseen mahtuu max. 20 vauvaa aikuisineen.<br \/>P\u00e4\u00e4sylipun hinta: 25\u20ac \/ yksi lapsi + aikuinen.<br \/>Osallistua voi my\u00f6s kahden lapsen kanssa, jolloin ostetaan kaksi p\u00e4\u00e4sylippua. P\u00e4\u00e4syliput ostetaan museon verkkokaupasta. Esityksen lippuun ei sis\u00e4lly p\u00e4\u00e4sy\u00e4 museon n\u00e4yttelyihin.<\/p>\n<p class=\"x_MsoNormal\">K\u00e4sikirjoitus, visuaalinen suunnittelu ja esiintyminen: Terhi Tuomikko<\/p>\n<p class=\"x_MsoNormal\">Lavastus: Jaana Saarinki<\/p>\n<p class=\"x_MsoNormal\">Nuket: Jasmin Yrj\u00e4nne ja Terhi Tuomikko<\/p>\n<p class=\"x_MsoNormal\">Musiikki ja \u00e4\u00e4nisuunnittelu: Sanna Heiskanen ja Ilmari Myllynen<\/p>\n<p class=\"x_MsoNormal\">Valokuva: Tommi Mattila\u00a0<\/p>\n<p class=\"x_MsoNormal\">Graafinen suunnittelu: Anna Aalto<\/p>\n<p class=\"x_MsoNormal\"><span data-olk-copy-source=\"MessageBody\">Esitys on osa Lahden Talvikarnevaalien ohjelmistoa.<\/span><\/p>\n","protected":false},"excerpt":{"rendered":"<p>To 5.2. klo 10.15 pajatila Kumma Kukkuu! Miss\u00e4 kuu?\u00a0 Vauvateatteriesitys, jossa yhdistyv\u00e4t piiloleikki, avattavat luukut ja nukketeatterin ihmeet. Ihan \u00e4sken se oli t\u00e4ss\u00e4, mutta nyt sit\u00e4 ei n\u00e4y miss\u00e4\u00e4n. Onkohan kuu mennyt piilosille? Lasketaan kolmeen ja etsit\u00e4\u00e4n kuu! Vaan kuu onkin l\u00f6yt\u00e4nyt tosi hyv\u00e4n piilon ja tarvitaan monta kukkuuta ja kurkistusta ennen kuin kuu tulee [&hellip;]<\/p>\n","protected":false},"featured_media":35624,"template":"","meta":[],"product_brand":[],"product_cat":[84],"product_tag":[],"class_list":{"0":"post-33787","1":"product","2":"type-product","3":"status-publish","4":"has-post-thumbnail","6":"product_cat-tapahtumat-0","8":"first","9":"instock","10":"virtual","11":"taxable","12":"purchasable","13":"product-type-simple"},"_links":{"self":[{"href":"https:\/\/verkkokauppa.lahti.fi\/museokauppa\/wp-json\/wp\/v2\/product\/33787","targetHints":{"allow":["GET"]}}],"collection":[{"href":"https:\/\/verkkokauppa.lahti.fi\/museokauppa\/wp-json\/wp\/v2\/product"}],"about":[{"href":"https:\/\/verkkokauppa.lahti.fi\/museokauppa\/wp-json\/wp\/v2\/types\/product"}],"wp:featuredmedia":[{"embeddable":true,"href":"https:\/\/verkkokauppa.lahti.fi\/museokauppa\/wp-json\/wp\/v2\/media\/35624"}],"wp:attachment":[{"href":"https:\/\/verkkokauppa.lahti.fi\/museokauppa\/wp-json\/wp\/v2\/media?parent=33787"}],"wp:term":[{"taxonomy":"product_brand","embeddable":true,"href":"https:\/\/verkkokauppa.lahti.fi\/museokauppa\/wp-json\/wp\/v2\/product_brand?post=33787"},{"taxonomy":"product_cat","embeddable":true,"href":"https:\/\/verkkokauppa.lahti.fi\/museokauppa\/wp-json\/wp\/v2\/product_cat?post=33787"},{"taxonomy":"product_tag","embeddable":true,"href":"https:\/\/verkkokauppa.lahti.fi\/museokauppa\/wp-json\/wp\/v2\/product_tag?post=33787"}],"curies":[{"name":"wp","href":"https:\/\/api.w.org\/{rel}","templated":true}]}}