{"id":33791,"date":"2025-01-23T00:10:30","date_gmt":"2025-01-22T22:10:30","guid":{"rendered":"https:\/\/verkkokauppa.lahti.fi\/museokauppa\/tuote\/sari-soinisen-valokuvauspaja\/"},"modified":"2026-01-01T00:13:07","modified_gmt":"2025-12-31T22:13:07","slug":"sari-soinisen-valokuvauspaja","status":"publish","type":"product","link":"https:\/\/verkkokauppa.lahti.fi\/museokauppa\/tuote\/sari-soinisen-valokuvauspaja\/","title":{"rendered":"Sari Soinisen valokuvauspaja"},"content":{"rendered":"<p><strong>La 16.3. klo 12-16<\/strong><\/p>\n<p><strong>Pajatila Kummassa\u00a0<\/strong><\/p>\n<p>Sari Soinisen valokuvaty\u00f6paja keskittyy k\u00e4sittelem\u00e4\u00e4n omakuvaa ja siihen liittyvi\u00e4 luovia metodeja. Ty\u00f6pajaan sis\u00e4ltyy asiantuntijaluento, valokuvien toteuttamista sek\u00e4 kuvien l\u00e4pik\u00e4ynti\u00e4 ja keskustelua Soinisen johdolla.\u00a0 \u00a0<\/p>\n<p>Sari Soininen l\u00f6ysi omakuvauksen muodon seitsem\u00e4n vuotta sitten henkil\u00f6kohtaisen trauman kautta. Omakuva voi toimia terapeuttisena v\u00e4lineen\u00e4 omien henkil\u00f6kohtaisten ongelmakohtien kanssa tai vain reflektoida perinteisemp\u00e4\u00e4 omakuvaa &#8211; ty\u00f6pajassa Sari Soininen k\u00e4sittelee omakuvaa terapeuttisena taidemuotona.\u00a0\u00a0<\/p>\n<p>Ty\u00f6paja sis\u00e4lt\u00e4\u00e4 45 minuutin mittaisen luennon, joka syv\u00e4luotaa mm. omakuvan historiaa ja nykytaiteen metodeja. Ty\u00f6pajassa toteutetaan valokuvia, joissa k\u00e4ytet\u00e4\u00e4n erilaisia kuvausmetodeja kuten pitk\u00e4\u00e4 valotusaikaa, projisointia ja v\u00e4rikalvoja. Sari Soininen ohjaa ja avustaa osallistujia k\u00e4ytt\u00e4m\u00e4\u00e4n eri kuvausmetodeja. Pajassa my\u00f6s k\u00e4yd\u00e4\u00e4n otetut kuvat l\u00e4pi ryhm\u00e4ss\u00e4 keskustellen. Ty\u00f6pajan tarkoituksena on saada osallistujia pohdiskelemaan kuvaa itsest\u00e4\u00e4n erilaisten mediumien avulla: omakuva ei v\u00e4ltt\u00e4m\u00e4tt\u00e4 aina ole aina suora kuva omasta itsest\u00e4, vaan se voi my\u00f6s reflektoitua ymp\u00e4rist\u00f6st\u00e4.\u00a0 \u00a0\u00a0<\/p>\n<p>Paja on suunnattu valokuvaamisesta kiinnostuneille ja harrastuneille henkil\u00f6ille. Otathan oman kameran, sek\u00e4 mahdollisen muun oman v\u00e4lineist\u00f6n, kuten jalustan ja salaman, mukaan ty\u00f6pajaan. Pajassa on k\u00e4yt\u00f6ss\u00e4 yksi lainakamera. Pajaan mahtuu 10 osallistujaa, osallistuminen ostetaan museon verkkokaupasta. Ty\u00f6pajamaksuun kuuluu my\u00f6s sis\u00e4\u00e4np\u00e4\u00e4sy Sari Soinisen n\u00e4yttelyyn.\u00a0<\/p>\n","protected":false},"excerpt":{"rendered":"<p>La 16.3. klo 12-16 Pajatila Kummassa\u00a0 Sari Soinisen valokuvaty\u00f6paja keskittyy k\u00e4sittelem\u00e4\u00e4n omakuvaa ja siihen liittyvi\u00e4 luovia metodeja. Ty\u00f6pajaan sis\u00e4ltyy asiantuntijaluento, valokuvien toteuttamista sek\u00e4 kuvien l\u00e4pik\u00e4ynti\u00e4 ja keskustelua Soinisen johdolla.\u00a0 \u00a0 Sari Soininen l\u00f6ysi omakuvauksen muodon seitsem\u00e4n vuotta sitten henkil\u00f6kohtaisen trauman kautta. Omakuva voi toimia terapeuttisena v\u00e4lineen\u00e4 omien henkil\u00f6kohtaisten ongelmakohtien kanssa tai vain reflektoida perinteisemp\u00e4\u00e4 omakuvaa [&hellip;]<\/p>\n","protected":false},"featured_media":20121,"template":"","meta":[],"product_brand":[],"product_cat":[84],"product_tag":[],"class_list":{"0":"post-33791","1":"product","2":"type-product","3":"status-publish","4":"has-post-thumbnail","6":"product_cat-tapahtumat-0","8":"first","9":"instock","10":"virtual","11":"taxable","12":"purchasable","13":"product-type-simple"},"_links":{"self":[{"href":"https:\/\/verkkokauppa.lahti.fi\/museokauppa\/wp-json\/wp\/v2\/product\/33791","targetHints":{"allow":["GET"]}}],"collection":[{"href":"https:\/\/verkkokauppa.lahti.fi\/museokauppa\/wp-json\/wp\/v2\/product"}],"about":[{"href":"https:\/\/verkkokauppa.lahti.fi\/museokauppa\/wp-json\/wp\/v2\/types\/product"}],"wp:featuredmedia":[{"embeddable":true,"href":"https:\/\/verkkokauppa.lahti.fi\/museokauppa\/wp-json\/wp\/v2\/media\/20121"}],"wp:attachment":[{"href":"https:\/\/verkkokauppa.lahti.fi\/museokauppa\/wp-json\/wp\/v2\/media?parent=33791"}],"wp:term":[{"taxonomy":"product_brand","embeddable":true,"href":"https:\/\/verkkokauppa.lahti.fi\/museokauppa\/wp-json\/wp\/v2\/product_brand?post=33791"},{"taxonomy":"product_cat","embeddable":true,"href":"https:\/\/verkkokauppa.lahti.fi\/museokauppa\/wp-json\/wp\/v2\/product_cat?post=33791"},{"taxonomy":"product_tag","embeddable":true,"href":"https:\/\/verkkokauppa.lahti.fi\/museokauppa\/wp-json\/wp\/v2\/product_tag?post=33791"}],"curies":[{"name":"wp","href":"https:\/\/api.w.org\/{rel}","templated":true}]}}