{"id":33821,"date":"2025-01-23T13:56:41","date_gmt":"2025-01-23T11:56:41","guid":{"rendered":"https:\/\/verkkokauppa.lahti.fi\/museokauppa\/tuote\/unimaski-napolin-kuu\/"},"modified":"2025-11-17T13:09:28","modified_gmt":"2025-11-17T11:09:28","slug":"unimaski-napolin-kuu","status":"publish","type":"product","link":"https:\/\/verkkokauppa.lahti.fi\/museokauppa\/tuote\/unimaski-napolin-kuu\/","title":{"rendered":"Unimaski Napolin kuu"},"content":{"rendered":"<p>Ivan Aivazovski (1817-1900): Kuutamomaisema Napolista.<\/p>\n<p>T\u00e4m\u00e4 kaunis unimaski antaa lempe\u00e4t unet, vaikka keskell\u00e4 p\u00e4iv\u00e4\u00e4.<\/p>\n<p>Painettu Lahdessa!<\/p>\n<p>Koko: 20x10cm<\/p>\n","protected":false},"excerpt":{"rendered":"<p>Ivan Aivazovski (1817-1900): Kuutamomaisema Napolista. T\u00e4m\u00e4 kaunis unimaski antaa lempe\u00e4t unet, vaikka keskell\u00e4 p\u00e4iv\u00e4\u00e4. Painettu Lahdessa! Koko: 20x10cm<\/p>\n","protected":false},"featured_media":14367,"template":"","meta":[],"product_brand":[],"product_cat":[136],"product_tag":[],"class_list":{"0":"post-33821","1":"product","2":"type-product","3":"status-publish","4":"has-post-thumbnail","6":"product_cat-muut-tuotteet-0-0-0","8":"first","9":"instock","10":"taxable","11":"shipping-taxable","12":"purchasable","13":"product-type-simple"},"_links":{"self":[{"href":"https:\/\/verkkokauppa.lahti.fi\/museokauppa\/wp-json\/wp\/v2\/product\/33821","targetHints":{"allow":["GET"]}}],"collection":[{"href":"https:\/\/verkkokauppa.lahti.fi\/museokauppa\/wp-json\/wp\/v2\/product"}],"about":[{"href":"https:\/\/verkkokauppa.lahti.fi\/museokauppa\/wp-json\/wp\/v2\/types\/product"}],"wp:featuredmedia":[{"embeddable":true,"href":"https:\/\/verkkokauppa.lahti.fi\/museokauppa\/wp-json\/wp\/v2\/media\/14367"}],"wp:attachment":[{"href":"https:\/\/verkkokauppa.lahti.fi\/museokauppa\/wp-json\/wp\/v2\/media?parent=33821"}],"wp:term":[{"taxonomy":"product_brand","embeddable":true,"href":"https:\/\/verkkokauppa.lahti.fi\/museokauppa\/wp-json\/wp\/v2\/product_brand?post=33821"},{"taxonomy":"product_cat","embeddable":true,"href":"https:\/\/verkkokauppa.lahti.fi\/museokauppa\/wp-json\/wp\/v2\/product_cat?post=33821"},{"taxonomy":"product_tag","embeddable":true,"href":"https:\/\/verkkokauppa.lahti.fi\/museokauppa\/wp-json\/wp\/v2\/product_tag?post=33821"}],"curies":[{"name":"wp","href":"https:\/\/api.w.org\/{rel}","templated":true}]}}