{"id":33985,"date":"2025-01-28T13:48:10","date_gmt":"2025-01-28T11:48:10","guid":{"rendered":"https:\/\/verkkokauppa.lahti.fi\/museokauppa\/tuote\/vauvojen-varikylpy-10-4-2025\/"},"modified":"2026-01-01T00:13:09","modified_gmt":"2025-12-31T22:13:09","slug":"vauvojen-varikylpy-10-4-2025","status":"publish","type":"product","link":"https:\/\/verkkokauppa.lahti.fi\/museokauppa\/tuote\/vauvojen-varikylpy-10-4-2025\/","title":{"rendered":"Vauvojen v\u00e4rikylpy 25.9.2025"},"content":{"rendered":"<p class=\"MsoNormal\"><strong>25.9.2025 klo 10.15-11.00 Pajatila Kumma, Malva<\/strong><\/p>\n<p class=\"MsoNormal\">SATEENKAARISIRKUS &#8211; Vauvojen v\u00e4rikylpy<\/p>\n<p class=\"MsoNormal\">V\u00e4rikylpyty\u00f6paja on tarkoitettu n. 3kk-1v. ik\u00e4iselle lapselle yhdess\u00e4 aikuisen kanssa. Vauvojen v\u00e4rikylvyiss\u00e4 l\u00e4ht\u00f6kohtina toimii visuaalinen ilottelu, l\u00e4sn\u00e4olo, moniaistillisuus sek\u00e4 el\u00e4myksellisyys. Ty\u00f6pajoissa tutkitaan muoto- ja v\u00e4ril\u00e4ht\u00f6kohdista erilaisia materiaaleja moniaistillisesti yhdess\u00e4 lapsen kanssa, jonka j\u00e4lkeen maalataan elintarvikkeista tehdyill\u00e4 v\u00e4rikylpymaaleilla.<\/p>\n<p class=\"MsoNormal\">V\u00e4rikylvyn teemana on sateenkarisirkus, ihana v\u00e4ri-ilottelu alkusyksyyn. Mukana on my\u00f6s \u00e4\u00e4nimaisemaa ja valaistuksen muuttamista.<\/p>\n<p class=\"MsoNormal\">Itse ty\u00f6pajan kesto on 45 minuuttia, mutta tulethan paikalle v\u00e4hint\u00e4\u00e4n 10 min ennen aloitusta. Ty\u00f6pajan j\u00e4lkeen kannattaa varata aikaa lapsen vaatteiden vaihtoon ja siistimiseen. Ota siis varavaatteet ja mahdollisesti pyyhe mukaan (ehk\u00e4 my\u00f6s itsellesi).<\/p>\n<p class=\"MsoNormal\">V\u00e4rikylvyn teoksen voi j\u00e4tt\u00e4\u00e4 kuivumaan Malvan ty\u00f6pajatilaan ja ne voidaan hakea my\u00f6hemmin sovitusti.<\/p>\n<p class=\"MsoNormal\">Ty\u00f6pajassa ei k\u00e4ytet\u00e4 maito-\/viljatuotteita.<\/p>\n<p class=\"MsoNormal\">V\u00e4rikylvyn hinta on 25\u20ac aikuiselta ja yhdelt\u00e4 lapselta. Osallistua voi my\u00f6s kahden lapsen kanssa, jolloin ostetaan kaksi v\u00e4rikylpypaikkaa. Osallistuminen ostetaan museon verkkokaupasta. Pajaan mahtuu 10 vauva-aikuinen -paria.<\/p>\n<p>\u00a0<\/p>\n","protected":false},"excerpt":{"rendered":"<p>25.9.2025 klo 10.15-11.00 Pajatila Kumma, Malva SATEENKAARISIRKUS &#8211; Vauvojen v\u00e4rikylpy V\u00e4rikylpyty\u00f6paja on tarkoitettu n. 3kk-1v. ik\u00e4iselle lapselle yhdess\u00e4 aikuisen kanssa. Vauvojen v\u00e4rikylvyiss\u00e4 l\u00e4ht\u00f6kohtina toimii visuaalinen ilottelu, l\u00e4sn\u00e4olo, moniaistillisuus sek\u00e4 el\u00e4myksellisyys. Ty\u00f6pajoissa tutkitaan muoto- ja v\u00e4ril\u00e4ht\u00f6kohdista erilaisia materiaaleja moniaistillisesti yhdess\u00e4 lapsen kanssa, jonka j\u00e4lkeen maalataan elintarvikkeista tehdyill\u00e4 v\u00e4rikylpymaaleilla. V\u00e4rikylvyn teemana on sateenkarisirkus, ihana v\u00e4ri-ilottelu alkusyksyyn. Mukana [&hellip;]<\/p>\n","protected":false},"featured_media":34891,"template":"","meta":[],"product_brand":[],"product_cat":[84],"product_tag":[],"class_list":{"0":"post-33985","1":"product","2":"type-product","3":"status-publish","4":"has-post-thumbnail","6":"product_cat-tapahtumat-0","8":"first","9":"instock","10":"virtual","11":"taxable","12":"purchasable","13":"product-type-simple"},"_links":{"self":[{"href":"https:\/\/verkkokauppa.lahti.fi\/museokauppa\/wp-json\/wp\/v2\/product\/33985","targetHints":{"allow":["GET"]}}],"collection":[{"href":"https:\/\/verkkokauppa.lahti.fi\/museokauppa\/wp-json\/wp\/v2\/product"}],"about":[{"href":"https:\/\/verkkokauppa.lahti.fi\/museokauppa\/wp-json\/wp\/v2\/types\/product"}],"wp:featuredmedia":[{"embeddable":true,"href":"https:\/\/verkkokauppa.lahti.fi\/museokauppa\/wp-json\/wp\/v2\/media\/34891"}],"wp:attachment":[{"href":"https:\/\/verkkokauppa.lahti.fi\/museokauppa\/wp-json\/wp\/v2\/media?parent=33985"}],"wp:term":[{"taxonomy":"product_brand","embeddable":true,"href":"https:\/\/verkkokauppa.lahti.fi\/museokauppa\/wp-json\/wp\/v2\/product_brand?post=33985"},{"taxonomy":"product_cat","embeddable":true,"href":"https:\/\/verkkokauppa.lahti.fi\/museokauppa\/wp-json\/wp\/v2\/product_cat?post=33985"},{"taxonomy":"product_tag","embeddable":true,"href":"https:\/\/verkkokauppa.lahti.fi\/museokauppa\/wp-json\/wp\/v2\/product_tag?post=33985"}],"curies":[{"name":"wp","href":"https:\/\/api.w.org\/{rel}","templated":true}]}}