{"id":34098,"date":"2025-02-26T15:21:36","date_gmt":"2025-02-26T13:21:36","guid":{"rendered":"https:\/\/verkkokauppa.lahti.fi\/museokauppa\/tuote\/minimagneetti-ferdinand-von-wright\/"},"modified":"2025-11-17T13:18:22","modified_gmt":"2025-11-17T11:18:22","slug":"minimagneetti-ferdinand-von-wright","status":"publish","type":"product","link":"https:\/\/verkkokauppa.lahti.fi\/museokauppa\/tuote\/minimagneetti-ferdinand-von-wright\/","title":{"rendered":"Minimagneetti Ferdinand von Wright"},"content":{"rendered":"<p class=\"MsoNormal\">Teos: Ferdinand von Wright:\u00a0Huuhkaja\u00a0hy\u00f6kk\u00e4\u00e4 j\u00e4niksen kimppuun, 1860. Viipuri-s\u00e4\u00e4ti\u00f6<\/p>\n<p class=\"MsoNormal\"><span style=\"color: black\">Omista kokoelmista tuotettu minimagneettisarja. T\u00e4m\u00e4 upea teos l\u00f6ytyy Malvan Juuret n\u00e4yttelyst\u00e4.<\/span><\/p>\n","protected":false},"excerpt":{"rendered":"<p>Teos: Ferdinand von Wright:\u00a0Huuhkaja\u00a0hy\u00f6kk\u00e4\u00e4 j\u00e4niksen kimppuun, 1860. Viipuri-s\u00e4\u00e4ti\u00f6 Omista kokoelmista tuotettu minimagneettisarja. T\u00e4m\u00e4 upea teos l\u00f6ytyy Malvan Juuret n\u00e4yttelyst\u00e4.<\/p>\n","protected":false},"featured_media":34124,"template":"","meta":[],"product_brand":[],"product_cat":[136],"product_tag":[],"class_list":{"0":"post-34098","1":"product","2":"type-product","3":"status-publish","4":"has-post-thumbnail","6":"product_cat-muut-tuotteet-0-0-0","8":"first","9":"instock","10":"taxable","11":"shipping-taxable","12":"purchasable","13":"product-type-simple"},"_links":{"self":[{"href":"https:\/\/verkkokauppa.lahti.fi\/museokauppa\/wp-json\/wp\/v2\/product\/34098","targetHints":{"allow":["GET"]}}],"collection":[{"href":"https:\/\/verkkokauppa.lahti.fi\/museokauppa\/wp-json\/wp\/v2\/product"}],"about":[{"href":"https:\/\/verkkokauppa.lahti.fi\/museokauppa\/wp-json\/wp\/v2\/types\/product"}],"wp:featuredmedia":[{"embeddable":true,"href":"https:\/\/verkkokauppa.lahti.fi\/museokauppa\/wp-json\/wp\/v2\/media\/34124"}],"wp:attachment":[{"href":"https:\/\/verkkokauppa.lahti.fi\/museokauppa\/wp-json\/wp\/v2\/media?parent=34098"}],"wp:term":[{"taxonomy":"product_brand","embeddable":true,"href":"https:\/\/verkkokauppa.lahti.fi\/museokauppa\/wp-json\/wp\/v2\/product_brand?post=34098"},{"taxonomy":"product_cat","embeddable":true,"href":"https:\/\/verkkokauppa.lahti.fi\/museokauppa\/wp-json\/wp\/v2\/product_cat?post=34098"},{"taxonomy":"product_tag","embeddable":true,"href":"https:\/\/verkkokauppa.lahti.fi\/museokauppa\/wp-json\/wp\/v2\/product_tag?post=34098"}],"curies":[{"name":"wp","href":"https:\/\/api.w.org\/{rel}","templated":true}]}}