{"id":34258,"date":"2025-04-04T11:31:48","date_gmt":"2025-04-04T08:31:48","guid":{"rendered":"https:\/\/verkkokauppa.lahti.fi\/museokauppa\/tuote\/lakkautettu-kyla-konsertti-10-6-klo-17-30\/"},"modified":"2026-01-01T00:11:42","modified_gmt":"2025-12-31T22:11:42","slug":"lakkautettu-kyla-konsertti-10-6-klo-17-30","status":"publish","type":"product","link":"https:\/\/verkkokauppa.lahti.fi\/museokauppa\/tuote\/lakkautettu-kyla-konsertti-10-6-klo-17-30\/","title":{"rendered":"Lakkautettu kyl\u00e4 -konsertti 10.6. klo 17.30"},"content":{"rendered":"<p class=\"MsoNormal\"><strong>Lakkautettu kyl\u00e4 -konsertti<\/strong><\/p>\n<p class=\"MsoNormal\">Tutkiva muusikko Anne-Mari Kivim\u00e4ki johdattelee orkesterin voimin kuulijan matkalle 1900-luvun alun karjalaisista Suistamon illatsuista t\u00e4m\u00e4n p\u00e4iv\u00e4n valokuvakonserttiin. 10.6. klo 16 ja 17.30 j\u00e4rjestett\u00e4viss\u00e4 konserteissa kuullaan haitari trancea, sota-ajan suosikkis\u00e4velmi\u00e4 ja karjalankielist\u00e4 arkistomateriaalia.<\/p>\n<p class=\"MsoNormal\">Muusikko ja s\u00e4velt\u00e4j\u00e4 Anne-Mari Kivim\u00e4ki on koonnut Lakkautettu kyl\u00e4 -konserttiin ainutlaatuisen 10-henkisen taiteilijaryhm\u00e4n. Musiikki kulkee arkistokuvien ja Hanna Koikkalaisen valokuvien kanssa yht\u00e4 matkaa 1900-luvun alun kuvitteellisista karjalaisista illatsuista, sota-ajan 1939-1944 kautta t\u00e4m\u00e4n p\u00e4iv\u00e4n valokuvakonserttiin. Konsertti muistuttaa meit\u00e4 ajankohtaisuudellaan humanitaarisesta kriisist\u00e4 ja l\u00e4hihistorian ymm\u00e4rt\u00e4misen t\u00e4rkeydest\u00e4. Konsertin musiikki yhdess\u00e4 valokuvien kanssa, joissa evakot kulkevat pois kotoa, saavat uuden merkityksen vallitsevan maailmantilanteen vuoksi.<\/p>\n<p class=\"MsoNormal\"><strong>Milloin<\/strong>: 10.6. klo 17.30<br \/> <strong>Miss\u00e4<\/strong>: Lahden Historiallinen museo, Kartanonkatu 1, Lahti.<br \/> <strong>Hinta<\/strong>: Konserttilippu maksaa 20 \u20ac sis\u00e4lt\u00e4en p\u00e4\u00e4syn toisen kerroksen n\u00e4yttelyyn, museokortilla konserttilippu 10 \u20ac.<\/p>\n<p class=\"MsoNormal\"><strong>HUOM!<\/strong>\u00a0<strong>Alennetun\u00a0lipun voi ostaa ainoastaan Historialliselta museolta, ei verkkokaupasta.<\/strong><\/p>\n<p class=\"MsoNormal\"><strong>Lakkautettu kyl\u00e4 -taiteilijat:<br \/> <\/strong>Anne-Mari Kivim\u00e4ki Notka-haitari, 5-rivinen haitari, laulu<br \/> Silja Palom\u00e4ki kantele, klarinetti laulu<br \/> Piia Kleemola viulu, laulu<br \/> Pekko K\u00e4ppi jouhikko, rumpu, laulu<br \/> Matti Laitinen kitara, ly\u00f6m\u00e4soittimet, laulu<br \/> Timo V\u00e4\u00e4n\u00e4nen leukakantele, nars juh, laulu<br \/> Petri Sepp\u00e4l\u00e4 trumpetti, harmooni, laulu<br \/> Jani Snellman kontrabasso\u00a0<\/p>\n<p class=\"MsoNormal\">Jari-Jukka Nippala \u00e4\u00e4niteknikko<br \/> Hanna Koikkalainen kuvasuunnittelu<\/p>\n","protected":false},"excerpt":{"rendered":"<p>Lakkautettu kyl\u00e4 -konsertti Tutkiva muusikko Anne-Mari Kivim\u00e4ki johdattelee orkesterin voimin kuulijan matkalle 1900-luvun alun karjalaisista Suistamon illatsuista t\u00e4m\u00e4n p\u00e4iv\u00e4n valokuvakonserttiin. 10.6. klo 16 ja 17.30 j\u00e4rjestett\u00e4viss\u00e4 konserteissa kuullaan haitari trancea, sota-ajan suosikkis\u00e4velmi\u00e4 ja karjalankielist\u00e4 arkistomateriaalia. Muusikko ja s\u00e4velt\u00e4j\u00e4 Anne-Mari Kivim\u00e4ki on koonnut Lakkautettu kyl\u00e4 -konserttiin ainutlaatuisen 10-henkisen taiteilijaryhm\u00e4n. Musiikki kulkee arkistokuvien ja Hanna Koikkalaisen valokuvien [&hellip;]<\/p>\n","protected":false},"featured_media":21864,"template":"","meta":[],"product_brand":[],"product_cat":[121],"product_tag":[],"class_list":{"0":"post-34258","1":"product","2":"type-product","3":"status-publish","4":"has-post-thumbnail","6":"product_cat-tapahtumat-0-0","8":"first","9":"instock","10":"virtual","11":"taxable","12":"purchasable","13":"product-type-simple"},"_links":{"self":[{"href":"https:\/\/verkkokauppa.lahti.fi\/museokauppa\/wp-json\/wp\/v2\/product\/34258","targetHints":{"allow":["GET"]}}],"collection":[{"href":"https:\/\/verkkokauppa.lahti.fi\/museokauppa\/wp-json\/wp\/v2\/product"}],"about":[{"href":"https:\/\/verkkokauppa.lahti.fi\/museokauppa\/wp-json\/wp\/v2\/types\/product"}],"wp:featuredmedia":[{"embeddable":true,"href":"https:\/\/verkkokauppa.lahti.fi\/museokauppa\/wp-json\/wp\/v2\/media\/21864"}],"wp:attachment":[{"href":"https:\/\/verkkokauppa.lahti.fi\/museokauppa\/wp-json\/wp\/v2\/media?parent=34258"}],"wp:term":[{"taxonomy":"product_brand","embeddable":true,"href":"https:\/\/verkkokauppa.lahti.fi\/museokauppa\/wp-json\/wp\/v2\/product_brand?post=34258"},{"taxonomy":"product_cat","embeddable":true,"href":"https:\/\/verkkokauppa.lahti.fi\/museokauppa\/wp-json\/wp\/v2\/product_cat?post=34258"},{"taxonomy":"product_tag","embeddable":true,"href":"https:\/\/verkkokauppa.lahti.fi\/museokauppa\/wp-json\/wp\/v2\/product_tag?post=34258"}],"curies":[{"name":"wp","href":"https:\/\/api.w.org\/{rel}","templated":true}]}}