{"id":35082,"date":"2025-09-19T07:31:52","date_gmt":"2025-09-19T04:31:52","guid":{"rendered":"https:\/\/verkkokauppa.lahti.fi\/museokauppa\/tuote\/opastus-60-min-pieni-pala-pariisia-ja-aurinkolinna-nayttelyihin\/"},"modified":"2025-11-17T13:07:18","modified_gmt":"2025-11-17T11:07:18","slug":"opastus-60-min-pieni-pala-pariisia-ja-aurinkolinna-nayttelyihin","status":"publish","type":"product","link":"https:\/\/verkkokauppa.lahti.fi\/museokauppa\/tuote\/opastus-60-min-pieni-pala-pariisia-ja-aurinkolinna-nayttelyihin\/","title":{"rendered":"Opastus Pieni pala Pariisia ja Aurinkolinna -n\u00e4yttelyihin SUOMEKSI"},"content":{"rendered":"<p>T\u00e4m\u00e4 opastus on suomenkielell\u00e4. Ryhm\u00e4koko max.\u00a020 henkil\u00f6\u00e4.\u00a0<\/p>\n<p>Opastushintaan ei sis\u00e4lly osallistujien p\u00e4\u00e4syliput. Liput voit ostaa my\u00f6s l\u00e4hemp\u00e4n\u00e4 vierailuajankohtaa joko verkkokaupasta tai museosta.<\/p>\n<ol>\n<li>Valitse vierailup\u00e4iv\u00e4 ja aloitusaika kalenterista.<\/li>\n<li>T\u00e4yt\u00e4 lis\u00e4tietolomake.<\/li>\n<li>Paina Siirry maksamaan -painiketta.<\/li>\n<li>Vierit\u00e4 alas ja paina siirry kassalle.<\/li>\n<li>Maksa varauksesi.<\/li>\n<li>Muista ostaa my\u00f6s p\u00e4\u00e4syliput joko verkkokaupasta tai museosta.<\/li>\n<\/ol>\n","protected":false},"excerpt":{"rendered":"<p>T\u00e4m\u00e4 opastus on suomenkielell\u00e4. Ryhm\u00e4koko max.\u00a020 henkil\u00f6\u00e4.\u00a0 Opastushintaan ei sis\u00e4lly osallistujien p\u00e4\u00e4syliput. Liput voit ostaa my\u00f6s l\u00e4hemp\u00e4n\u00e4 vierailuajankohtaa joko verkkokaupasta tai museosta. Valitse vierailup\u00e4iv\u00e4 ja aloitusaika kalenterista. T\u00e4yt\u00e4 lis\u00e4tietolomake. Paina Siirry maksamaan -painiketta. Vierit\u00e4 alas ja paina siirry kassalle. Maksa varauksesi. Muista ostaa my\u00f6s p\u00e4\u00e4syliput joko verkkokaupasta tai museosta.<\/p>\n","protected":false},"featured_media":35079,"template":"","meta":[],"product_brand":[],"product_cat":[106],"product_tag":[],"class_list":{"0":"post-35082","1":"product","2":"type-product","3":"status-publish","4":"has-post-thumbnail","6":"product_cat-opastukset-0-0","8":"first","9":"instock","10":"virtual","11":"taxable","12":"purchasable","13":"product-type-phive_booking"},"_links":{"self":[{"href":"https:\/\/verkkokauppa.lahti.fi\/museokauppa\/wp-json\/wp\/v2\/product\/35082","targetHints":{"allow":["GET"]}}],"collection":[{"href":"https:\/\/verkkokauppa.lahti.fi\/museokauppa\/wp-json\/wp\/v2\/product"}],"about":[{"href":"https:\/\/verkkokauppa.lahti.fi\/museokauppa\/wp-json\/wp\/v2\/types\/product"}],"wp:featuredmedia":[{"embeddable":true,"href":"https:\/\/verkkokauppa.lahti.fi\/museokauppa\/wp-json\/wp\/v2\/media\/35079"}],"wp:attachment":[{"href":"https:\/\/verkkokauppa.lahti.fi\/museokauppa\/wp-json\/wp\/v2\/media?parent=35082"}],"wp:term":[{"taxonomy":"product_brand","embeddable":true,"href":"https:\/\/verkkokauppa.lahti.fi\/museokauppa\/wp-json\/wp\/v2\/product_brand?post=35082"},{"taxonomy":"product_cat","embeddable":true,"href":"https:\/\/verkkokauppa.lahti.fi\/museokauppa\/wp-json\/wp\/v2\/product_cat?post=35082"},{"taxonomy":"product_tag","embeddable":true,"href":"https:\/\/verkkokauppa.lahti.fi\/museokauppa\/wp-json\/wp\/v2\/product_tag?post=35082"}],"curies":[{"name":"wp","href":"https:\/\/api.w.org\/{rel}","templated":true}]}}