{"id":35096,"date":"2025-09-23T12:25:31","date_gmt":"2025-09-23T09:25:31","guid":{"rendered":"https:\/\/verkkokauppa.lahti.fi\/museokauppa\/tuote\/lapsi-aikuinen-taidepaja-2\/"},"modified":"2026-01-01T00:11:43","modified_gmt":"2025-12-31T22:11:43","slug":"lapsi-aikuinen-taidepaja-2","status":"publish","type":"product","link":"https:\/\/verkkokauppa.lahti.fi\/museokauppa\/tuote\/lapsi-aikuinen-taidepaja-2\/","title":{"rendered":"Lapsi &amp; aikuinen -taidepaja"},"content":{"rendered":"<p><strong>Ke 22.10. Klo 12\u201314 lapsi-aikuinen -taidepaja Kummassa<\/strong><\/p>\n<p>Tervetuloa lapsi &amp; aikuinen -taidepajaan, jossa tutustutaan yhdess\u00e4 Malvan Outo vetovoima -n\u00e4yttelyn teemoihin!\u00a0<\/p>\n<p>Taidepajassa lapsi ja aikuinen ty\u00f6skentelev\u00e4t yhdess\u00e4. Taidepajan ty\u00f6skentely liittyy Outo vetovoima -n\u00e4yttelyn teemaan, pajaan kuuluu my\u00f6s ohjattu tutustumisk\u00e4ynti n\u00e4yttelyyn. Ohjatussa pajassa pohditaan teknologian l\u00e4sn\u00e4oloa arjessamme sek\u00e4 rakennetaan oma teos elektroniikkaromusta.\u00a0 \u00a0\u00a0<\/p>\n<p>Ty\u00f6skentely sopii kaikille, eik\u00e4 vaadi aiempaa kokemusta. Pajaa suositellaan viisivuotiaille ja sit\u00e4 vanhemmille lapsille. Aikuinen voi osallistua pajaan useamman lapsen kanssa.\u00a0<\/p>\n<p>Paja on lapsille ilmainen, aikuiselta veloitetaan museon sis\u00e4\u00e4np\u00e4\u00e4symaksu museoon saavuttaessa. Mukaan mahtuu 20 osallistujaa. Varathan paikan etuk\u00e4teen jokaiselle osallistujalle museon verkkokaupasta. Varaukset ovat sitovia. Paja on osa Malvan lapsille ja nuorille suunnattua syyslomaohjelmaa.\u00a0<\/p>\n","protected":false},"excerpt":{"rendered":"<p>Ke 22.10. Klo 12\u201314 lapsi-aikuinen -taidepaja Kummassa Tervetuloa lapsi &amp; aikuinen -taidepajaan, jossa tutustutaan yhdess\u00e4 Malvan Outo vetovoima -n\u00e4yttelyn teemoihin!\u00a0 Taidepajassa lapsi ja aikuinen ty\u00f6skentelev\u00e4t yhdess\u00e4. Taidepajan ty\u00f6skentely liittyy Outo vetovoima -n\u00e4yttelyn teemaan, pajaan kuuluu my\u00f6s ohjattu tutustumisk\u00e4ynti n\u00e4yttelyyn. Ohjatussa pajassa pohditaan teknologian l\u00e4sn\u00e4oloa arjessamme sek\u00e4 rakennetaan oma teos elektroniikkaromusta.\u00a0 \u00a0\u00a0 Ty\u00f6skentely sopii kaikille, eik\u00e4 [&hellip;]<\/p>\n","protected":false},"featured_media":35099,"template":"","meta":[],"product_brand":[],"product_cat":[84],"product_tag":[],"class_list":{"0":"post-35096","1":"product","2":"type-product","3":"status-publish","4":"has-post-thumbnail","6":"product_cat-tapahtumat-0","8":"first","9":"instock","10":"virtual","11":"taxable","12":"purchasable","13":"product-type-simple"},"_links":{"self":[{"href":"https:\/\/verkkokauppa.lahti.fi\/museokauppa\/wp-json\/wp\/v2\/product\/35096","targetHints":{"allow":["GET"]}}],"collection":[{"href":"https:\/\/verkkokauppa.lahti.fi\/museokauppa\/wp-json\/wp\/v2\/product"}],"about":[{"href":"https:\/\/verkkokauppa.lahti.fi\/museokauppa\/wp-json\/wp\/v2\/types\/product"}],"wp:featuredmedia":[{"embeddable":true,"href":"https:\/\/verkkokauppa.lahti.fi\/museokauppa\/wp-json\/wp\/v2\/media\/35099"}],"wp:attachment":[{"href":"https:\/\/verkkokauppa.lahti.fi\/museokauppa\/wp-json\/wp\/v2\/media?parent=35096"}],"wp:term":[{"taxonomy":"product_brand","embeddable":true,"href":"https:\/\/verkkokauppa.lahti.fi\/museokauppa\/wp-json\/wp\/v2\/product_brand?post=35096"},{"taxonomy":"product_cat","embeddable":true,"href":"https:\/\/verkkokauppa.lahti.fi\/museokauppa\/wp-json\/wp\/v2\/product_cat?post=35096"},{"taxonomy":"product_tag","embeddable":true,"href":"https:\/\/verkkokauppa.lahti.fi\/museokauppa\/wp-json\/wp\/v2\/product_tag?post=35096"}],"curies":[{"name":"wp","href":"https:\/\/api.w.org\/{rel}","templated":true}]}}