{"id":35415,"date":"2025-11-19T13:07:00","date_gmt":"2025-11-19T11:07:00","guid":{"rendered":"https:\/\/verkkokauppa.lahti.fi\/museokauppa\/tuote\/heijastava-lahti-putkikassi\/"},"modified":"2025-11-19T13:21:53","modified_gmt":"2025-11-19T11:21:53","slug":"heijastava-lahti-putkikassi","status":"publish","type":"product","link":"https:\/\/verkkokauppa.lahti.fi\/museokauppa\/tuote\/heijastava-lahti-putkikassi\/","title":{"rendered":"Heijastava Lahti-putkikassi"},"content":{"rendered":"<p>Heijastava Lahti-kassi, joka sopii esim. treenikassiksi.<\/p>\n<p>Yhdell\u00e4 isolla ja yhdell\u00e4 pienell\u00e4 vetoketjullisella sivutaskulla.<\/p>\n<p>Mitat: 45cm pituus, 25cm leveys, 20cm korkeus<\/p>\n","protected":false},"excerpt":{"rendered":"<p>Heijastava Lahti-kassi, joka sopii esim. treenikassiksi. Yhdell\u00e4 isolla ja yhdell\u00e4 pienell\u00e4 vetoketjullisella sivutaskulla. Mitat: 45cm pituus, 25cm leveys, 20cm korkeus<\/p>\n","protected":false},"featured_media":35412,"template":"","meta":[],"product_brand":[],"product_cat":[151],"product_tag":[],"class_list":{"0":"post-35415","1":"product","2":"type-product","3":"status-publish","4":"has-post-thumbnail","6":"product_cat-lahti-tuotteet-0-0","8":"first","9":"instock","10":"taxable","11":"shipping-taxable","12":"purchasable","13":"product-type-simple"},"_links":{"self":[{"href":"https:\/\/verkkokauppa.lahti.fi\/museokauppa\/wp-json\/wp\/v2\/product\/35415","targetHints":{"allow":["GET"]}}],"collection":[{"href":"https:\/\/verkkokauppa.lahti.fi\/museokauppa\/wp-json\/wp\/v2\/product"}],"about":[{"href":"https:\/\/verkkokauppa.lahti.fi\/museokauppa\/wp-json\/wp\/v2\/types\/product"}],"wp:featuredmedia":[{"embeddable":true,"href":"https:\/\/verkkokauppa.lahti.fi\/museokauppa\/wp-json\/wp\/v2\/media\/35412"}],"wp:attachment":[{"href":"https:\/\/verkkokauppa.lahti.fi\/museokauppa\/wp-json\/wp\/v2\/media?parent=35415"}],"wp:term":[{"taxonomy":"product_brand","embeddable":true,"href":"https:\/\/verkkokauppa.lahti.fi\/museokauppa\/wp-json\/wp\/v2\/product_brand?post=35415"},{"taxonomy":"product_cat","embeddable":true,"href":"https:\/\/verkkokauppa.lahti.fi\/museokauppa\/wp-json\/wp\/v2\/product_cat?post=35415"},{"taxonomy":"product_tag","embeddable":true,"href":"https:\/\/verkkokauppa.lahti.fi\/museokauppa\/wp-json\/wp\/v2\/product_tag?post=35415"}],"curies":[{"name":"wp","href":"https:\/\/api.w.org\/{rel}","templated":true}]}}