{"id":35420,"date":"2025-11-19T13:21:46","date_gmt":"2025-11-19T11:21:46","guid":{"rendered":"https:\/\/verkkokauppa.lahti.fi\/museokauppa\/tuote\/lahden-museot-0e-nimikkoseteli\/"},"modified":"2026-01-05T15:39:41","modified_gmt":"2026-01-05T13:39:41","slug":"lahden-museot-0e-nimikkoseteli","status":"publish","type":"product","link":"https:\/\/verkkokauppa.lahti.fi\/museokauppa\/tuote\/lahden-museot-0e-nimikkoseteli\/","title":{"rendered":"Lahden Museot &#8211; 0\u20ac nimikkoseteli"},"content":{"rendered":"<p>Ei vain aidon n\u00e4k\u00f6inen &#8211; se on aito!<\/p>\n<ul>\n<li>Painettu eurosetelipainossa aidolle eurosetelipaperille<\/li>\n<li>Vesileima ja turvalanka<\/li>\n<li>Yksil\u00f6llinen numerointi<\/li>\n<\/ul>\n","protected":false},"excerpt":{"rendered":"<p>Ei vain aidon n\u00e4k\u00f6inen &#8211; se on aito! Painettu eurosetelipainossa aidolle eurosetelipaperille Vesileima ja turvalanka Yksil\u00f6llinen numerointi<\/p>\n","protected":false},"featured_media":35417,"template":"","meta":[],"product_brand":[],"product_cat":[133],"product_tag":[],"class_list":{"0":"post-35420","1":"product","2":"type-product","3":"status-publish","4":"has-post-thumbnail","6":"product_cat-lahti-tuotteet-0","8":"first","9":"instock","10":"taxable","11":"shipping-taxable","12":"purchasable","13":"product-type-simple"},"_links":{"self":[{"href":"https:\/\/verkkokauppa.lahti.fi\/museokauppa\/wp-json\/wp\/v2\/product\/35420","targetHints":{"allow":["GET"]}}],"collection":[{"href":"https:\/\/verkkokauppa.lahti.fi\/museokauppa\/wp-json\/wp\/v2\/product"}],"about":[{"href":"https:\/\/verkkokauppa.lahti.fi\/museokauppa\/wp-json\/wp\/v2\/types\/product"}],"wp:featuredmedia":[{"embeddable":true,"href":"https:\/\/verkkokauppa.lahti.fi\/museokauppa\/wp-json\/wp\/v2\/media\/35417"}],"wp:attachment":[{"href":"https:\/\/verkkokauppa.lahti.fi\/museokauppa\/wp-json\/wp\/v2\/media?parent=35420"}],"wp:term":[{"taxonomy":"product_brand","embeddable":true,"href":"https:\/\/verkkokauppa.lahti.fi\/museokauppa\/wp-json\/wp\/v2\/product_brand?post=35420"},{"taxonomy":"product_cat","embeddable":true,"href":"https:\/\/verkkokauppa.lahti.fi\/museokauppa\/wp-json\/wp\/v2\/product_cat?post=35420"},{"taxonomy":"product_tag","embeddable":true,"href":"https:\/\/verkkokauppa.lahti.fi\/museokauppa\/wp-json\/wp\/v2\/product_tag?post=35420"}],"curies":[{"name":"wp","href":"https:\/\/api.w.org\/{rel}","templated":true}]}}