{"id":35564,"date":"2025-12-05T00:10:39","date_gmt":"2025-12-04T22:10:39","guid":{"rendered":"https:\/\/verkkokauppa.lahti.fi\/museokauppa\/tuote\/draamaopastus-type-3-uuden-maailman-raunioilla-nayttelyyn-3-12-2025-9\/"},"modified":"2026-01-07T10:20:05","modified_gmt":"2026-01-07T08:20:05","slug":"draamaopastus-type-3-uuden-maailman-raunioilla-nayttelyyn-7-1-2026","status":"publish","type":"product","link":"https:\/\/verkkokauppa.lahti.fi\/museokauppa\/tuote\/draamaopastus-type-3-uuden-maailman-raunioilla-nayttelyyn-7-1-2026\/","title":{"rendered":"Draamaopastus Type 3 &#8211; Uuden maailman raunioilla -n\u00e4yttelyyn 7.1.2026"},"content":{"rendered":"<h6>Ke 7.1.2026 klo 17.00<\/h6>\n<p>Tervetuloa toiseen todellisuuteen!\u00a0<\/p>\n<p>Kuvittele maailma, jossa teknologia ja ihmisyys sulautuvat yhteen luoden uudenlaisen, paremman todellisuuden. Type3-teko\u00e4lyj\u00e4rjestelm\u00e4 on avannut meille oven t\u00e4h\u00e4n maailmaan. L\u00e4hde mukaan kiehtovalle opastukselle, jossa ratkot uuden todellisuuden salaisuuksia!\u00a0<\/p>\n<p>Malvassa sinua odottaa S\u00e4ie Koitto, virallinen ja palkittu Type3-opas. H\u00e4nen opastuksellaan viritt\u00e4ydyt\u00e4\u00e4n uuteen todellisuuteen: p\u00e4\u00e4set osaksi maailmaa, joka on t\u00e4ynn\u00e4 mahdollisuuksia. Type3 ei kysy, kuka olet \u2013 vaan kuka voit olla. T\u00e4m\u00e4 ei ole tavallinen yleis\u00f6opastus, vaan draamaopastus, joka her\u00e4tt\u00e4\u00e4 n\u00e4yttelyn tarinat eloon!<\/p>\n<p>Draamaopastukselle mahtuu maksimissaan 20 henkil\u00f6\u00e4.<\/p>\n<p>Kierros alkaa Malvan museokaupasta ja se kest\u00e4\u00e4 noin tunnin. Olethan ajoissa paikalla! Malvan tilat ovat esteett\u00f6m\u00e4t.<\/p>\n<p>Opastusta ei suositella alakouluik\u00e4isille tai sit\u00e4 pienemmille lapsille. N\u00e4yttelyss\u00e4 on h\u00e4m\u00e4r\u00e4\u00e4 ja kovia \u00e4\u00e4ni\u00e4.<\/p>\n<p><span data-teams=\"true\">Opastuksen hinta on 10 \u20ac\/hl\u00f6 + museon p\u00e4\u00e4sylippu. Osta paikkasi opastukselle alta. Voit ostaa kerralla useamman paikan. Saat varauksestasi vahvistuksen s\u00e4hk\u00f6postiisi.\u00a0<\/span><\/p>\n","protected":false},"excerpt":{"rendered":"<p>Ke 7.1.2026 klo 17.00 Tervetuloa toiseen todellisuuteen!\u00a0 Kuvittele maailma, jossa teknologia ja ihmisyys sulautuvat yhteen luoden uudenlaisen, paremman todellisuuden. Type3-teko\u00e4lyj\u00e4rjestelm\u00e4 on avannut meille oven t\u00e4h\u00e4n maailmaan. L\u00e4hde mukaan kiehtovalle opastukselle, jossa ratkot uuden todellisuuden salaisuuksia!\u00a0 Malvassa sinua odottaa S\u00e4ie Koitto, virallinen ja palkittu Type3-opas. H\u00e4nen opastuksellaan viritt\u00e4ydyt\u00e4\u00e4n uuteen todellisuuteen: p\u00e4\u00e4set osaksi maailmaa, joka on t\u00e4ynn\u00e4 [&hellip;]<\/p>\n","protected":false},"featured_media":35595,"template":"","meta":[],"product_brand":[],"product_cat":[84],"product_tag":[],"class_list":{"0":"post-35564","1":"product","2":"type-product","3":"status-publish","4":"has-post-thumbnail","6":"product_cat-tapahtumat-0","8":"first","9":"instock","10":"virtual","11":"taxable","12":"purchasable","13":"product-type-simple"},"_links":{"self":[{"href":"https:\/\/verkkokauppa.lahti.fi\/museokauppa\/wp-json\/wp\/v2\/product\/35564","targetHints":{"allow":["GET"]}}],"collection":[{"href":"https:\/\/verkkokauppa.lahti.fi\/museokauppa\/wp-json\/wp\/v2\/product"}],"about":[{"href":"https:\/\/verkkokauppa.lahti.fi\/museokauppa\/wp-json\/wp\/v2\/types\/product"}],"wp:featuredmedia":[{"embeddable":true,"href":"https:\/\/verkkokauppa.lahti.fi\/museokauppa\/wp-json\/wp\/v2\/media\/35595"}],"wp:attachment":[{"href":"https:\/\/verkkokauppa.lahti.fi\/museokauppa\/wp-json\/wp\/v2\/media?parent=35564"}],"wp:term":[{"taxonomy":"product_brand","embeddable":true,"href":"https:\/\/verkkokauppa.lahti.fi\/museokauppa\/wp-json\/wp\/v2\/product_brand?post=35564"},{"taxonomy":"product_cat","embeddable":true,"href":"https:\/\/verkkokauppa.lahti.fi\/museokauppa\/wp-json\/wp\/v2\/product_cat?post=35564"},{"taxonomy":"product_tag","embeddable":true,"href":"https:\/\/verkkokauppa.lahti.fi\/museokauppa\/wp-json\/wp\/v2\/product_tag?post=35564"}],"curies":[{"name":"wp","href":"https:\/\/api.w.org\/{rel}","templated":true}]}}