{"id":35586,"date":"2025-12-05T15:06:07","date_gmt":"2025-12-05T13:06:07","guid":{"rendered":"https:\/\/verkkokauppa.lahti.fi\/museokauppa\/tuote\/120-kuvaa-lahdesta-picture-book\/"},"modified":"2026-01-01T00:11:51","modified_gmt":"2025-12-31T22:11:51","slug":"120-kuvaa-lahdesta-picture-book","status":"publish","type":"product","link":"https:\/\/verkkokauppa.lahti.fi\/museokauppa\/tuote\/120-kuvaa-lahdesta-picture-book\/?lang=en","title":{"rendered":"120 kuvaa Lahdesta -picture book"},"content":{"rendered":"<p>Lahtelaisen Valokuvaamo Kuvakiilan kuvia, jossa kaupunki her\u00e4\u00e4 eloon 1950 luvulta -1970 luvulle. Valokuvissa elet\u00e4\u00e4n keskell\u00e4 arkea, yleis\u00f6tapahtumien py\u00f6rteiss\u00e4, harrastusten \u00e4\u00e4ress\u00e4, sek\u00e4 juhlahumussa. Aikakauden mainoskuvat her\u00e4tt\u00e4v\u00e4t muistoja ja tuovat nostalgisia kaikuja menneilt\u00e4 vuosikymmenilt\u00e4.<\/p>\n","protected":false},"excerpt":{"rendered":"<p>Lahtelaisen Valokuvaamo Kuvakiilan kuvia, jossa kaupunki her\u00e4\u00e4 eloon 1950 luvulta -1970 luvulle. Valokuvissa elet\u00e4\u00e4n keskell\u00e4 arkea, yleis\u00f6tapahtumien py\u00f6rteiss\u00e4, harrastusten \u00e4\u00e4ress\u00e4, sek\u00e4 juhlahumussa. Aikakauden mainoskuvat her\u00e4tt\u00e4v\u00e4t muistoja ja tuovat nostalgisia kaikuja menneilt\u00e4 vuosikymmenilt\u00e4.<\/p>\n","protected":false},"featured_media":35583,"template":"","meta":[],"product_brand":[],"product_cat":[113],"product_tag":[],"class_list":{"0":"post-35586","1":"product","2":"type-product","3":"status-publish","4":"has-post-thumbnail","6":"product_cat-books-1","8":"first","9":"instock","10":"taxable","11":"shipping-taxable","12":"purchasable","13":"product-type-simple"},"_links":{"self":[{"href":"https:\/\/verkkokauppa.lahti.fi\/museokauppa\/wp-json\/wp\/v2\/product\/35586","targetHints":{"allow":["GET"]}}],"collection":[{"href":"https:\/\/verkkokauppa.lahti.fi\/museokauppa\/wp-json\/wp\/v2\/product"}],"about":[{"href":"https:\/\/verkkokauppa.lahti.fi\/museokauppa\/wp-json\/wp\/v2\/types\/product"}],"wp:featuredmedia":[{"embeddable":true,"href":"https:\/\/verkkokauppa.lahti.fi\/museokauppa\/wp-json\/wp\/v2\/media\/35583"}],"wp:attachment":[{"href":"https:\/\/verkkokauppa.lahti.fi\/museokauppa\/wp-json\/wp\/v2\/media?parent=35586"}],"wp:term":[{"taxonomy":"product_brand","embeddable":true,"href":"https:\/\/verkkokauppa.lahti.fi\/museokauppa\/wp-json\/wp\/v2\/product_brand?post=35586"},{"taxonomy":"product_cat","embeddable":true,"href":"https:\/\/verkkokauppa.lahti.fi\/museokauppa\/wp-json\/wp\/v2\/product_cat?post=35586"},{"taxonomy":"product_tag","embeddable":true,"href":"https:\/\/verkkokauppa.lahti.fi\/museokauppa\/wp-json\/wp\/v2\/product_tag?post=35586"}],"curies":[{"name":"wp","href":"https:\/\/api.w.org\/{rel}","templated":true}]}}