{"id":36023,"date":"2026-03-14T00:10:11","date_gmt":"2026-03-13T22:10:11","guid":{"rendered":"https:\/\/verkkokauppa.lahti.fi\/museokauppa\/tuote\/kokoelmakummi-pelikortti-muistikortti\/"},"modified":"2026-03-14T01:00:02","modified_gmt":"2026-03-13T23:00:02","slug":"kokoelmakummi-pelikortti-muistikortti","status":"publish","type":"product","link":"https:\/\/verkkokauppa.lahti.fi\/museokauppa\/tuote\/kokoelmakummi-pelikortti-muistikortti\/","title":{"rendered":"Kokoelmakummi pelikortti\/muistikortti"},"content":{"rendered":"<p>Pakkauksen koko: 6x9cm<\/p>\n<p>Pelikorteissa esiintyv\u00e4t 27 taideteosta kuuluvat Lahden museoille tallenettuun Viipuri-s\u00e4\u00e4ti\u00f6n taidekokoelmaan.<\/p>\n<p>Tue Lahden museoiden kokoelmia ja hanki tekemist\u00e4 vapaa-aikaan! Kokoelmakummi-tuotteita ostamalla osallistut yhteisen taide- ja kulttuuriperint\u00f6mme s\u00e4ilytt\u00e4miseen.<\/p>\n<p>Pelikortin tuotto menee Visuaalisten taiteiden museo Malvan taide- ja julistekokoelmien konservointiin.<\/p>\n<p>Kiitos Kokoelmakummi!\u00a0<\/p>\n<p>Lis\u00e4tietoa\u00a0<a href=\"https:\/\/www.lahdenmuseot.fi\/kokoelmat\/kokoelmakummi\/\">Kokoelmakummiksi!<\/a><\/p>\n<p>\u00a0<\/p>\n","protected":false},"excerpt":{"rendered":"<p>Pakkauksen koko: 6x9cm Pelikorteissa esiintyv\u00e4t 27 taideteosta kuuluvat Lahden museoille tallenettuun Viipuri-s\u00e4\u00e4ti\u00f6n taidekokoelmaan. Tue Lahden museoiden kokoelmia ja hanki tekemist\u00e4 vapaa-aikaan! Kokoelmakummi-tuotteita ostamalla osallistut yhteisen taide- ja kulttuuriperint\u00f6mme s\u00e4ilytt\u00e4miseen. Pelikortin tuotto menee Visuaalisten taiteiden museo Malvan taide- ja julistekokoelmien konservointiin. Kiitos Kokoelmakummi!\u00a0 Lis\u00e4tietoa\u00a0Kokoelmakummiksi! \u00a0<\/p>\n","protected":false},"featured_media":0,"template":"","meta":[],"product_brand":[],"product_cat":[157],"product_tag":[],"class_list":{"0":"post-36023","1":"product","2":"type-product","3":"status-publish","5":"product_cat-kokoelmakummi-tuotteet","7":"first","8":"instock","9":"featured","10":"taxable","11":"shipping-taxable","12":"purchasable","13":"product-type-simple"},"_links":{"self":[{"href":"https:\/\/verkkokauppa.lahti.fi\/museokauppa\/wp-json\/wp\/v2\/product\/36023","targetHints":{"allow":["GET"]}}],"collection":[{"href":"https:\/\/verkkokauppa.lahti.fi\/museokauppa\/wp-json\/wp\/v2\/product"}],"about":[{"href":"https:\/\/verkkokauppa.lahti.fi\/museokauppa\/wp-json\/wp\/v2\/types\/product"}],"wp:attachment":[{"href":"https:\/\/verkkokauppa.lahti.fi\/museokauppa\/wp-json\/wp\/v2\/media?parent=36023"}],"wp:term":[{"taxonomy":"product_brand","embeddable":true,"href":"https:\/\/verkkokauppa.lahti.fi\/museokauppa\/wp-json\/wp\/v2\/product_brand?post=36023"},{"taxonomy":"product_cat","embeddable":true,"href":"https:\/\/verkkokauppa.lahti.fi\/museokauppa\/wp-json\/wp\/v2\/product_cat?post=36023"},{"taxonomy":"product_tag","embeddable":true,"href":"https:\/\/verkkokauppa.lahti.fi\/museokauppa\/wp-json\/wp\/v2\/product_tag?post=36023"}],"curies":[{"name":"wp","href":"https:\/\/api.w.org\/{rel}","templated":true}]}}