{"id":36075,"date":"2026-04-01T21:35:25","date_gmt":"2026-04-01T18:35:25","guid":{"rendered":"https:\/\/verkkokauppa.lahti.fi\/museokauppa\/tuote\/opastus-karim-boumjimar-rakkauden-riitit\/"},"modified":"2026-04-07T10:35:49","modified_gmt":"2026-04-07T07:35:49","slug":"opastus-karim-boumjimar-rakkauden-riitit","status":"publish","type":"product","link":"https:\/\/verkkokauppa.lahti.fi\/museokauppa\/tuote\/opastus-karim-boumjimar-rakkauden-riitit\/","title":{"rendered":"Opastus: Karim Boumjimar &#8211; Rakkauden riitit"},"content":{"rendered":"<p class=\"MsoNormal\">10.4.2026 <span style=\"font-family: 'Cambria Math',serif\">\u2010<\/span> 13.9.2026<\/p>\n<p class=\"MsoNormal\">Opastuksella tutustutaan Karim Boumjimarin taiteen teemoihin ja teoksiin. Teokset ovat voimakkaita ja t\u00e4ynn\u00e4 rituaalista ja aistillista energiaa. Boumjimar tutkii taiteessaan ihmisyytt\u00e4, seksuaalisuuden olemusta ja erilaisten el\u00e4m\u00e4nmuotojen rinnakkaiselon mahdollisuuksia.<\/p>\n<p class=\"MsoNormal\">Opastuksen luonne on keskusteleva ja vuorovaikutukseen perustuva, siksi se on suunnattu aikuisille.<\/p>\n<p class=\"MsoNormal\"><strong>Kesto:<\/strong>\u00a060 minuuttia<br \/><strong>Ryhm\u00e4koko:<\/strong>\u00a0max 20 henkil\u00f6\u00e4<br \/><strong>Kieli: <\/strong>suomi<br \/><strong>Hinta<\/strong>:\u00a0ti-la 120 \u20ac | su 240 \u20ac<br \/>P\u00e4\u00e4syliput eiv\u00e4t sis\u00e4lly opastuksen hintaan. Lippuhinnastomme l\u00f6yd\u00e4t <a href=\"https:\/\/www.malvamuseo.fi\/tule-meille\/paasyliput\/\" target=\"_blank\" rel=\"noopener\">t\u00e4\u00e4lt\u00e4<\/a>.<\/p>\n","protected":false},"excerpt":{"rendered":"<p>10.4.2026 \u2010 13.9.2026 Opastuksella tutustutaan Karim Boumjimarin taiteen teemoihin ja teoksiin. Teokset ovat voimakkaita ja t\u00e4ynn\u00e4 rituaalista ja aistillista energiaa. Boumjimar tutkii taiteessaan ihmisyytt\u00e4, seksuaalisuuden olemusta ja erilaisten el\u00e4m\u00e4nmuotojen rinnakkaiselon mahdollisuuksia. Opastuksen luonne on keskusteleva ja vuorovaikutukseen perustuva, siksi se on suunnattu aikuisille. Kesto:\u00a060 minuuttiaRyhm\u00e4koko:\u00a0max 20 henkil\u00f6\u00e4Kieli: suomiHinta:\u00a0ti-la 120 \u20ac | su 240 \u20acP\u00e4\u00e4syliput eiv\u00e4t [&hellip;]<\/p>\n","protected":false},"featured_media":36068,"template":"","meta":[],"product_brand":[],"product_cat":[170],"product_tag":[],"class_list":{"0":"post-36075","1":"product","2":"type-product","3":"status-publish","4":"has-post-thumbnail","6":"product_cat-suomenkieliset-opastukset","8":"first","9":"instock","10":"virtual","11":"taxable","12":"purchasable","13":"product-type-phive_booking"},"_links":{"self":[{"href":"https:\/\/verkkokauppa.lahti.fi\/museokauppa\/wp-json\/wp\/v2\/product\/36075","targetHints":{"allow":["GET"]}}],"collection":[{"href":"https:\/\/verkkokauppa.lahti.fi\/museokauppa\/wp-json\/wp\/v2\/product"}],"about":[{"href":"https:\/\/verkkokauppa.lahti.fi\/museokauppa\/wp-json\/wp\/v2\/types\/product"}],"wp:featuredmedia":[{"embeddable":true,"href":"https:\/\/verkkokauppa.lahti.fi\/museokauppa\/wp-json\/wp\/v2\/media\/36068"}],"wp:attachment":[{"href":"https:\/\/verkkokauppa.lahti.fi\/museokauppa\/wp-json\/wp\/v2\/media?parent=36075"}],"wp:term":[{"taxonomy":"product_brand","embeddable":true,"href":"https:\/\/verkkokauppa.lahti.fi\/museokauppa\/wp-json\/wp\/v2\/product_brand?post=36075"},{"taxonomy":"product_cat","embeddable":true,"href":"https:\/\/verkkokauppa.lahti.fi\/museokauppa\/wp-json\/wp\/v2\/product_cat?post=36075"},{"taxonomy":"product_tag","embeddable":true,"href":"https:\/\/verkkokauppa.lahti.fi\/museokauppa\/wp-json\/wp\/v2\/product_tag?post=36075"}],"curies":[{"name":"wp","href":"https:\/\/api.w.org\/{rel}","templated":true}]}}