{"id":36205,"date":"2026-05-13T00:10:45","date_gmt":"2026-05-12T21:10:45","guid":{"rendered":"https:\/\/verkkokauppa.lahti.fi\/museokauppa\/tuote\/kultapalmut-show\/"},"modified":"2026-05-13T14:20:25","modified_gmt":"2026-05-13T11:20:25","slug":"kultapalmut-show-2","status":"publish","type":"product","link":"https:\/\/verkkokauppa.lahti.fi\/museokauppa\/tuote\/kultapalmut-show-2\/?lang=en","title":{"rendered":"K\u00e4velyluento: Voiko luontoretken tehd\u00e4 parkkipaikalle? 6.6.2026"},"content":{"rendered":"<p class=\"MsoNormal\">La 6.6. klo 14-16, l\u00e4ht\u00f6 Malvan museokaupalta<\/p>\n<p class=\"MsoNormal\">K\u00e4velyluento kutsuu aistimaan tuttua kaupunkimaisemaa ja katukuvaa pintaa syvemm\u00e4lt\u00e4.\u00a0<\/p>\n<p class=\"MsoNormal\">Mist\u00e4 luonto alkaa ja mihin se loppuu? Voiko luontoretken tehd\u00e4 parkkipaikalle? Mihin tarvitsemme vanhoja rakennuksia? Mit\u00e4 betoni opettaa? Muun muassa n\u00e4it\u00e4 kysymyksi\u00e4 pohditaan Symbioosi-n\u00e4yttelyn oheisohjelmaan kuuluvilla kulttuurintutkija Miina Kaartisen k\u00e4velyluennoilla. K\u00e4velyluennoilla tarkastellaan monitieteisesti kaupunkia ekososiaalisesta n\u00e4k\u00f6kulmasta.<\/p>\n<p class=\"MsoNormal\">Miina Kaartinen on lahtelainen filosofian tohtori, laillistettu sosiaality\u00f6ntekij\u00e4 ja yhdistysaktiivi. H\u00e4n on ty\u00f6ss\u00e4\u00e4n erikoistunut ekososiaaliseen ja yhteis\u00f6perustaiseen teoriaan ja toimintaan. Kulttuurintutkimuksen alaan kuuluvassa v\u00e4it\u00f6skirjassaan \u201dKehkeytyv\u00e4 selviytyminen ja toinen tieto\u201d (Tampereen yliopisto, 2024) Kaartinen tutki selviytymist\u00e4 ja resilienssi\u00e4 kulttuurisesta n\u00e4k\u00f6kulmasta k\u00e4ytt\u00e4en aineistonaan mm. Metsolat-televisiosarjaa ja lahtelaista kaupunkiviljelyprojektia. Vuodesta 2022 alkaen Kaartinen on ty\u00f6skennellyt taidetta, tiedett\u00e4 ja ekologisia kysymyksi\u00e4 yhdist\u00e4v\u00e4n Mustarinda-seuran toiminnanjohtajana.<\/p>\n<p class=\"MsoNormal\">L\u00e4ht\u00f6 Malvan museokaupalta klo 14. Luennon kesto on 2 tuntia ja sen aikana k\u00e4vell\u00e4\u00e4n leppoisaa tahtia noin kahden kilometrin matka v\u00e4lill\u00e4 pys\u00e4hdellen. Luento p\u00e4\u00e4ttyy Malvan museokaupalle. S\u00e4\u00e4nmukainen pukeutuminen. K\u00e4velyluento on suomenkielinen.<\/p>\n<p class=\"MsoNormal\">Suosittelemme vierailemaan Symbioosi-n\u00e4yttelyss\u00e4 ennen k\u00e4velyluentoa tai sen j\u00e4lkeen. Liput Malvan n\u00e4yttelyihin ostetaan erikseen joko verkkokaupasta tai paikan p\u00e4\u00e4lt\u00e4.<\/p>\n<p class=\"MsoNormal\">K\u00e4velyluennon hinta on 10\u20ac \/ henkil\u00f6. Luennolle mahtuu 20 henkil\u00f6\u00e4. Osta paikkasi luennolle verkkokaupasta:<\/p>\n","protected":false},"excerpt":{"rendered":"<p>La 6.6. klo 14-16, l\u00e4ht\u00f6 Malvan museokaupalta K\u00e4velyluento kutsuu aistimaan tuttua kaupunkimaisemaa ja katukuvaa pintaa syvemm\u00e4lt\u00e4.\u00a0 Mist\u00e4 luonto alkaa ja mihin se loppuu? Voiko luontoretken tehd\u00e4 parkkipaikalle? Mihin tarvitsemme vanhoja rakennuksia? Mit\u00e4 betoni opettaa? Muun muassa n\u00e4it\u00e4 kysymyksi\u00e4 pohditaan Symbioosi-n\u00e4yttelyn oheisohjelmaan kuuluvilla kulttuurintutkija Miina Kaartisen k\u00e4velyluennoilla. K\u00e4velyluennoilla tarkastellaan monitieteisesti kaupunkia ekososiaalisesta n\u00e4k\u00f6kulmasta. Miina Kaartinen on [&hellip;]<\/p>\n","protected":false},"featured_media":36215,"template":"","meta":[],"product_brand":[],"product_cat":[85],"product_tag":[],"class_list":{"0":"post-36205","1":"product","2":"type-product","3":"status-publish","4":"has-post-thumbnail","6":"product_cat-events-2","8":"first","9":"instock","10":"virtual","11":"taxable","12":"purchasable","13":"product-type-simple"},"_links":{"self":[{"href":"https:\/\/verkkokauppa.lahti.fi\/museokauppa\/wp-json\/wp\/v2\/product\/36205","targetHints":{"allow":["GET"]}}],"collection":[{"href":"https:\/\/verkkokauppa.lahti.fi\/museokauppa\/wp-json\/wp\/v2\/product"}],"about":[{"href":"https:\/\/verkkokauppa.lahti.fi\/museokauppa\/wp-json\/wp\/v2\/types\/product"}],"wp:featuredmedia":[{"embeddable":true,"href":"https:\/\/verkkokauppa.lahti.fi\/museokauppa\/wp-json\/wp\/v2\/media\/36215"}],"wp:attachment":[{"href":"https:\/\/verkkokauppa.lahti.fi\/museokauppa\/wp-json\/wp\/v2\/media?parent=36205"}],"wp:term":[{"taxonomy":"product_brand","embeddable":true,"href":"https:\/\/verkkokauppa.lahti.fi\/museokauppa\/wp-json\/wp\/v2\/product_brand?post=36205"},{"taxonomy":"product_cat","embeddable":true,"href":"https:\/\/verkkokauppa.lahti.fi\/museokauppa\/wp-json\/wp\/v2\/product_cat?post=36205"},{"taxonomy":"product_tag","embeddable":true,"href":"https:\/\/verkkokauppa.lahti.fi\/museokauppa\/wp-json\/wp\/v2\/product_tag?post=36205"}],"curies":[{"name":"wp","href":"https:\/\/api.w.org\/{rel}","templated":true}]}}