{"id":427,"date":"2022-02-01T10:22:06","date_gmt":"2022-02-01T08:22:06","guid":{"rendered":"https:\/\/verkkokauppa.lahti.fi\/museokauppa\/tuote\/asko-huonekaluja-lahdesta\/"},"modified":"2026-04-26T14:40:06","modified_gmt":"2026-04-26T11:40:06","slug":"asko-huonekaluja-lahdesta","status":"publish","type":"product","link":"https:\/\/verkkokauppa.lahti.fi\/museokauppa\/tuote\/asko-huonekaluja-lahdesta\/","title":{"rendered":"Asko &#8211; Huonekaluja Lahdesta"},"content":{"rendered":"<p>Asko-huonekaluja Lahdesta on laaja kuvateos, joka perustuu museon Askokokoelman valokuva- ja arkistoaineistoon. Kyseess\u00e4 on perusteellinen katsaus suomalaisen kodinsisustuksen historiaan. Kirja on paitsi kertomus er\u00e4\u00e4st\u00e4 lahtelaisesta yrityksest\u00e4 my\u00f6s hakuteos omien perint\u00f6huonekalujensa taustoista kiinnostuneille. Teoksen ovat kirjoittaneet museon kokoelmap\u00e4\u00e4llikk\u00f6 Sari Kainulainen ja tutkija P\u00e4ivi Vickholm. Teoksessa on 400 sivua ja noin 900 kuvaa. Hintaan lis\u00e4t\u00e4\u00e4n toimituskulut.<\/p>\n","protected":false},"excerpt":{"rendered":"<p>Asko-huonekaluja Lahdesta on laaja kuvateos, joka perustuu museon Askokokoelman valokuva- ja arkistoaineistoon. Kyseess\u00e4 on perusteellinen katsaus suomalaisen kodinsisustuksen historiaan. Kirja on paitsi kertomus er\u00e4\u00e4st\u00e4 lahtelaisesta yrityksest\u00e4 my\u00f6s hakuteos omien perint\u00f6huonekalujensa taustoista kiinnostuneille. Teoksen ovat kirjoittaneet museon kokoelmap\u00e4\u00e4llikk\u00f6 Sari Kainulainen ja tutkija P\u00e4ivi Vickholm. Teoksessa on 400 sivua ja noin 900 kuvaa. Hintaan lis\u00e4t\u00e4\u00e4n toimituskulut.<\/p>\n","protected":false},"featured_media":14307,"template":"","meta":[],"product_brand":[],"product_cat":[124],"product_tag":[],"class_list":{"0":"post-427","1":"product","2":"type-product","3":"status-publish","4":"has-post-thumbnail","6":"product_cat-kirjat-0-0-0","8":"first","9":"instock","10":"featured","11":"taxable","12":"shipping-taxable","13":"purchasable","14":"product-type-simple"},"_links":{"self":[{"href":"https:\/\/verkkokauppa.lahti.fi\/museokauppa\/wp-json\/wp\/v2\/product\/427","targetHints":{"allow":["GET"]}}],"collection":[{"href":"https:\/\/verkkokauppa.lahti.fi\/museokauppa\/wp-json\/wp\/v2\/product"}],"about":[{"href":"https:\/\/verkkokauppa.lahti.fi\/museokauppa\/wp-json\/wp\/v2\/types\/product"}],"wp:featuredmedia":[{"embeddable":true,"href":"https:\/\/verkkokauppa.lahti.fi\/museokauppa\/wp-json\/wp\/v2\/media\/14307"}],"wp:attachment":[{"href":"https:\/\/verkkokauppa.lahti.fi\/museokauppa\/wp-json\/wp\/v2\/media?parent=427"}],"wp:term":[{"taxonomy":"product_brand","embeddable":true,"href":"https:\/\/verkkokauppa.lahti.fi\/museokauppa\/wp-json\/wp\/v2\/product_brand?post=427"},{"taxonomy":"product_cat","embeddable":true,"href":"https:\/\/verkkokauppa.lahti.fi\/museokauppa\/wp-json\/wp\/v2\/product_cat?post=427"},{"taxonomy":"product_tag","embeddable":true,"href":"https:\/\/verkkokauppa.lahti.fi\/museokauppa\/wp-json\/wp\/v2\/product_tag?post=427"}],"curies":[{"name":"wp","href":"https:\/\/api.w.org\/{rel}","templated":true}]}}