{"id":7731,"date":"2022-04-20T13:23:17","date_gmt":"2022-04-20T10:23:17","guid":{"rendered":"https:\/\/verkkokauppa.lahti.fi\/museokauppa\/tuote\/opastus-20-min-juuret-aarteita-kokoelmista-nayttelyyn-englanniksi\/"},"modified":"2025-11-17T13:15:33","modified_gmt":"2025-11-17T11:15:33","slug":"opastus-20-min-juuret-aarteita-kokoelmista-nayttelyyn-englanniksi","status":"publish","type":"product","link":"https:\/\/verkkokauppa.lahti.fi\/museokauppa\/tuote\/opastus-20-min-juuret-aarteita-kokoelmista-nayttelyyn-englanniksi\/","title":{"rendered":"Intro Juuret &#8211; Aarteita kokoelmista -n\u00e4yttelyyn ENGLANNIKSI"},"content":{"rendered":"<p>T\u00e4m\u00e4 opastus on englanniksi. Ryhm\u00e4koko max. 30 henkil\u00f6\u00e4.\u00a0<\/p>\n<p>Opastushintaan ei sis\u00e4lly osallistujien p\u00e4\u00e4syliput.\u00a0Liput voit ostaa my\u00f6s l\u00e4hemp\u00e4n\u00e4 vierailuajankohtaa joko verkkokaupasta tai museosta.<\/p>\n<p>N\u00e4yttely on avoinna alkaen 29.4.2022.<\/p>\n<ol>\n<li>Valitse vierailup\u00e4iv\u00e4 ja aloitusaika kalenterista.<\/li>\n<li>T\u00e4yt\u00e4 lis\u00e4tietolomake.<\/li>\n<li>Paina Siirry maksamaan -painiketta.<\/li>\n<li>Vierit\u00e4 alas ja paina siirry kassalle.<\/li>\n<li>Maksa varauksesi.<\/li>\n<li>Muista ostaa my\u00f6s p\u00e4\u00e4syliput joko verkkokaupasta tai museosta.<\/li>\n<\/ol>\n","protected":false},"excerpt":{"rendered":"<p>T\u00e4m\u00e4 opastus on englanniksi. Ryhm\u00e4koko max. 30 henkil\u00f6\u00e4.\u00a0 Opastushintaan ei sis\u00e4lly osallistujien p\u00e4\u00e4syliput.\u00a0Liput voit ostaa my\u00f6s l\u00e4hemp\u00e4n\u00e4 vierailuajankohtaa joko verkkokaupasta tai museosta. N\u00e4yttely on avoinna alkaen 29.4.2022. Valitse vierailup\u00e4iv\u00e4 ja aloitusaika kalenterista. T\u00e4yt\u00e4 lis\u00e4tietolomake. Paina Siirry maksamaan -painiketta. Vierit\u00e4 alas ja paina siirry kassalle. Maksa varauksesi. Muista ostaa my\u00f6s p\u00e4\u00e4syliput joko verkkokaupasta tai museosta.<\/p>\n","protected":false},"featured_media":19032,"template":"","meta":[],"product_brand":[],"product_cat":[173],"product_tag":[],"class_list":{"0":"post-7731","1":"product","2":"type-product","3":"status-publish","4":"has-post-thumbnail","6":"product_cat-englanninkieliset-opastukset","8":"first","9":"instock","10":"virtual","11":"sold-individually","12":"taxable","13":"purchasable","14":"product-type-phive_booking"},"_links":{"self":[{"href":"https:\/\/verkkokauppa.lahti.fi\/museokauppa\/wp-json\/wp\/v2\/product\/7731","targetHints":{"allow":["GET"]}}],"collection":[{"href":"https:\/\/verkkokauppa.lahti.fi\/museokauppa\/wp-json\/wp\/v2\/product"}],"about":[{"href":"https:\/\/verkkokauppa.lahti.fi\/museokauppa\/wp-json\/wp\/v2\/types\/product"}],"wp:featuredmedia":[{"embeddable":true,"href":"https:\/\/verkkokauppa.lahti.fi\/museokauppa\/wp-json\/wp\/v2\/media\/19032"}],"wp:attachment":[{"href":"https:\/\/verkkokauppa.lahti.fi\/museokauppa\/wp-json\/wp\/v2\/media?parent=7731"}],"wp:term":[{"taxonomy":"product_brand","embeddable":true,"href":"https:\/\/verkkokauppa.lahti.fi\/museokauppa\/wp-json\/wp\/v2\/product_brand?post=7731"},{"taxonomy":"product_cat","embeddable":true,"href":"https:\/\/verkkokauppa.lahti.fi\/museokauppa\/wp-json\/wp\/v2\/product_cat?post=7731"},{"taxonomy":"product_tag","embeddable":true,"href":"https:\/\/verkkokauppa.lahti.fi\/museokauppa\/wp-json\/wp\/v2\/product_tag?post=7731"}],"curies":[{"name":"wp","href":"https:\/\/api.w.org\/{rel}","templated":true}]}}