{"id":7811,"date":"2022-05-02T12:53:38","date_gmt":"2022-05-02T09:53:38","guid":{"rendered":"https:\/\/verkkokauppa.lahti.fi\/museokauppa\/tuote\/reppu-suloiset-sankarit\/"},"modified":"2025-11-17T13:10:34","modified_gmt":"2025-11-17T11:10:34","slug":"reppu-suloiset-sankarit","status":"publish","type":"product","link":"https:\/\/verkkokauppa.lahti.fi\/museokauppa\/tuote\/reppu-suloiset-sankarit\/","title":{"rendered":"Reppu Suloiset sankarit"},"content":{"rendered":"<p>Monik\u00e4ytt\u00f6inen reppu rPET-materiaalista sopii sek\u00e4 kaupunkiin ett\u00e4 luontoon. Yhden repun valmistamiseen on k\u00e4ytetty 3kpl 0,5 litran pulloa.<\/p>\n<p>Reppu taittuu k\u00e4tev\u00e4sti pieneen kokoon ja se on helppo kuljettaa mukana sen omassa s\u00e4ilytyspussukassa.<\/p>\n<p>Koko: 44x36cm<\/p>\n","protected":false},"excerpt":{"rendered":"<p>Monik\u00e4ytt\u00f6inen reppu rPET-materiaalista sopii sek\u00e4 kaupunkiin ett\u00e4 luontoon. Yhden repun valmistamiseen on k\u00e4ytetty 3kpl 0,5 litran pulloa. Reppu taittuu k\u00e4tev\u00e4sti pieneen kokoon ja se on helppo kuljettaa mukana sen omassa s\u00e4ilytyspussukassa. Koko: 44x36cm<\/p>\n","protected":false},"featured_media":15094,"template":"","meta":[],"product_brand":[],"product_cat":[78],"product_tag":[],"class_list":{"0":"post-7811","1":"product","2":"type-product","3":"status-publish","4":"has-post-thumbnail","6":"product_cat-muut-tuotteet-0","8":"first","9":"instock","10":"featured","11":"taxable","12":"shipping-taxable","13":"purchasable","14":"product-type-simple"},"_links":{"self":[{"href":"https:\/\/verkkokauppa.lahti.fi\/museokauppa\/wp-json\/wp\/v2\/product\/7811","targetHints":{"allow":["GET"]}}],"collection":[{"href":"https:\/\/verkkokauppa.lahti.fi\/museokauppa\/wp-json\/wp\/v2\/product"}],"about":[{"href":"https:\/\/verkkokauppa.lahti.fi\/museokauppa\/wp-json\/wp\/v2\/types\/product"}],"wp:featuredmedia":[{"embeddable":true,"href":"https:\/\/verkkokauppa.lahti.fi\/museokauppa\/wp-json\/wp\/v2\/media\/15094"}],"wp:attachment":[{"href":"https:\/\/verkkokauppa.lahti.fi\/museokauppa\/wp-json\/wp\/v2\/media?parent=7811"}],"wp:term":[{"taxonomy":"product_brand","embeddable":true,"href":"https:\/\/verkkokauppa.lahti.fi\/museokauppa\/wp-json\/wp\/v2\/product_brand?post=7811"},{"taxonomy":"product_cat","embeddable":true,"href":"https:\/\/verkkokauppa.lahti.fi\/museokauppa\/wp-json\/wp\/v2\/product_cat?post=7811"},{"taxonomy":"product_tag","embeddable":true,"href":"https:\/\/verkkokauppa.lahti.fi\/museokauppa\/wp-json\/wp\/v2\/product_tag?post=7811"}],"curies":[{"name":"wp","href":"https:\/\/api.w.org\/{rel}","templated":true}]}}